{"id":96915,"date":"2021-03-03T09:49:39","date_gmt":"2021-03-03T08:49:39","guid":{"rendered":"https:\/\/www.professionalbyfama.com\/prodotto\/mystic-red-boosting-shampoo\/"},"modified":"2024-03-28T17:14:01","modified_gmt":"2024-03-28T16:14:01","slug":"mystic-red-boosting-shampoo","status":"publish","type":"product","link":"https:\/\/www.professionalbyfama.com\/es\/producto\/mystic-red-boosting-shampoo\/","title":{"rendered":"Boosting Shampoo"},"content":{"rendered":"<p>[vc_row row_height_percent=&#8221;0&#8243; override_padding=&#8221;yes&#8221; h_padding=&#8221;2&#8243; top_padding=&#8221;5&#8243; bottom_padding=&#8221;5&#8243; back_color=&#8221;color-wayh&#8221; overlay_alpha=&#8221;100&#8243; gutter_size=&#8221;100&#8243; column_width_percent=&#8221;100&#8243; shift_y=&#8221;0&#8243; z_index=&#8221;0&#8243; style=&#8221;inherited&#8221;][vc_column column_width_percent=&#8221;100&#8243; align_horizontal=&#8221;align_center&#8221; gutter_size=&#8221;3&#8243; style=&#8221;dark&#8221; overlay_alpha=&#8221;50&#8243; shift_x=&#8221;0&#8243; shift_y=&#8221;0&#8243; shift_y_down=&#8221;0&#8243; z_index=&#8221;0&#8243; medium_width=&#8221;0&#8243; mobile_width=&#8221;0&#8243; zoom_width=&#8221;0&#8243; zoom_height=&#8221;0&#8243; width=&#8221;1\/1&#8243;][uncode_slider slider_interval=&#8221;5000&#8243; slider_navspeed=&#8221;1000&#8243;][\/uncode_slider][\/vc_column][\/vc_row][vc_row row_height_percent=&#8221;65&#8243; override_padding=&#8221;yes&#8221; h_padding=&#8221;2&#8243; top_padding=&#8221;5&#8243; bottom_padding=&#8221;5&#8243; overlay_alpha=&#8221;50&#8243; gutter_size=&#8221;3&#8243; column_width_percent=&#8221;100&#8243; shift_y=&#8221;0&#8243; z_index=&#8221;0&#8243; desktop_visibility=&#8221;yes&#8221; medium_visibility=&#8221;yes&#8221; mobile_visibility=&#8221;yes&#8221; shape_dividers=&#8221;&#8221;][vc_column column_width_percent=&#8221;100&#8243; position_vertical=&#8221;middle&#8221; gutter_size=&#8221;5&#8243; overlay_alpha=&#8221;50&#8243; shift_x=&#8221;0&#8243; shift_y=&#8221;0&#8243; shift_y_down=&#8221;0&#8243; z_index=&#8221;0&#8243; medium_width=&#8221;0&#8243; mobile_width=&#8221;0&#8243; width=&#8221;1\/1&#8243;][vc_row_inner row_inner_height_percent=&#8221;0&#8243; overlay_alpha=&#8221;50&#8243; gutter_size=&#8221;4&#8243; shift_y=&#8221;0&#8243; z_index=&#8221;0&#8243;][vc_column_inner column_width_percent=&#8221;100&#8243; align_horizontal=&#8221;align_center&#8221; gutter_size=&#8221;2&#8243; overlay_alpha=&#8221;50&#8243; shift_x=&#8221;0&#8243; shift_y=&#8221;0&#8243; shift_y_down=&#8221;0&#8243; z_index=&#8221;0&#8243; medium_width=&#8221;0&#8243; mobile_width=&#8221;0&#8243; width=&#8221;1\/1&#8243;][vc_empty_space empty_h=&#8221;0&#8243;][vc_custom_heading heading_semantic=&#8221;h3&#8243; text_size=&#8221;fontsize-338686&#8243;]Punti di forza[\/vc_custom_heading][\/vc_column_inner][\/vc_row_inner][vc_row_inner row_inner_height_percent=&#8221;0&#8243; overlay_alpha=&#8221;50&#8243; equal_height=&#8221;yes&#8221; gutter_size=&#8221;3&#8243; shift_y=&#8221;0&#8243; z_index=&#8221;0&#8243;][vc_column_inner column_width_percent=&#8221;100&#8243; position_vertical=&#8221;middle&#8221; gutter_size=&#8221;3&#8243; overlay_alpha=&#8221;50&#8243; shift_x=&#8221;0&#8243; shift_y=&#8221;0&#8243; shift_y_down=&#8221;0&#8243; z_index=&#8221;0&#8243; medium_width=&#8221;0&#8243; mobile_width=&#8221;0&#8243; width=&#8221;1\/3&#8243;][vc_icon position=&#8221;left&#8221; icon=&#8221;fa fa-strategy&#8221; icon_image=&#8221;85558&#8243; icon_color=&#8221;accent&#8221; text_size=&#8221;h5&#8243; text_height=&#8221;fontheight-524109&#8243; css_animation=&#8221;top-t-bottom&#8221; title=&#8221;FORMULA CON ANTI-BATTERICO&#8221;][\/vc_icon][\/vc_column_inner][vc_column_inner column_width_percent=&#8221;100&#8243; position_vertical=&#8221;middle&#8221; gutter_size=&#8221;3&#8243; overlay_alpha=&#8221;50&#8243; shift_x=&#8221;0&#8243; shift_y=&#8221;0&#8243; shift_y_down=&#8221;0&#8243; z_index=&#8221;0&#8243; medium_width=&#8221;0&#8243; mobile_width=&#8221;0&#8243; width=&#8221;1\/3&#8243;][vc_icon position=&#8221;left&#8221; icon=&#8221;fa fa-strategy&#8221; icon_image=&#8221;85570&#8243; icon_color=&#8221;accent&#8221; text_size=&#8221;h5&#8243; text_height=&#8221;fontheight-524109&#8243; css_animation=&#8221;top-t-bottom&#8221; title=&#8221;IDEALE PER PELLI SECCHE E RUVIDE&#8221;][\/vc_icon][\/vc_column_inner][vc_column_inner width=&#8221;1\/3&#8243;][vc_icon position=&#8221;left&#8221; icon=&#8221;fa fa-strategy&#8221; icon_image=&#8221;85576&#8243; icon_color=&#8221;accent&#8221; text_size=&#8221;h5&#8243; text_height=&#8221;fontheight-524109&#8243; css_animation=&#8221;top-t-bottom&#8221; title=&#8221;PRATICO FORMATO DA VIAGGIO, DA PORTARE SEMPRE CON S\u00c8&#8221;][\/vc_icon][\/vc_column_inner][\/vc_row_inner][\/vc_column][\/vc_row]<\/p>\n","protected":false},"excerpt":{"rendered":"<div class=\"page\" title=\"Page 51\">\n<div class=\"layoutArea\">\n<div class=\"column\">\n<div class=\"page\" title=\"Page 51\">\n<div class=\"layoutArea\">\n<div class=\"column\">\n<div class=\"page\" title=\"Page 63\">\n<div class=\"layoutArea\">\n<div class=\"column\">\n<div class=\"page\" title=\"Page 64\">\n<div class=\"layoutArea\">\n<div class=\"column\">\n<div class=\"page\" title=\"Page 65\">\n<div class=\"layoutArea\">\n<div class=\"column\">\n<div class=\"page\" title=\"Page 66\">\n<div class=\"layoutArea\">\n<div class=\"column\">\n<div class=\"page\" title=\"Page 67\">\n<div class=\"section\">\n<div class=\"layoutArea\">\n<div class=\"column\">\n<p><strong>Champ\u00fa para cabellos rojos y cobrizos.<\/strong><\/p>\n<p>Limpia suavemente el cabello y ayuda a prevenir la p\u00e9rdida de color.<\/p>\n<p>Con extracto de Granada y pol\u00edmeros sellantes, limpia delicadamente y ayuda a prevenir la p\u00e9rdida de color.<\/p>\n<p><strong>DERMATOL\u00d3GICAMENTE COMPROBADO<\/strong><\/p>\n<p><strong>Uso:<\/strong> distribuir sobre el cabello h\u00famedo, masajear y enjuagar. Repetir si es necesario.<\/p>\n<\/div>\n<\/div>\n<\/div>\n<\/div>\n<\/div>\n<\/div>\n<\/div>\n<\/div>\n<\/div>\n<\/div>\n<\/div>\n<\/div>\n<\/div>\n<\/div>\n<\/div>\n<\/div>\n<\/div>\n<\/div>\n<\/div>\n<\/div>\n<\/div>\n<\/div>\n","protected":false},"featured_media":96839,"comment_status":"closed","ping_status":"closed","template":"","meta":{"_acf_changed":false},"product_brand":[],"product_cat":[210],"product_tag":[],"class_list":{"0":"post-96915","1":"product","2":"type-product","3":"status-publish","4":"has-post-thumbnail","6":"product_cat-cuidado-del-color-rojo-y-cobre","8":"first","9":"instock","10":"shipping-taxable","11":"product-type-simple"},"acf":[],"yoast_head":"<!-- This site is optimized with the Yoast SEO plugin v25.5 - https:\/\/yoast.com\/wordpress\/plugins\/seo\/ -->\n<title>Champ\u00fa para cabellos rojos y cobrizos | Professional By Fama<\/title>\n<meta name=\"description\" content=\"Con extracto de Granada y pol\u00edmeros sellantes, limpia delicadamente y ayuda a prevenir la p\u00e9rdida de color.\" \/>\n<meta name=\"robots\" content=\"index, follow, max-snippet:-1, max-image-preview:large, max-video-preview:-1\" \/>\n<link rel=\"canonical\" href=\"https:\/\/www.professionalbyfama.com\/es\/producto\/mystic-red-boosting-shampoo\/\" \/>\n<meta property=\"og:locale\" content=\"es_ES\" \/>\n<meta property=\"og:type\" content=\"article\" \/>\n<meta property=\"og:title\" content=\"Champ\u00fa para cabellos rojos y cobrizos | Professional By Fama\" \/>\n<meta property=\"og:description\" content=\"Con extracto de Granada y pol\u00edmeros sellantes, limpia delicadamente y ayuda a prevenir la p\u00e9rdida de color.\" \/>\n<meta property=\"og:url\" content=\"https:\/\/www.professionalbyfama.com\/es\/producto\/mystic-red-boosting-shampoo\/\" \/>\n<meta property=\"og:site_name\" content=\"Professional By Fama\" \/>\n<meta property=\"article:publisher\" content=\"https:\/\/www.facebook.com\/ProfessionalByFamaItaly\/\" \/>\n<meta property=\"article:modified_time\" content=\"2024-03-28T16:14:01+00:00\" \/>\n<meta property=\"og:image\" content=\"https:\/\/www.professionalbyfama.com\/wp-content\/uploads\/2021\/03\/RED-SHAMPOO-300-ml.png\" \/>\n\t<meta property=\"og:image:width\" content=\"1000\" \/>\n\t<meta property=\"og:image:height\" content=\"1000\" \/>\n\t<meta property=\"og:image:type\" content=\"image\/png\" \/>\n<meta name=\"twitter:card\" content=\"summary_large_image\" \/>\n<meta name=\"twitter:site\" content=\"@by_fama\" \/>\n<meta name=\"twitter:label1\" content=\"Est. reading time\" \/>\n\t<meta name=\"twitter:data1\" content=\"1 minute\" \/>\n<script type=\"application\/ld+json\" class=\"yoast-schema-graph\">{\"@context\":\"https:\/\/schema.org\",\"@graph\":[{\"@type\":\"WebPage\",\"@id\":\"https:\/\/www.professionalbyfama.com\/es\/producto\/mystic-red-boosting-shampoo\/\",\"url\":\"https:\/\/www.professionalbyfama.com\/es\/producto\/mystic-red-boosting-shampoo\/\",\"name\":\"Champ\u00fa para cabellos rojos y cobrizos | Professional By Fama\",\"isPartOf\":{\"@id\":\"https:\/\/www.professionalbyfama.com\/#website\"},\"primaryImageOfPage\":{\"@id\":\"https:\/\/www.professionalbyfama.com\/es\/producto\/mystic-red-boosting-shampoo\/#primaryimage\"},\"image\":{\"@id\":\"https:\/\/www.professionalbyfama.com\/es\/producto\/mystic-red-boosting-shampoo\/#primaryimage\"},\"thumbnailUrl\":\"https:\/\/www.professionalbyfama.com\/wp-content\/uploads\/2021\/03\/RED-SHAMPOO-300-ml.png\",\"datePublished\":\"2021-03-03T08:49:39+00:00\",\"dateModified\":\"2024-03-28T16:14:01+00:00\",\"description\":\"Con extracto de Granada y pol\u00edmeros sellantes, limpia delicadamente y ayuda a prevenir la p\u00e9rdida de color.\",\"breadcrumb\":{\"@id\":\"https:\/\/www.professionalbyfama.com\/es\/producto\/mystic-red-boosting-shampoo\/#breadcrumb\"},\"inLanguage\":\"es-ES\",\"potentialAction\":[{\"@type\":\"ReadAction\",\"target\":[\"https:\/\/www.professionalbyfama.com\/es\/producto\/mystic-red-boosting-shampoo\/\"]}]},{\"@type\":\"ImageObject\",\"inLanguage\":\"es-ES\",\"@id\":\"https:\/\/www.professionalbyfama.com\/es\/producto\/mystic-red-boosting-shampoo\/#primaryimage\",\"url\":\"https:\/\/www.professionalbyfama.com\/wp-content\/uploads\/2021\/03\/RED-SHAMPOO-300-ml.png\",\"contentUrl\":\"https:\/\/www.professionalbyfama.com\/wp-content\/uploads\/2021\/03\/RED-SHAMPOO-300-ml.png\",\"width\":1000,\"height\":1000,\"caption\":\"Boosting Shampoo\"},{\"@type\":\"BreadcrumbList\",\"@id\":\"https:\/\/www.professionalbyfama.com\/es\/producto\/mystic-red-boosting-shampoo\/#breadcrumb\",\"itemListElement\":[{\"@type\":\"ListItem\",\"position\":1,\"name\":\"Home\",\"item\":\"https:\/\/www.professionalbyfama.com\/es\/\"},{\"@type\":\"ListItem\",\"position\":2,\"name\":\"Shop\",\"item\":\"https:\/\/www.professionalbyfama.com\/es\/negozio\/\"},{\"@type\":\"ListItem\",\"position\":3,\"name\":\"Boosting Shampoo\"}]},{\"@type\":\"WebSite\",\"@id\":\"https:\/\/www.professionalbyfama.com\/#website\",\"url\":\"https:\/\/www.professionalbyfama.com\/\",\"name\":\"Professional By Fama\",\"description\":\"\",\"publisher\":{\"@id\":\"https:\/\/www.professionalbyfama.com\/#organization\"},\"potentialAction\":[{\"@type\":\"SearchAction\",\"target\":{\"@type\":\"EntryPoint\",\"urlTemplate\":\"https:\/\/www.professionalbyfama.com\/?s={search_term_string}\"},\"query-input\":{\"@type\":\"PropertyValueSpecification\",\"valueRequired\":true,\"valueName\":\"search_term_string\"}}],\"inLanguage\":\"es-ES\"},{\"@type\":\"Organization\",\"@id\":\"https:\/\/www.professionalbyfama.com\/#organization\",\"name\":\"Professional By Fama\",\"url\":\"https:\/\/www.professionalbyfama.com\/\",\"logo\":{\"@type\":\"ImageObject\",\"inLanguage\":\"es-ES\",\"@id\":\"https:\/\/www.professionalbyfama.com\/#\/schema\/logo\/image\/\",\"url\":\"https:\/\/www.professionalbyfama.com\/wp-content\/uploads\/2020\/03\/logo.png\",\"contentUrl\":\"https:\/\/www.professionalbyfama.com\/wp-content\/uploads\/2020\/03\/logo.png\",\"width\":285,\"height\":88,\"caption\":\"Professional By Fama\"},\"image\":{\"@id\":\"https:\/\/www.professionalbyfama.com\/#\/schema\/logo\/image\/\"},\"sameAs\":[\"https:\/\/www.facebook.com\/ProfessionalByFamaItaly\/\",\"https:\/\/x.com\/by_fama\",\"https:\/\/www.instagram.com\/professionalbyfama\/\",\"https:\/\/it.linkedin.com\/company\/professional-by-fama\",\"https:\/\/www.youtube.com\/channel\/UC42gR3dWsu9TM5yjTVJlxdA\"]}]}<\/script>\n<!-- \/ Yoast SEO plugin. -->","yoast_head_json":{"title":"Champ\u00fa para cabellos rojos y cobrizos | Professional By Fama","description":"Con extracto de Granada y pol\u00edmeros sellantes, limpia delicadamente y ayuda a prevenir la p\u00e9rdida de color.","robots":{"index":"index","follow":"follow","max-snippet":"max-snippet:-1","max-image-preview":"max-image-preview:large","max-video-preview":"max-video-preview:-1"},"canonical":"https:\/\/www.professionalbyfama.com\/es\/producto\/mystic-red-boosting-shampoo\/","og_locale":"es_ES","og_type":"article","og_title":"Champ\u00fa para cabellos rojos y cobrizos | Professional By Fama","og_description":"Con extracto de Granada y pol\u00edmeros sellantes, limpia delicadamente y ayuda a prevenir la p\u00e9rdida de color.","og_url":"https:\/\/www.professionalbyfama.com\/es\/producto\/mystic-red-boosting-shampoo\/","og_site_name":"Professional By Fama","article_publisher":"https:\/\/www.facebook.com\/ProfessionalByFamaItaly\/","article_modified_time":"2024-03-28T16:14:01+00:00","og_image":[{"width":1000,"height":1000,"url":"https:\/\/www.professionalbyfama.com\/wp-content\/uploads\/2021\/03\/RED-SHAMPOO-300-ml.png","type":"image\/png"}],"twitter_card":"summary_large_image","twitter_site":"@by_fama","twitter_misc":{"Est. reading time":"1 minute"},"schema":{"@context":"https:\/\/schema.org","@graph":[{"@type":"WebPage","@id":"https:\/\/www.professionalbyfama.com\/es\/producto\/mystic-red-boosting-shampoo\/","url":"https:\/\/www.professionalbyfama.com\/es\/producto\/mystic-red-boosting-shampoo\/","name":"Champ\u00fa para cabellos rojos y cobrizos | Professional By Fama","isPartOf":{"@id":"https:\/\/www.professionalbyfama.com\/#website"},"primaryImageOfPage":{"@id":"https:\/\/www.professionalbyfama.com\/es\/producto\/mystic-red-boosting-shampoo\/#primaryimage"},"image":{"@id":"https:\/\/www.professionalbyfama.com\/es\/producto\/mystic-red-boosting-shampoo\/#primaryimage"},"thumbnailUrl":"https:\/\/www.professionalbyfama.com\/wp-content\/uploads\/2021\/03\/RED-SHAMPOO-300-ml.png","datePublished":"2021-03-03T08:49:39+00:00","dateModified":"2024-03-28T16:14:01+00:00","description":"Con extracto de Granada y pol\u00edmeros sellantes, limpia delicadamente y ayuda a prevenir la p\u00e9rdida de color.","breadcrumb":{"@id":"https:\/\/www.professionalbyfama.com\/es\/producto\/mystic-red-boosting-shampoo\/#breadcrumb"},"inLanguage":"es-ES","potentialAction":[{"@type":"ReadAction","target":["https:\/\/www.professionalbyfama.com\/es\/producto\/mystic-red-boosting-shampoo\/"]}]},{"@type":"ImageObject","inLanguage":"es-ES","@id":"https:\/\/www.professionalbyfama.com\/es\/producto\/mystic-red-boosting-shampoo\/#primaryimage","url":"https:\/\/www.professionalbyfama.com\/wp-content\/uploads\/2021\/03\/RED-SHAMPOO-300-ml.png","contentUrl":"https:\/\/www.professionalbyfama.com\/wp-content\/uploads\/2021\/03\/RED-SHAMPOO-300-ml.png","width":1000,"height":1000,"caption":"Boosting Shampoo"},{"@type":"BreadcrumbList","@id":"https:\/\/www.professionalbyfama.com\/es\/producto\/mystic-red-boosting-shampoo\/#breadcrumb","itemListElement":[{"@type":"ListItem","position":1,"name":"Home","item":"https:\/\/www.professionalbyfama.com\/es\/"},{"@type":"ListItem","position":2,"name":"Shop","item":"https:\/\/www.professionalbyfama.com\/es\/negozio\/"},{"@type":"ListItem","position":3,"name":"Boosting Shampoo"}]},{"@type":"WebSite","@id":"https:\/\/www.professionalbyfama.com\/#website","url":"https:\/\/www.professionalbyfama.com\/","name":"Professional By Fama","description":"","publisher":{"@id":"https:\/\/www.professionalbyfama.com\/#organization"},"potentialAction":[{"@type":"SearchAction","target":{"@type":"EntryPoint","urlTemplate":"https:\/\/www.professionalbyfama.com\/?s={search_term_string}"},"query-input":{"@type":"PropertyValueSpecification","valueRequired":true,"valueName":"search_term_string"}}],"inLanguage":"es-ES"},{"@type":"Organization","@id":"https:\/\/www.professionalbyfama.com\/#organization","name":"Professional By Fama","url":"https:\/\/www.professionalbyfama.com\/","logo":{"@type":"ImageObject","inLanguage":"es-ES","@id":"https:\/\/www.professionalbyfama.com\/#\/schema\/logo\/image\/","url":"https:\/\/www.professionalbyfama.com\/wp-content\/uploads\/2020\/03\/logo.png","contentUrl":"https:\/\/www.professionalbyfama.com\/wp-content\/uploads\/2020\/03\/logo.png","width":285,"height":88,"caption":"Professional By Fama"},"image":{"@id":"https:\/\/www.professionalbyfama.com\/#\/schema\/logo\/image\/"},"sameAs":["https:\/\/www.facebook.com\/ProfessionalByFamaItaly\/","https:\/\/x.com\/by_fama","https:\/\/www.instagram.com\/professionalbyfama\/","https:\/\/it.linkedin.com\/company\/professional-by-fama","https:\/\/www.youtube.com\/channel\/UC42gR3dWsu9TM5yjTVJlxdA"]}]}},"_links":{"self":[{"href":"https:\/\/www.professionalbyfama.com\/es\/wp-json\/wp\/v2\/product\/96915","targetHints":{"allow":["GET"]}}],"collection":[{"href":"https:\/\/www.professionalbyfama.com\/es\/wp-json\/wp\/v2\/product"}],"about":[{"href":"https:\/\/www.professionalbyfama.com\/es\/wp-json\/wp\/v2\/types\/product"}],"replies":[{"embeddable":true,"href":"https:\/\/www.professionalbyfama.com\/es\/wp-json\/wp\/v2\/comments?post=96915"}],"wp:featuredmedia":[{"embeddable":true,"href":"https:\/\/www.professionalbyfama.com\/es\/wp-json\/wp\/v2\/media\/96839"}],"wp:attachment":[{"href":"https:\/\/www.professionalbyfama.com\/es\/wp-json\/wp\/v2\/media?parent=96915"}],"wp:term":[{"taxonomy":"product_brand","embeddable":true,"href":"https:\/\/www.professionalbyfama.com\/es\/wp-json\/wp\/v2\/product_brand?post=96915"},{"taxonomy":"product_cat","embeddable":true,"href":"https:\/\/www.professionalbyfama.com\/es\/wp-json\/wp\/v2\/product_cat?post=96915"},{"taxonomy":"product_tag","embeddable":true,"href":"https:\/\/www.professionalbyfama.com\/es\/wp-json\/wp\/v2\/product_tag?post=96915"}],"curies":[{"name":"wp","href":"https:\/\/api.w.org\/{rel}","templated":true}]}}