{"id":188892,"date":"2025-09-30T15:35:20","date_gmt":"2025-09-30T13:35:20","guid":{"rendered":"https:\/\/www.professionalbyfama.com\/?post_type=product&#038;p=188892"},"modified":"2025-09-30T15:51:58","modified_gmt":"2025-09-30T13:51:58","slug":"like-a-shot","status":"publish","type":"product","link":"https:\/\/www.professionalbyfama.com\/es\/producto\/like-a-shot\/","title":{"rendered":"Like a shot"},"content":{"rendered":"","protected":false},"excerpt":{"rendered":"<h3>CHAMP\u00da SECO BIF\u00c1SICO QUE RECARGA EN UN INSTANTE.<br \/>\nAGITA, PULVERIZA, BOOM: \u00a1CABELLO FRESCO, LIGERO Y LISTO PARA TODO!<\/h3>\n<p>&nbsp;<\/p>\n<p><strong>VENTAJAS<\/strong><\/p>\n<ul style=\"text-transform: uppercase; list-style-type: disc; margin-left: 20px;\">\n<li>ABSORBE EL SEBO Y REVITALIZA EL CABELLO.<\/li>\n<li>VOLUMEN Y FRESCURA AL CABELLO.<\/li>\n<li>CONTROLA Y REDUCE LOS MALOS OLORES.<\/li>\n<\/ul>\n<p><strong>MODO DE USO<br \/>\n<\/strong><b>Agitar siempre bien antes de usar<\/b>. Vaporizar sobre el cabello y secar con secador en aire fr\u00edo si deseas recuperar el peinado, o dejar secar al aire.<\/p>\n<p><b>\u00cdndice de fijaci\u00f3n: 1<br \/>\n<\/b><b>PH 6\u20136.5<br \/>\n<\/b>Frasco 150ml<\/p>\n","protected":false},"featured_media":188904,"comment_status":"closed","ping_status":"closed","template":"","meta":{"_acf_changed":false},"product_brand":[],"product_cat":[331],"product_tag":[],"class_list":{"0":"post-188892","1":"product","2":"type-product","3":"status-publish","4":"has-post-thumbnail","6":"product_cat-senza-categoria-es-2","8":"first","9":"instock","10":"shipping-taxable","11":"product-type-simple"},"acf":[],"yoast_head":"<!-- This site is optimized with the Yoast SEO plugin v25.5 - https:\/\/yoast.com\/wordpress\/plugins\/seo\/ -->\n<title>Like a shot | Professional By Fama<\/title>\n<meta name=\"robots\" content=\"index, follow, max-snippet:-1, max-image-preview:large, max-video-preview:-1\" \/>\n<link rel=\"canonical\" href=\"https:\/\/www.professionalbyfama.com\/es\/producto\/like-a-shot\/\" \/>\n<meta property=\"og:locale\" content=\"es_ES\" \/>\n<meta property=\"og:type\" content=\"article\" \/>\n<meta property=\"og:title\" content=\"Like a shot | Professional By Fama\" \/>\n<meta property=\"og:description\" content=\"CHAMP\u00da SECO BIF\u00c1SICO QUE RECARGA EN UN INSTANTE. AGITA, PULVERIZA, BOOM: \u00a1CABELLO FRESCO, LIGERO Y LISTO PARA TODO! &nbsp;  VENTAJAS   ABSORBE EL SEBO Y REVITALIZA EL CABELLO.  VOLUMEN Y FRESCURA AL CABELLO.  CONTROLA Y REDUCE LOS MALOS OLORES.  MODO DE USO Agitar siempre bien antes de usar. Vaporizar sobre el cabello y secar con secador en aire fr\u00edo si deseas recuperar el peinado, o dejar secar al aire.  \u00cdndice de fijaci\u00f3n: 1 PH 6\u20136.5 Frasco 150ml\" \/>\n<meta property=\"og:url\" content=\"https:\/\/www.professionalbyfama.com\/es\/producto\/like-a-shot\/\" \/>\n<meta property=\"og:site_name\" content=\"Professional By Fama\" \/>\n<meta property=\"article:publisher\" content=\"https:\/\/www.facebook.com\/ProfessionalByFamaItaly\/\" \/>\n<meta property=\"article:modified_time\" content=\"2025-09-30T13:51:58+00:00\" \/>\n<meta property=\"og:image\" content=\"https:\/\/www.professionalbyfama.com\/wp-content\/uploads\/2025\/09\/LIKE-A-SHOT-2.png\" \/>\n\t<meta property=\"og:image:width\" content=\"1200\" \/>\n\t<meta property=\"og:image:height\" content=\"1200\" \/>\n\t<meta property=\"og:image:type\" content=\"image\/png\" \/>\n<meta name=\"twitter:card\" content=\"summary_large_image\" \/>\n<meta name=\"twitter:site\" content=\"@by_fama\" \/>\n<meta name=\"twitter:label1\" content=\"Est. reading time\" \/>\n\t<meta name=\"twitter:data1\" content=\"1 minute\" \/>\n<script type=\"application\/ld+json\" class=\"yoast-schema-graph\">{\"@context\":\"https:\/\/schema.org\",\"@graph\":[{\"@type\":\"WebPage\",\"@id\":\"https:\/\/www.professionalbyfama.com\/es\/producto\/like-a-shot\/\",\"url\":\"https:\/\/www.professionalbyfama.com\/es\/producto\/like-a-shot\/\",\"name\":\"Like a shot | Professional By Fama\",\"isPartOf\":{\"@id\":\"https:\/\/www.professionalbyfama.com\/#website\"},\"primaryImageOfPage\":{\"@id\":\"https:\/\/www.professionalbyfama.com\/es\/producto\/like-a-shot\/#primaryimage\"},\"image\":{\"@id\":\"https:\/\/www.professionalbyfama.com\/es\/producto\/like-a-shot\/#primaryimage\"},\"thumbnailUrl\":\"https:\/\/www.professionalbyfama.com\/wp-content\/uploads\/2025\/09\/LIKE-A-SHOT-2.png\",\"datePublished\":\"2025-09-30T13:35:20+00:00\",\"dateModified\":\"2025-09-30T13:51:58+00:00\",\"breadcrumb\":{\"@id\":\"https:\/\/www.professionalbyfama.com\/es\/producto\/like-a-shot\/#breadcrumb\"},\"inLanguage\":\"es-ES\",\"potentialAction\":[{\"@type\":\"ReadAction\",\"target\":[\"https:\/\/www.professionalbyfama.com\/es\/producto\/like-a-shot\/\"]}]},{\"@type\":\"ImageObject\",\"inLanguage\":\"es-ES\",\"@id\":\"https:\/\/www.professionalbyfama.com\/es\/producto\/like-a-shot\/#primaryimage\",\"url\":\"https:\/\/www.professionalbyfama.com\/wp-content\/uploads\/2025\/09\/LIKE-A-SHOT-2.png\",\"contentUrl\":\"https:\/\/www.professionalbyfama.com\/wp-content\/uploads\/2025\/09\/LIKE-A-SHOT-2.png\",\"width\":1200,\"height\":1200,\"caption\":\"Like a shot\"},{\"@type\":\"BreadcrumbList\",\"@id\":\"https:\/\/www.professionalbyfama.com\/es\/producto\/like-a-shot\/#breadcrumb\",\"itemListElement\":[{\"@type\":\"ListItem\",\"position\":1,\"name\":\"Home\",\"item\":\"https:\/\/www.professionalbyfama.com\/es\/\"},{\"@type\":\"ListItem\",\"position\":2,\"name\":\"Shop\",\"item\":\"https:\/\/www.professionalbyfama.com\/es\/negozio\/\"},{\"@type\":\"ListItem\",\"position\":3,\"name\":\"Like a shot\"}]},{\"@type\":\"WebSite\",\"@id\":\"https:\/\/www.professionalbyfama.com\/#website\",\"url\":\"https:\/\/www.professionalbyfama.com\/\",\"name\":\"Professional By Fama\",\"description\":\"\",\"publisher\":{\"@id\":\"https:\/\/www.professionalbyfama.com\/#organization\"},\"potentialAction\":[{\"@type\":\"SearchAction\",\"target\":{\"@type\":\"EntryPoint\",\"urlTemplate\":\"https:\/\/www.professionalbyfama.com\/?s={search_term_string}\"},\"query-input\":{\"@type\":\"PropertyValueSpecification\",\"valueRequired\":true,\"valueName\":\"search_term_string\"}}],\"inLanguage\":\"es-ES\"},{\"@type\":\"Organization\",\"@id\":\"https:\/\/www.professionalbyfama.com\/#organization\",\"name\":\"Professional By Fama\",\"url\":\"https:\/\/www.professionalbyfama.com\/\",\"logo\":{\"@type\":\"ImageObject\",\"inLanguage\":\"es-ES\",\"@id\":\"https:\/\/www.professionalbyfama.com\/#\/schema\/logo\/image\/\",\"url\":\"https:\/\/www.professionalbyfama.com\/wp-content\/uploads\/2020\/03\/logo.png\",\"contentUrl\":\"https:\/\/www.professionalbyfama.com\/wp-content\/uploads\/2020\/03\/logo.png\",\"width\":285,\"height\":88,\"caption\":\"Professional By Fama\"},\"image\":{\"@id\":\"https:\/\/www.professionalbyfama.com\/#\/schema\/logo\/image\/\"},\"sameAs\":[\"https:\/\/www.facebook.com\/ProfessionalByFamaItaly\/\",\"https:\/\/x.com\/by_fama\",\"https:\/\/www.instagram.com\/professionalbyfama\/\",\"https:\/\/it.linkedin.com\/company\/professional-by-fama\",\"https:\/\/www.youtube.com\/channel\/UC42gR3dWsu9TM5yjTVJlxdA\"]}]}<\/script>\n<!-- \/ Yoast SEO plugin. -->","yoast_head_json":{"title":"Like a shot | Professional By Fama","robots":{"index":"index","follow":"follow","max-snippet":"max-snippet:-1","max-image-preview":"max-image-preview:large","max-video-preview":"max-video-preview:-1"},"canonical":"https:\/\/www.professionalbyfama.com\/es\/producto\/like-a-shot\/","og_locale":"es_ES","og_type":"article","og_title":"Like a shot | Professional By Fama","og_description":"CHAMP\u00da SECO BIF\u00c1SICO QUE RECARGA EN UN INSTANTE. AGITA, PULVERIZA, BOOM: \u00a1CABELLO FRESCO, LIGERO Y LISTO PARA TODO! &nbsp;  VENTAJAS   ABSORBE EL SEBO Y REVITALIZA EL CABELLO.  VOLUMEN Y FRESCURA AL CABELLO.  CONTROLA Y REDUCE LOS MALOS OLORES.  MODO DE USO Agitar siempre bien antes de usar. Vaporizar sobre el cabello y secar con secador en aire fr\u00edo si deseas recuperar el peinado, o dejar secar al aire.  \u00cdndice de fijaci\u00f3n: 1 PH 6\u20136.5 Frasco 150ml","og_url":"https:\/\/www.professionalbyfama.com\/es\/producto\/like-a-shot\/","og_site_name":"Professional By Fama","article_publisher":"https:\/\/www.facebook.com\/ProfessionalByFamaItaly\/","article_modified_time":"2025-09-30T13:51:58+00:00","og_image":[{"width":1200,"height":1200,"url":"https:\/\/www.professionalbyfama.com\/wp-content\/uploads\/2025\/09\/LIKE-A-SHOT-2.png","type":"image\/png"}],"twitter_card":"summary_large_image","twitter_site":"@by_fama","twitter_misc":{"Est. reading time":"1 minute"},"schema":{"@context":"https:\/\/schema.org","@graph":[{"@type":"WebPage","@id":"https:\/\/www.professionalbyfama.com\/es\/producto\/like-a-shot\/","url":"https:\/\/www.professionalbyfama.com\/es\/producto\/like-a-shot\/","name":"Like a shot | Professional By Fama","isPartOf":{"@id":"https:\/\/www.professionalbyfama.com\/#website"},"primaryImageOfPage":{"@id":"https:\/\/www.professionalbyfama.com\/es\/producto\/like-a-shot\/#primaryimage"},"image":{"@id":"https:\/\/www.professionalbyfama.com\/es\/producto\/like-a-shot\/#primaryimage"},"thumbnailUrl":"https:\/\/www.professionalbyfama.com\/wp-content\/uploads\/2025\/09\/LIKE-A-SHOT-2.png","datePublished":"2025-09-30T13:35:20+00:00","dateModified":"2025-09-30T13:51:58+00:00","breadcrumb":{"@id":"https:\/\/www.professionalbyfama.com\/es\/producto\/like-a-shot\/#breadcrumb"},"inLanguage":"es-ES","potentialAction":[{"@type":"ReadAction","target":["https:\/\/www.professionalbyfama.com\/es\/producto\/like-a-shot\/"]}]},{"@type":"ImageObject","inLanguage":"es-ES","@id":"https:\/\/www.professionalbyfama.com\/es\/producto\/like-a-shot\/#primaryimage","url":"https:\/\/www.professionalbyfama.com\/wp-content\/uploads\/2025\/09\/LIKE-A-SHOT-2.png","contentUrl":"https:\/\/www.professionalbyfama.com\/wp-content\/uploads\/2025\/09\/LIKE-A-SHOT-2.png","width":1200,"height":1200,"caption":"Like a shot"},{"@type":"BreadcrumbList","@id":"https:\/\/www.professionalbyfama.com\/es\/producto\/like-a-shot\/#breadcrumb","itemListElement":[{"@type":"ListItem","position":1,"name":"Home","item":"https:\/\/www.professionalbyfama.com\/es\/"},{"@type":"ListItem","position":2,"name":"Shop","item":"https:\/\/www.professionalbyfama.com\/es\/negozio\/"},{"@type":"ListItem","position":3,"name":"Like a shot"}]},{"@type":"WebSite","@id":"https:\/\/www.professionalbyfama.com\/#website","url":"https:\/\/www.professionalbyfama.com\/","name":"Professional By Fama","description":"","publisher":{"@id":"https:\/\/www.professionalbyfama.com\/#organization"},"potentialAction":[{"@type":"SearchAction","target":{"@type":"EntryPoint","urlTemplate":"https:\/\/www.professionalbyfama.com\/?s={search_term_string}"},"query-input":{"@type":"PropertyValueSpecification","valueRequired":true,"valueName":"search_term_string"}}],"inLanguage":"es-ES"},{"@type":"Organization","@id":"https:\/\/www.professionalbyfama.com\/#organization","name":"Professional By Fama","url":"https:\/\/www.professionalbyfama.com\/","logo":{"@type":"ImageObject","inLanguage":"es-ES","@id":"https:\/\/www.professionalbyfama.com\/#\/schema\/logo\/image\/","url":"https:\/\/www.professionalbyfama.com\/wp-content\/uploads\/2020\/03\/logo.png","contentUrl":"https:\/\/www.professionalbyfama.com\/wp-content\/uploads\/2020\/03\/logo.png","width":285,"height":88,"caption":"Professional By Fama"},"image":{"@id":"https:\/\/www.professionalbyfama.com\/#\/schema\/logo\/image\/"},"sameAs":["https:\/\/www.facebook.com\/ProfessionalByFamaItaly\/","https:\/\/x.com\/by_fama","https:\/\/www.instagram.com\/professionalbyfama\/","https:\/\/it.linkedin.com\/company\/professional-by-fama","https:\/\/www.youtube.com\/channel\/UC42gR3dWsu9TM5yjTVJlxdA"]}]}},"_links":{"self":[{"href":"https:\/\/www.professionalbyfama.com\/es\/wp-json\/wp\/v2\/product\/188892","targetHints":{"allow":["GET"]}}],"collection":[{"href":"https:\/\/www.professionalbyfama.com\/es\/wp-json\/wp\/v2\/product"}],"about":[{"href":"https:\/\/www.professionalbyfama.com\/es\/wp-json\/wp\/v2\/types\/product"}],"replies":[{"embeddable":true,"href":"https:\/\/www.professionalbyfama.com\/es\/wp-json\/wp\/v2\/comments?post=188892"}],"wp:featuredmedia":[{"embeddable":true,"href":"https:\/\/www.professionalbyfama.com\/es\/wp-json\/wp\/v2\/media\/188904"}],"wp:attachment":[{"href":"https:\/\/www.professionalbyfama.com\/es\/wp-json\/wp\/v2\/media?parent=188892"}],"wp:term":[{"taxonomy":"product_brand","embeddable":true,"href":"https:\/\/www.professionalbyfama.com\/es\/wp-json\/wp\/v2\/product_brand?post=188892"},{"taxonomy":"product_cat","embeddable":true,"href":"https:\/\/www.professionalbyfama.com\/es\/wp-json\/wp\/v2\/product_cat?post=188892"},{"taxonomy":"product_tag","embeddable":true,"href":"https:\/\/www.professionalbyfama.com\/es\/wp-json\/wp\/v2\/product_tag?post=188892"}],"curies":[{"name":"wp","href":"https:\/\/api.w.org\/{rel}","templated":true}]}}