{"id":183072,"date":"2025-05-30T09:34:22","date_gmt":"2025-05-30T07:34:22","guid":{"rendered":"https:\/\/www.professionalbyfama.com\/?post_type=product&#038;p=183072"},"modified":"2025-06-30T12:06:15","modified_gmt":"2025-06-30T10:06:15","slug":"rebel-space","status":"publish","type":"product","link":"https:\/\/www.professionalbyfama.com\/es\/producto\/rebel-space\/","title":{"rendered":"Rebel space"},"content":{"rendered":"","protected":false},"excerpt":{"rendered":"<h3>POLVO TEXTURIZANTE PARA QUIEN NO QUIERE SEGUIR LAS REGLAS. \u00a1ACABADO MATE, VOLUMEN INSTANT\u00c1NEO Y AGARRE DE REBELDE ESPACIAL!<\/h3>\n<p><img loading=\"lazy\" decoding=\"async\" class=\"alignnone size-full wp-image-174940\" style=\"max-width: 320px; height: 76px; object-position: left center; object-fit: contain;\" src=\"https:\/\/www.professionalbyfama.com\/wp-content\/uploads\/2025\/05\/2-bollini.jpg\" alt=\"\" width=\"1200\" height=\"242\" \/><\/p>\n<p><strong>BENEFICIOS<\/strong><\/p>\n<ul style=\"text-transform: uppercase; list-style-type: disc; margin-left: 20px;\">\n<li>REAPLICABLE HASTA OBTENER LA FIJACI\u00d3N DESEADA.<\/li>\n<li>NO DEJA RESIDUOS VISIBLES EN EL CUERO CABELLUDO NI EN EL CABELLO.<\/li>\n<li>CUERPO Y VOLUMEN INMEDIATO DESDE LA RA\u00cdZ.<\/li>\n<li>F\u00c1CIL DE DISTRIBUIR POR TODO EL CABELLO.<\/li>\n<li>DEFINE LAS FORMAS DEL CORTE.<\/li>\n<li>TEXTURA ULTRALIGERA, EFECTO MATE.<\/li>\n<\/ul>\n<p><strong>MODO DE USO<br \/>\n<\/strong>Aplica en las zonas deseadas y masajea en las ra\u00edces con los dedos, luego frota con las manos sobre las longitudes y puntas.\u00a0 Tipo de cabello: todo tipo de cabello.<\/p>\n<p><b><strong>\u00cdndice de fijaci\u00f3n<\/strong> 4<br \/>\n<\/b>Frasco 7 gr<\/p>\n","protected":false},"featured_media":182361,"comment_status":"closed","ping_status":"closed","template":"","meta":{"_acf_changed":false},"product_brand":[],"product_cat":[316,322],"product_tag":[],"class_list":{"0":"post-183072","1":"product","2":"type-product","3":"status-publish","4":"has-post-thumbnail","6":"product_cat-oh-my-curls-es","7":"product_cat-push-up-es","9":"first","10":"instock","11":"shipping-taxable","12":"product-type-simple"},"acf":[],"yoast_head":"<!-- This site is optimized with the Yoast SEO plugin v25.5 - https:\/\/yoast.com\/wordpress\/plugins\/seo\/ -->\n<title>Rebel space | Professional By Fama<\/title>\n<meta name=\"robots\" content=\"index, follow, max-snippet:-1, max-image-preview:large, max-video-preview:-1\" \/>\n<link rel=\"canonical\" href=\"https:\/\/www.professionalbyfama.com\/es\/producto\/rebel-space\/\" \/>\n<meta property=\"og:locale\" content=\"es_ES\" \/>\n<meta property=\"og:type\" content=\"article\" \/>\n<meta property=\"og:title\" content=\"Rebel space | Professional By Fama\" \/>\n<meta property=\"og:description\" content=\"POLVO TEXTURIZANTE PARA QUIEN NO QUIERE SEGUIR LAS REGLAS. \u00a1ACABADO MATE, VOLUMEN INSTANT\u00c1NEO Y AGARRE DE REBELDE ESPACIAL!   BENEFICIOS   REAPLICABLE HASTA OBTENER LA FIJACI\u00d3N DESEADA.  NO DEJA RESIDUOS VISIBLES EN EL CUERO CABELLUDO NI EN EL CABELLO.  CUERPO Y VOLUMEN INMEDIATO DESDE LA RA\u00cdZ.  F\u00c1CIL DE DISTRIBUIR POR TODO EL CABELLO.  DEFINE LAS FORMAS DEL CORTE.  TEXTURA ULTRALIGERA, EFECTO MATE.  MODO DE USO Aplica en las zonas deseadas y masajea en las ra\u00edces con los dedos, luego frota con las manos sobre las longitudes y puntas.\u00a0 Tipo de cabello: todo tipo de cabello.  \u00cdndice de fijaci\u00f3n 4 Frasco 7 gr\" \/>\n<meta property=\"og:url\" content=\"https:\/\/www.professionalbyfama.com\/es\/producto\/rebel-space\/\" \/>\n<meta property=\"og:site_name\" content=\"Professional By Fama\" \/>\n<meta property=\"article:publisher\" content=\"https:\/\/www.facebook.com\/ProfessionalByFamaItaly\/\" \/>\n<meta property=\"article:modified_time\" content=\"2025-06-30T10:06:15+00:00\" \/>\n<meta property=\"og:image\" content=\"https:\/\/www.professionalbyfama.com\/wp-content\/uploads\/2025\/05\/REBEL-SPACE.png\" \/>\n\t<meta property=\"og:image:width\" content=\"1200\" \/>\n\t<meta property=\"og:image:height\" content=\"1200\" \/>\n\t<meta property=\"og:image:type\" content=\"image\/png\" \/>\n<meta name=\"twitter:card\" content=\"summary_large_image\" \/>\n<meta name=\"twitter:site\" content=\"@by_fama\" \/>\n<meta name=\"twitter:label1\" content=\"Est. reading time\" \/>\n\t<meta name=\"twitter:data1\" content=\"1 minute\" \/>\n<script type=\"application\/ld+json\" class=\"yoast-schema-graph\">{\"@context\":\"https:\/\/schema.org\",\"@graph\":[{\"@type\":\"WebPage\",\"@id\":\"https:\/\/www.professionalbyfama.com\/es\/producto\/rebel-space\/\",\"url\":\"https:\/\/www.professionalbyfama.com\/es\/producto\/rebel-space\/\",\"name\":\"Rebel space | Professional By Fama\",\"isPartOf\":{\"@id\":\"https:\/\/www.professionalbyfama.com\/#website\"},\"primaryImageOfPage\":{\"@id\":\"https:\/\/www.professionalbyfama.com\/es\/producto\/rebel-space\/#primaryimage\"},\"image\":{\"@id\":\"https:\/\/www.professionalbyfama.com\/es\/producto\/rebel-space\/#primaryimage\"},\"thumbnailUrl\":\"https:\/\/www.professionalbyfama.com\/wp-content\/uploads\/2025\/05\/REBEL-SPACE.png\",\"datePublished\":\"2025-05-30T07:34:22+00:00\",\"dateModified\":\"2025-06-30T10:06:15+00:00\",\"breadcrumb\":{\"@id\":\"https:\/\/www.professionalbyfama.com\/es\/producto\/rebel-space\/#breadcrumb\"},\"inLanguage\":\"es-ES\",\"potentialAction\":[{\"@type\":\"ReadAction\",\"target\":[\"https:\/\/www.professionalbyfama.com\/es\/producto\/rebel-space\/\"]}]},{\"@type\":\"ImageObject\",\"inLanguage\":\"es-ES\",\"@id\":\"https:\/\/www.professionalbyfama.com\/es\/producto\/rebel-space\/#primaryimage\",\"url\":\"https:\/\/www.professionalbyfama.com\/wp-content\/uploads\/2025\/05\/REBEL-SPACE.png\",\"contentUrl\":\"https:\/\/www.professionalbyfama.com\/wp-content\/uploads\/2025\/05\/REBEL-SPACE.png\",\"width\":1200,\"height\":1200,\"caption\":\"Rebel space\"},{\"@type\":\"BreadcrumbList\",\"@id\":\"https:\/\/www.professionalbyfama.com\/es\/producto\/rebel-space\/#breadcrumb\",\"itemListElement\":[{\"@type\":\"ListItem\",\"position\":1,\"name\":\"Home\",\"item\":\"https:\/\/www.professionalbyfama.com\/es\/\"},{\"@type\":\"ListItem\",\"position\":2,\"name\":\"Shop\",\"item\":\"https:\/\/www.professionalbyfama.com\/es\/negozio\/\"},{\"@type\":\"ListItem\",\"position\":3,\"name\":\"Rebel space\"}]},{\"@type\":\"WebSite\",\"@id\":\"https:\/\/www.professionalbyfama.com\/#website\",\"url\":\"https:\/\/www.professionalbyfama.com\/\",\"name\":\"Professional By Fama\",\"description\":\"\",\"publisher\":{\"@id\":\"https:\/\/www.professionalbyfama.com\/#organization\"},\"potentialAction\":[{\"@type\":\"SearchAction\",\"target\":{\"@type\":\"EntryPoint\",\"urlTemplate\":\"https:\/\/www.professionalbyfama.com\/?s={search_term_string}\"},\"query-input\":{\"@type\":\"PropertyValueSpecification\",\"valueRequired\":true,\"valueName\":\"search_term_string\"}}],\"inLanguage\":\"es-ES\"},{\"@type\":\"Organization\",\"@id\":\"https:\/\/www.professionalbyfama.com\/#organization\",\"name\":\"Professional By Fama\",\"url\":\"https:\/\/www.professionalbyfama.com\/\",\"logo\":{\"@type\":\"ImageObject\",\"inLanguage\":\"es-ES\",\"@id\":\"https:\/\/www.professionalbyfama.com\/#\/schema\/logo\/image\/\",\"url\":\"https:\/\/www.professionalbyfama.com\/wp-content\/uploads\/2020\/03\/logo.png\",\"contentUrl\":\"https:\/\/www.professionalbyfama.com\/wp-content\/uploads\/2020\/03\/logo.png\",\"width\":285,\"height\":88,\"caption\":\"Professional By Fama\"},\"image\":{\"@id\":\"https:\/\/www.professionalbyfama.com\/#\/schema\/logo\/image\/\"},\"sameAs\":[\"https:\/\/www.facebook.com\/ProfessionalByFamaItaly\/\",\"https:\/\/x.com\/by_fama\",\"https:\/\/www.instagram.com\/professionalbyfama\/\",\"https:\/\/it.linkedin.com\/company\/professional-by-fama\",\"https:\/\/www.youtube.com\/channel\/UC42gR3dWsu9TM5yjTVJlxdA\"]}]}<\/script>\n<!-- \/ Yoast SEO plugin. -->","yoast_head_json":{"title":"Rebel space | Professional By Fama","robots":{"index":"index","follow":"follow","max-snippet":"max-snippet:-1","max-image-preview":"max-image-preview:large","max-video-preview":"max-video-preview:-1"},"canonical":"https:\/\/www.professionalbyfama.com\/es\/producto\/rebel-space\/","og_locale":"es_ES","og_type":"article","og_title":"Rebel space | Professional By Fama","og_description":"POLVO TEXTURIZANTE PARA QUIEN NO QUIERE SEGUIR LAS REGLAS. \u00a1ACABADO MATE, VOLUMEN INSTANT\u00c1NEO Y AGARRE DE REBELDE ESPACIAL!   BENEFICIOS   REAPLICABLE HASTA OBTENER LA FIJACI\u00d3N DESEADA.  NO DEJA RESIDUOS VISIBLES EN EL CUERO CABELLUDO NI EN EL CABELLO.  CUERPO Y VOLUMEN INMEDIATO DESDE LA RA\u00cdZ.  F\u00c1CIL DE DISTRIBUIR POR TODO EL CABELLO.  DEFINE LAS FORMAS DEL CORTE.  TEXTURA ULTRALIGERA, EFECTO MATE.  MODO DE USO Aplica en las zonas deseadas y masajea en las ra\u00edces con los dedos, luego frota con las manos sobre las longitudes y puntas.\u00a0 Tipo de cabello: todo tipo de cabello.  \u00cdndice de fijaci\u00f3n 4 Frasco 7 gr","og_url":"https:\/\/www.professionalbyfama.com\/es\/producto\/rebel-space\/","og_site_name":"Professional By Fama","article_publisher":"https:\/\/www.facebook.com\/ProfessionalByFamaItaly\/","article_modified_time":"2025-06-30T10:06:15+00:00","og_image":[{"width":1200,"height":1200,"url":"https:\/\/www.professionalbyfama.com\/wp-content\/uploads\/2025\/05\/REBEL-SPACE.png","type":"image\/png"}],"twitter_card":"summary_large_image","twitter_site":"@by_fama","twitter_misc":{"Est. reading time":"1 minute"},"schema":{"@context":"https:\/\/schema.org","@graph":[{"@type":"WebPage","@id":"https:\/\/www.professionalbyfama.com\/es\/producto\/rebel-space\/","url":"https:\/\/www.professionalbyfama.com\/es\/producto\/rebel-space\/","name":"Rebel space | Professional By Fama","isPartOf":{"@id":"https:\/\/www.professionalbyfama.com\/#website"},"primaryImageOfPage":{"@id":"https:\/\/www.professionalbyfama.com\/es\/producto\/rebel-space\/#primaryimage"},"image":{"@id":"https:\/\/www.professionalbyfama.com\/es\/producto\/rebel-space\/#primaryimage"},"thumbnailUrl":"https:\/\/www.professionalbyfama.com\/wp-content\/uploads\/2025\/05\/REBEL-SPACE.png","datePublished":"2025-05-30T07:34:22+00:00","dateModified":"2025-06-30T10:06:15+00:00","breadcrumb":{"@id":"https:\/\/www.professionalbyfama.com\/es\/producto\/rebel-space\/#breadcrumb"},"inLanguage":"es-ES","potentialAction":[{"@type":"ReadAction","target":["https:\/\/www.professionalbyfama.com\/es\/producto\/rebel-space\/"]}]},{"@type":"ImageObject","inLanguage":"es-ES","@id":"https:\/\/www.professionalbyfama.com\/es\/producto\/rebel-space\/#primaryimage","url":"https:\/\/www.professionalbyfama.com\/wp-content\/uploads\/2025\/05\/REBEL-SPACE.png","contentUrl":"https:\/\/www.professionalbyfama.com\/wp-content\/uploads\/2025\/05\/REBEL-SPACE.png","width":1200,"height":1200,"caption":"Rebel space"},{"@type":"BreadcrumbList","@id":"https:\/\/www.professionalbyfama.com\/es\/producto\/rebel-space\/#breadcrumb","itemListElement":[{"@type":"ListItem","position":1,"name":"Home","item":"https:\/\/www.professionalbyfama.com\/es\/"},{"@type":"ListItem","position":2,"name":"Shop","item":"https:\/\/www.professionalbyfama.com\/es\/negozio\/"},{"@type":"ListItem","position":3,"name":"Rebel space"}]},{"@type":"WebSite","@id":"https:\/\/www.professionalbyfama.com\/#website","url":"https:\/\/www.professionalbyfama.com\/","name":"Professional By Fama","description":"","publisher":{"@id":"https:\/\/www.professionalbyfama.com\/#organization"},"potentialAction":[{"@type":"SearchAction","target":{"@type":"EntryPoint","urlTemplate":"https:\/\/www.professionalbyfama.com\/?s={search_term_string}"},"query-input":{"@type":"PropertyValueSpecification","valueRequired":true,"valueName":"search_term_string"}}],"inLanguage":"es-ES"},{"@type":"Organization","@id":"https:\/\/www.professionalbyfama.com\/#organization","name":"Professional By Fama","url":"https:\/\/www.professionalbyfama.com\/","logo":{"@type":"ImageObject","inLanguage":"es-ES","@id":"https:\/\/www.professionalbyfama.com\/#\/schema\/logo\/image\/","url":"https:\/\/www.professionalbyfama.com\/wp-content\/uploads\/2020\/03\/logo.png","contentUrl":"https:\/\/www.professionalbyfama.com\/wp-content\/uploads\/2020\/03\/logo.png","width":285,"height":88,"caption":"Professional By Fama"},"image":{"@id":"https:\/\/www.professionalbyfama.com\/#\/schema\/logo\/image\/"},"sameAs":["https:\/\/www.facebook.com\/ProfessionalByFamaItaly\/","https:\/\/x.com\/by_fama","https:\/\/www.instagram.com\/professionalbyfama\/","https:\/\/it.linkedin.com\/company\/professional-by-fama","https:\/\/www.youtube.com\/channel\/UC42gR3dWsu9TM5yjTVJlxdA"]}]}},"_links":{"self":[{"href":"https:\/\/www.professionalbyfama.com\/es\/wp-json\/wp\/v2\/product\/183072","targetHints":{"allow":["GET"]}}],"collection":[{"href":"https:\/\/www.professionalbyfama.com\/es\/wp-json\/wp\/v2\/product"}],"about":[{"href":"https:\/\/www.professionalbyfama.com\/es\/wp-json\/wp\/v2\/types\/product"}],"replies":[{"embeddable":true,"href":"https:\/\/www.professionalbyfama.com\/es\/wp-json\/wp\/v2\/comments?post=183072"}],"wp:featuredmedia":[{"embeddable":true,"href":"https:\/\/www.professionalbyfama.com\/es\/wp-json\/wp\/v2\/media\/182361"}],"wp:attachment":[{"href":"https:\/\/www.professionalbyfama.com\/es\/wp-json\/wp\/v2\/media?parent=183072"}],"wp:term":[{"taxonomy":"product_brand","embeddable":true,"href":"https:\/\/www.professionalbyfama.com\/es\/wp-json\/wp\/v2\/product_brand?post=183072"},{"taxonomy":"product_cat","embeddable":true,"href":"https:\/\/www.professionalbyfama.com\/es\/wp-json\/wp\/v2\/product_cat?post=183072"},{"taxonomy":"product_tag","embeddable":true,"href":"https:\/\/www.professionalbyfama.com\/es\/wp-json\/wp\/v2\/product_tag?post=183072"}],"curies":[{"name":"wp","href":"https:\/\/api.w.org\/{rel}","templated":true}]}}