{"id":182700,"date":"2025-05-29T16:34:02","date_gmt":"2025-05-29T14:34:02","guid":{"rendered":"https:\/\/www.professionalbyfama.com\/?post_type=product&#038;p=182700"},"modified":"2025-06-10T12:21:28","modified_gmt":"2025-06-10T10:21:28","slug":"yo-yo-curls","status":"publish","type":"product","link":"https:\/\/www.professionalbyfama.com\/es\/producto\/yo-yo-curls\/","title":{"rendered":"Yo-Yo Curls!"},"content":{"rendered":"","protected":false},"excerpt":{"rendered":"<h3>\u00a1LA CREMA QUE HACE REBOTAR LOS RIZOS! DEFINE Y DA FORMA A LA TEXTURA DEL CABELLO RIZADO Y ONDULADO. \u00a1ADI\u00d3S ENCRESPAMIENTO, HOLA LIBERTAD!<\/h3>\n<p><img loading=\"lazy\" decoding=\"async\" class=\"alignnone size-full wp-image-174940\" style=\"max-width: 320px; height: 76px; object-position: left center; object-fit: contain;\" src=\"https:\/\/www.professionalbyfama.com\/wp-content\/uploads\/2025\/05\/4-bollini.jpg\" alt=\"\" width=\"1200\" height=\"242\" \/><\/p>\n<p><strong>BENEFICIOS<\/strong><\/p>\n<ul style=\"text-transform: uppercase; list-style-type: disc; margin-left: 20px;\">\n<li>DEFINICI\u00d3N EXTRA.<\/li>\n<li>BRILLO AUT\u00c9NTICO.<\/li>\n<li>NO RESECA EL CABELLO, NO DEJA RESIDUOS.<\/li>\n<li>CONTROLA EL ENCRESPAMIENTO.<\/li>\n<li>EFECTO MEMORIA, SE PUEDE REFRESCAR AL D\u00cdA SIGUIENTE.<\/li>\n<li>REAPLICABLE, PERMITE CAMBIAR LA FORMA.<\/li>\n<\/ul>\n<p><strong>MODO DE USO<br \/>\n<\/strong>Applica in modo uniforme sui capelli umidi, asciuga naturalmente o con phon\/diffusore. Ideale per capelli ricci e mossi.<\/p>\n<p><b><strong>\u00cdndice de fijaci\u00f3n<\/strong> 4<br \/>\n<\/b><b>PH 5.3-5.8<br \/>\n<\/b>Frasco 150 ml<\/p>\n","protected":false},"featured_media":182614,"comment_status":"closed","ping_status":"closed","template":"","meta":{"_acf_changed":false},"product_brand":[],"product_cat":[321],"product_tag":[],"class_list":{"0":"post-182700","1":"product","2":"type-product","3":"status-publish","4":"has-post-thumbnail","6":"product_cat-yo-yo-curls-es","8":"first","9":"instock","10":"shipping-taxable","11":"product-type-simple"},"acf":[],"yoast_head":"<!-- This site is optimized with the Yoast SEO plugin v25.5 - https:\/\/yoast.com\/wordpress\/plugins\/seo\/ -->\n<title>Yo-Yo Curls! | Professional By Fama<\/title>\n<meta name=\"robots\" content=\"index, follow, max-snippet:-1, max-image-preview:large, max-video-preview:-1\" \/>\n<link rel=\"canonical\" href=\"https:\/\/www.professionalbyfama.com\/es\/producto\/yo-yo-curls\/\" \/>\n<meta property=\"og:locale\" content=\"es_ES\" \/>\n<meta property=\"og:type\" content=\"article\" \/>\n<meta property=\"og:title\" content=\"Yo-Yo Curls! | Professional By Fama\" \/>\n<meta property=\"og:description\" content=\"\u00a1LA CREMA QUE HACE REBOTAR LOS RIZOS! DEFINE Y DA FORMA A LA TEXTURA DEL CABELLO RIZADO Y ONDULADO. \u00a1ADI\u00d3S ENCRESPAMIENTO, HOLA LIBERTAD!   BENEFICIOS   DEFINICI\u00d3N EXTRA.  BRILLO AUT\u00c9NTICO.  NO RESECA EL CABELLO, NO DEJA RESIDUOS.  CONTROLA EL ENCRESPAMIENTO.  EFECTO MEMORIA, SE PUEDE REFRESCAR AL D\u00cdA SIGUIENTE.  REAPLICABLE, PERMITE CAMBIAR LA FORMA.  MODO DE USO Applica in modo uniforme sui capelli umidi, asciuga naturalmente o con phon\/diffusore. Ideale per capelli ricci e mossi.  \u00cdndice de fijaci\u00f3n 4 PH 5.3-5.8 Frasco 150 ml\" \/>\n<meta property=\"og:url\" content=\"https:\/\/www.professionalbyfama.com\/es\/producto\/yo-yo-curls\/\" \/>\n<meta property=\"og:site_name\" content=\"Professional By Fama\" \/>\n<meta property=\"article:publisher\" content=\"https:\/\/www.facebook.com\/ProfessionalByFamaItaly\/\" \/>\n<meta property=\"article:modified_time\" content=\"2025-06-10T10:21:28+00:00\" \/>\n<meta property=\"og:image\" content=\"https:\/\/www.professionalbyfama.com\/wp-content\/uploads\/2025\/05\/YO-YO-CURLS.png\" \/>\n\t<meta property=\"og:image:width\" content=\"1200\" \/>\n\t<meta property=\"og:image:height\" content=\"1200\" \/>\n\t<meta property=\"og:image:type\" content=\"image\/png\" \/>\n<meta name=\"twitter:card\" content=\"summary_large_image\" \/>\n<meta name=\"twitter:site\" content=\"@by_fama\" \/>\n<meta name=\"twitter:label1\" content=\"Est. reading time\" \/>\n\t<meta name=\"twitter:data1\" content=\"1 minute\" \/>\n<script type=\"application\/ld+json\" class=\"yoast-schema-graph\">{\"@context\":\"https:\/\/schema.org\",\"@graph\":[{\"@type\":\"WebPage\",\"@id\":\"https:\/\/www.professionalbyfama.com\/es\/producto\/yo-yo-curls\/\",\"url\":\"https:\/\/www.professionalbyfama.com\/es\/producto\/yo-yo-curls\/\",\"name\":\"Yo-Yo Curls! | Professional By Fama\",\"isPartOf\":{\"@id\":\"https:\/\/www.professionalbyfama.com\/#website\"},\"primaryImageOfPage\":{\"@id\":\"https:\/\/www.professionalbyfama.com\/es\/producto\/yo-yo-curls\/#primaryimage\"},\"image\":{\"@id\":\"https:\/\/www.professionalbyfama.com\/es\/producto\/yo-yo-curls\/#primaryimage\"},\"thumbnailUrl\":\"https:\/\/www.professionalbyfama.com\/wp-content\/uploads\/2025\/05\/YO-YO-CURLS.png\",\"datePublished\":\"2025-05-29T14:34:02+00:00\",\"dateModified\":\"2025-06-10T10:21:28+00:00\",\"breadcrumb\":{\"@id\":\"https:\/\/www.professionalbyfama.com\/es\/producto\/yo-yo-curls\/#breadcrumb\"},\"inLanguage\":\"es-ES\",\"potentialAction\":[{\"@type\":\"ReadAction\",\"target\":[\"https:\/\/www.professionalbyfama.com\/es\/producto\/yo-yo-curls\/\"]}]},{\"@type\":\"ImageObject\",\"inLanguage\":\"es-ES\",\"@id\":\"https:\/\/www.professionalbyfama.com\/es\/producto\/yo-yo-curls\/#primaryimage\",\"url\":\"https:\/\/www.professionalbyfama.com\/wp-content\/uploads\/2025\/05\/YO-YO-CURLS.png\",\"contentUrl\":\"https:\/\/www.professionalbyfama.com\/wp-content\/uploads\/2025\/05\/YO-YO-CURLS.png\",\"width\":1200,\"height\":1200,\"caption\":\"Yo-Yo Curls!\"},{\"@type\":\"BreadcrumbList\",\"@id\":\"https:\/\/www.professionalbyfama.com\/es\/producto\/yo-yo-curls\/#breadcrumb\",\"itemListElement\":[{\"@type\":\"ListItem\",\"position\":1,\"name\":\"Home\",\"item\":\"https:\/\/www.professionalbyfama.com\/es\/\"},{\"@type\":\"ListItem\",\"position\":2,\"name\":\"Shop\",\"item\":\"https:\/\/www.professionalbyfama.com\/es\/negozio\/\"},{\"@type\":\"ListItem\",\"position\":3,\"name\":\"Yo-Yo Curls!\"}]},{\"@type\":\"WebSite\",\"@id\":\"https:\/\/www.professionalbyfama.com\/#website\",\"url\":\"https:\/\/www.professionalbyfama.com\/\",\"name\":\"Professional By Fama\",\"description\":\"\",\"publisher\":{\"@id\":\"https:\/\/www.professionalbyfama.com\/#organization\"},\"potentialAction\":[{\"@type\":\"SearchAction\",\"target\":{\"@type\":\"EntryPoint\",\"urlTemplate\":\"https:\/\/www.professionalbyfama.com\/?s={search_term_string}\"},\"query-input\":{\"@type\":\"PropertyValueSpecification\",\"valueRequired\":true,\"valueName\":\"search_term_string\"}}],\"inLanguage\":\"es-ES\"},{\"@type\":\"Organization\",\"@id\":\"https:\/\/www.professionalbyfama.com\/#organization\",\"name\":\"Professional By Fama\",\"url\":\"https:\/\/www.professionalbyfama.com\/\",\"logo\":{\"@type\":\"ImageObject\",\"inLanguage\":\"es-ES\",\"@id\":\"https:\/\/www.professionalbyfama.com\/#\/schema\/logo\/image\/\",\"url\":\"https:\/\/www.professionalbyfama.com\/wp-content\/uploads\/2020\/03\/logo.png\",\"contentUrl\":\"https:\/\/www.professionalbyfama.com\/wp-content\/uploads\/2020\/03\/logo.png\",\"width\":285,\"height\":88,\"caption\":\"Professional By Fama\"},\"image\":{\"@id\":\"https:\/\/www.professionalbyfama.com\/#\/schema\/logo\/image\/\"},\"sameAs\":[\"https:\/\/www.facebook.com\/ProfessionalByFamaItaly\/\",\"https:\/\/x.com\/by_fama\",\"https:\/\/www.instagram.com\/professionalbyfama\/\",\"https:\/\/it.linkedin.com\/company\/professional-by-fama\",\"https:\/\/www.youtube.com\/channel\/UC42gR3dWsu9TM5yjTVJlxdA\"]}]}<\/script>\n<!-- \/ Yoast SEO plugin. -->","yoast_head_json":{"title":"Yo-Yo Curls! | Professional By Fama","robots":{"index":"index","follow":"follow","max-snippet":"max-snippet:-1","max-image-preview":"max-image-preview:large","max-video-preview":"max-video-preview:-1"},"canonical":"https:\/\/www.professionalbyfama.com\/es\/producto\/yo-yo-curls\/","og_locale":"es_ES","og_type":"article","og_title":"Yo-Yo Curls! | Professional By Fama","og_description":"\u00a1LA CREMA QUE HACE REBOTAR LOS RIZOS! DEFINE Y DA FORMA A LA TEXTURA DEL CABELLO RIZADO Y ONDULADO. \u00a1ADI\u00d3S ENCRESPAMIENTO, HOLA LIBERTAD!   BENEFICIOS   DEFINICI\u00d3N EXTRA.  BRILLO AUT\u00c9NTICO.  NO RESECA EL CABELLO, NO DEJA RESIDUOS.  CONTROLA EL ENCRESPAMIENTO.  EFECTO MEMORIA, SE PUEDE REFRESCAR AL D\u00cdA SIGUIENTE.  REAPLICABLE, PERMITE CAMBIAR LA FORMA.  MODO DE USO Applica in modo uniforme sui capelli umidi, asciuga naturalmente o con phon\/diffusore. Ideale per capelli ricci e mossi.  \u00cdndice de fijaci\u00f3n 4 PH 5.3-5.8 Frasco 150 ml","og_url":"https:\/\/www.professionalbyfama.com\/es\/producto\/yo-yo-curls\/","og_site_name":"Professional By Fama","article_publisher":"https:\/\/www.facebook.com\/ProfessionalByFamaItaly\/","article_modified_time":"2025-06-10T10:21:28+00:00","og_image":[{"width":1200,"height":1200,"url":"https:\/\/www.professionalbyfama.com\/wp-content\/uploads\/2025\/05\/YO-YO-CURLS.png","type":"image\/png"}],"twitter_card":"summary_large_image","twitter_site":"@by_fama","twitter_misc":{"Est. reading time":"1 minute"},"schema":{"@context":"https:\/\/schema.org","@graph":[{"@type":"WebPage","@id":"https:\/\/www.professionalbyfama.com\/es\/producto\/yo-yo-curls\/","url":"https:\/\/www.professionalbyfama.com\/es\/producto\/yo-yo-curls\/","name":"Yo-Yo Curls! | Professional By Fama","isPartOf":{"@id":"https:\/\/www.professionalbyfama.com\/#website"},"primaryImageOfPage":{"@id":"https:\/\/www.professionalbyfama.com\/es\/producto\/yo-yo-curls\/#primaryimage"},"image":{"@id":"https:\/\/www.professionalbyfama.com\/es\/producto\/yo-yo-curls\/#primaryimage"},"thumbnailUrl":"https:\/\/www.professionalbyfama.com\/wp-content\/uploads\/2025\/05\/YO-YO-CURLS.png","datePublished":"2025-05-29T14:34:02+00:00","dateModified":"2025-06-10T10:21:28+00:00","breadcrumb":{"@id":"https:\/\/www.professionalbyfama.com\/es\/producto\/yo-yo-curls\/#breadcrumb"},"inLanguage":"es-ES","potentialAction":[{"@type":"ReadAction","target":["https:\/\/www.professionalbyfama.com\/es\/producto\/yo-yo-curls\/"]}]},{"@type":"ImageObject","inLanguage":"es-ES","@id":"https:\/\/www.professionalbyfama.com\/es\/producto\/yo-yo-curls\/#primaryimage","url":"https:\/\/www.professionalbyfama.com\/wp-content\/uploads\/2025\/05\/YO-YO-CURLS.png","contentUrl":"https:\/\/www.professionalbyfama.com\/wp-content\/uploads\/2025\/05\/YO-YO-CURLS.png","width":1200,"height":1200,"caption":"Yo-Yo Curls!"},{"@type":"BreadcrumbList","@id":"https:\/\/www.professionalbyfama.com\/es\/producto\/yo-yo-curls\/#breadcrumb","itemListElement":[{"@type":"ListItem","position":1,"name":"Home","item":"https:\/\/www.professionalbyfama.com\/es\/"},{"@type":"ListItem","position":2,"name":"Shop","item":"https:\/\/www.professionalbyfama.com\/es\/negozio\/"},{"@type":"ListItem","position":3,"name":"Yo-Yo Curls!"}]},{"@type":"WebSite","@id":"https:\/\/www.professionalbyfama.com\/#website","url":"https:\/\/www.professionalbyfama.com\/","name":"Professional By Fama","description":"","publisher":{"@id":"https:\/\/www.professionalbyfama.com\/#organization"},"potentialAction":[{"@type":"SearchAction","target":{"@type":"EntryPoint","urlTemplate":"https:\/\/www.professionalbyfama.com\/?s={search_term_string}"},"query-input":{"@type":"PropertyValueSpecification","valueRequired":true,"valueName":"search_term_string"}}],"inLanguage":"es-ES"},{"@type":"Organization","@id":"https:\/\/www.professionalbyfama.com\/#organization","name":"Professional By Fama","url":"https:\/\/www.professionalbyfama.com\/","logo":{"@type":"ImageObject","inLanguage":"es-ES","@id":"https:\/\/www.professionalbyfama.com\/#\/schema\/logo\/image\/","url":"https:\/\/www.professionalbyfama.com\/wp-content\/uploads\/2020\/03\/logo.png","contentUrl":"https:\/\/www.professionalbyfama.com\/wp-content\/uploads\/2020\/03\/logo.png","width":285,"height":88,"caption":"Professional By Fama"},"image":{"@id":"https:\/\/www.professionalbyfama.com\/#\/schema\/logo\/image\/"},"sameAs":["https:\/\/www.facebook.com\/ProfessionalByFamaItaly\/","https:\/\/x.com\/by_fama","https:\/\/www.instagram.com\/professionalbyfama\/","https:\/\/it.linkedin.com\/company\/professional-by-fama","https:\/\/www.youtube.com\/channel\/UC42gR3dWsu9TM5yjTVJlxdA"]}]}},"_links":{"self":[{"href":"https:\/\/www.professionalbyfama.com\/es\/wp-json\/wp\/v2\/product\/182700","targetHints":{"allow":["GET"]}}],"collection":[{"href":"https:\/\/www.professionalbyfama.com\/es\/wp-json\/wp\/v2\/product"}],"about":[{"href":"https:\/\/www.professionalbyfama.com\/es\/wp-json\/wp\/v2\/types\/product"}],"replies":[{"embeddable":true,"href":"https:\/\/www.professionalbyfama.com\/es\/wp-json\/wp\/v2\/comments?post=182700"}],"wp:featuredmedia":[{"embeddable":true,"href":"https:\/\/www.professionalbyfama.com\/es\/wp-json\/wp\/v2\/media\/182614"}],"wp:attachment":[{"href":"https:\/\/www.professionalbyfama.com\/es\/wp-json\/wp\/v2\/media?parent=182700"}],"wp:term":[{"taxonomy":"product_brand","embeddable":true,"href":"https:\/\/www.professionalbyfama.com\/es\/wp-json\/wp\/v2\/product_brand?post=182700"},{"taxonomy":"product_cat","embeddable":true,"href":"https:\/\/www.professionalbyfama.com\/es\/wp-json\/wp\/v2\/product_cat?post=182700"},{"taxonomy":"product_tag","embeddable":true,"href":"https:\/\/www.professionalbyfama.com\/es\/wp-json\/wp\/v2\/product_tag?post=182700"}],"curies":[{"name":"wp","href":"https:\/\/api.w.org\/{rel}","templated":true}]}}