{"id":182694,"date":"2025-05-29T16:04:04","date_gmt":"2025-05-29T14:04:04","guid":{"rendered":"https:\/\/www.professionalbyfama.com\/?post_type=product&#038;p=182694"},"modified":"2025-06-10T12:19:11","modified_gmt":"2025-06-10T10:19:11","slug":"out-of-frizz","status":"publish","type":"product","link":"https:\/\/www.professionalbyfama.com\/es\/producto\/out-of-frizz\/","title":{"rendered":"Out Of Frizz"},"content":{"rendered":"","protected":false},"excerpt":{"rendered":"<h3>\u00a1ASPECTO EXTRA LISO INCLUSO EN CONDICIONES EXTREMAS!<br \/>\nUN SUPER PROTECTOR PERFECTO PARA CABELLOS MEDIOS Y GRUESOS, MUY ENCRESPADOS, DIF\u00cdCILES DE MANEJAR.<\/h3>\n<p><img loading=\"lazy\" decoding=\"async\" class=\"alignnone size-full wp-image-174940\" style=\"max-width: 320px; height: 76px; object-position: left center; object-fit: contain;\" src=\"https:\/\/www.professionalbyfama.com\/wp-content\/uploads\/2025\/05\/4-bollini.jpg\" alt=\"\" width=\"1200\" height=\"242\" \/><\/p>\n<p><strong>BENEFICIOS<\/strong><\/p>\n<ul style=\"text-transform: uppercase; list-style-type: disc; margin-left: 20px;\">\n<li>UN NUEVO SERVICIO DE ALISADO PROGRESIVO.<\/li>\n<li>REDUCE VISIBLEMENTE EL VOLUMEN.<\/li>\n<li>CONTROLA EL ENCRESPAMIENTO Y EL EFECTO FLYAWAY.<\/li>\n<li>EFECTO LISO QUE DURA HASTA 2\u20133 LAVADOS.<\/li>\n<li>CABELLO LISO, ULTRA BRILLANTE Y SEDOSO.<\/li>\n<\/ul>\n<p><strong>MODO DE USO<br \/>\n<\/strong>Divide el cabello h\u00famedo en secciones, vaporiza de forma uniforme y peina. Seca con secador y cepillo para <b>activar el producto<\/b>. Finaliza el styling con la plancha.<br \/>\n<b>Agitar antes de usar<\/b>. Para mejores resultados, aplicar cada 3 lavados.<br \/>\n*En cabellos decolorados o aclarados, utilizar la plancha a una temperatura m\u00e1xima de 180 \u00b0C.\u00a0 Tipo de cabello: medio a grueso, muy encrespado, dif\u00edcil de manejar.<\/p>\n<p><b><strong>\u00cdndice de fijaci\u00f3n<\/strong> 5<br \/>\n<\/b><b>PH 5-5.5<br \/>\n<\/b>Frasco 200 ml<\/p>\n","protected":false},"featured_media":182271,"comment_status":"closed","ping_status":"closed","template":"","meta":{"_acf_changed":false},"product_brand":[],"product_cat":[324],"product_tag":[],"class_list":{"0":"post-182694","1":"product","2":"type-product","3":"status-publish","4":"has-post-thumbnail","6":"product_cat-out-of-frizz-es","8":"first","9":"instock","10":"shipping-taxable","11":"product-type-simple"},"acf":[],"yoast_head":"<!-- This site is optimized with the Yoast SEO plugin v25.5 - https:\/\/yoast.com\/wordpress\/plugins\/seo\/ -->\n<title>Out Of Frizz | Professional By Fama<\/title>\n<meta name=\"robots\" content=\"index, follow, max-snippet:-1, max-image-preview:large, max-video-preview:-1\" \/>\n<link rel=\"canonical\" href=\"https:\/\/www.professionalbyfama.com\/es\/producto\/out-of-frizz\/\" \/>\n<meta property=\"og:locale\" content=\"es_ES\" \/>\n<meta property=\"og:type\" content=\"article\" \/>\n<meta property=\"og:title\" content=\"Out Of Frizz | Professional By Fama\" \/>\n<meta property=\"og:description\" content=\"\u00a1ASPECTO EXTRA LISO INCLUSO EN CONDICIONES EXTREMAS! UN SUPER PROTECTOR PERFECTO PARA CABELLOS MEDIOS Y GRUESOS, MUY ENCRESPADOS, DIF\u00cdCILES DE MANEJAR.   BENEFICIOS   UN NUEVO SERVICIO DE ALISADO PROGRESIVO.  REDUCE VISIBLEMENTE EL VOLUMEN.  CONTROLA EL ENCRESPAMIENTO Y EL EFECTO FLYAWAY.  EFECTO LISO QUE DURA HASTA 2\u20133 LAVADOS.  CABELLO LISO, ULTRA BRILLANTE Y SEDOSO.  MODO DE USO Divide el cabello h\u00famedo en secciones, vaporiza de forma uniforme y peina. Seca con secador y cepillo para activar el producto. Finaliza el styling con la plancha. Agitar antes de usar. Para mejores resultados, aplicar cada 3 lavados. *En cabellos decolorados o aclarados, utilizar la plancha a una temperatura m\u00e1xima de 180 \u00b0C.\u00a0 Tipo de cabello: medio a grueso, muy encrespado, dif\u00edcil de manejar.  \u00cdndice de fijaci\u00f3n 5 PH 5-5.5 Frasco 200 ml\" \/>\n<meta property=\"og:url\" content=\"https:\/\/www.professionalbyfama.com\/es\/producto\/out-of-frizz\/\" \/>\n<meta property=\"og:site_name\" content=\"Professional By Fama\" \/>\n<meta property=\"article:publisher\" content=\"https:\/\/www.facebook.com\/ProfessionalByFamaItaly\/\" \/>\n<meta property=\"article:modified_time\" content=\"2025-06-10T10:19:11+00:00\" \/>\n<meta property=\"og:image\" content=\"https:\/\/www.professionalbyfama.com\/wp-content\/uploads\/2025\/05\/OUT-OF-FRIZZ.png\" \/>\n\t<meta property=\"og:image:width\" content=\"1200\" \/>\n\t<meta property=\"og:image:height\" content=\"1200\" \/>\n\t<meta property=\"og:image:type\" content=\"image\/png\" \/>\n<meta name=\"twitter:card\" content=\"summary_large_image\" \/>\n<meta name=\"twitter:site\" content=\"@by_fama\" \/>\n<meta name=\"twitter:label1\" content=\"Est. reading time\" \/>\n\t<meta name=\"twitter:data1\" content=\"1 minute\" \/>\n<script type=\"application\/ld+json\" class=\"yoast-schema-graph\">{\"@context\":\"https:\/\/schema.org\",\"@graph\":[{\"@type\":\"WebPage\",\"@id\":\"https:\/\/www.professionalbyfama.com\/es\/producto\/out-of-frizz\/\",\"url\":\"https:\/\/www.professionalbyfama.com\/es\/producto\/out-of-frizz\/\",\"name\":\"Out Of Frizz | Professional By Fama\",\"isPartOf\":{\"@id\":\"https:\/\/www.professionalbyfama.com\/#website\"},\"primaryImageOfPage\":{\"@id\":\"https:\/\/www.professionalbyfama.com\/es\/producto\/out-of-frizz\/#primaryimage\"},\"image\":{\"@id\":\"https:\/\/www.professionalbyfama.com\/es\/producto\/out-of-frizz\/#primaryimage\"},\"thumbnailUrl\":\"https:\/\/www.professionalbyfama.com\/wp-content\/uploads\/2025\/05\/OUT-OF-FRIZZ.png\",\"datePublished\":\"2025-05-29T14:04:04+00:00\",\"dateModified\":\"2025-06-10T10:19:11+00:00\",\"breadcrumb\":{\"@id\":\"https:\/\/www.professionalbyfama.com\/es\/producto\/out-of-frizz\/#breadcrumb\"},\"inLanguage\":\"es-ES\",\"potentialAction\":[{\"@type\":\"ReadAction\",\"target\":[\"https:\/\/www.professionalbyfama.com\/es\/producto\/out-of-frizz\/\"]}]},{\"@type\":\"ImageObject\",\"inLanguage\":\"es-ES\",\"@id\":\"https:\/\/www.professionalbyfama.com\/es\/producto\/out-of-frizz\/#primaryimage\",\"url\":\"https:\/\/www.professionalbyfama.com\/wp-content\/uploads\/2025\/05\/OUT-OF-FRIZZ.png\",\"contentUrl\":\"https:\/\/www.professionalbyfama.com\/wp-content\/uploads\/2025\/05\/OUT-OF-FRIZZ.png\",\"width\":1200,\"height\":1200,\"caption\":\"Out Of Frizz\"},{\"@type\":\"BreadcrumbList\",\"@id\":\"https:\/\/www.professionalbyfama.com\/es\/producto\/out-of-frizz\/#breadcrumb\",\"itemListElement\":[{\"@type\":\"ListItem\",\"position\":1,\"name\":\"Home\",\"item\":\"https:\/\/www.professionalbyfama.com\/es\/\"},{\"@type\":\"ListItem\",\"position\":2,\"name\":\"Shop\",\"item\":\"https:\/\/www.professionalbyfama.com\/es\/negozio\/\"},{\"@type\":\"ListItem\",\"position\":3,\"name\":\"Out Of Frizz\"}]},{\"@type\":\"WebSite\",\"@id\":\"https:\/\/www.professionalbyfama.com\/#website\",\"url\":\"https:\/\/www.professionalbyfama.com\/\",\"name\":\"Professional By Fama\",\"description\":\"\",\"publisher\":{\"@id\":\"https:\/\/www.professionalbyfama.com\/#organization\"},\"potentialAction\":[{\"@type\":\"SearchAction\",\"target\":{\"@type\":\"EntryPoint\",\"urlTemplate\":\"https:\/\/www.professionalbyfama.com\/?s={search_term_string}\"},\"query-input\":{\"@type\":\"PropertyValueSpecification\",\"valueRequired\":true,\"valueName\":\"search_term_string\"}}],\"inLanguage\":\"es-ES\"},{\"@type\":\"Organization\",\"@id\":\"https:\/\/www.professionalbyfama.com\/#organization\",\"name\":\"Professional By Fama\",\"url\":\"https:\/\/www.professionalbyfama.com\/\",\"logo\":{\"@type\":\"ImageObject\",\"inLanguage\":\"es-ES\",\"@id\":\"https:\/\/www.professionalbyfama.com\/#\/schema\/logo\/image\/\",\"url\":\"https:\/\/www.professionalbyfama.com\/wp-content\/uploads\/2020\/03\/logo.png\",\"contentUrl\":\"https:\/\/www.professionalbyfama.com\/wp-content\/uploads\/2020\/03\/logo.png\",\"width\":285,\"height\":88,\"caption\":\"Professional By Fama\"},\"image\":{\"@id\":\"https:\/\/www.professionalbyfama.com\/#\/schema\/logo\/image\/\"},\"sameAs\":[\"https:\/\/www.facebook.com\/ProfessionalByFamaItaly\/\",\"https:\/\/x.com\/by_fama\",\"https:\/\/www.instagram.com\/professionalbyfama\/\",\"https:\/\/it.linkedin.com\/company\/professional-by-fama\",\"https:\/\/www.youtube.com\/channel\/UC42gR3dWsu9TM5yjTVJlxdA\"]}]}<\/script>\n<!-- \/ Yoast SEO plugin. -->","yoast_head_json":{"title":"Out Of Frizz | Professional By Fama","robots":{"index":"index","follow":"follow","max-snippet":"max-snippet:-1","max-image-preview":"max-image-preview:large","max-video-preview":"max-video-preview:-1"},"canonical":"https:\/\/www.professionalbyfama.com\/es\/producto\/out-of-frizz\/","og_locale":"es_ES","og_type":"article","og_title":"Out Of Frizz | Professional By Fama","og_description":"\u00a1ASPECTO EXTRA LISO INCLUSO EN CONDICIONES EXTREMAS! UN SUPER PROTECTOR PERFECTO PARA CABELLOS MEDIOS Y GRUESOS, MUY ENCRESPADOS, DIF\u00cdCILES DE MANEJAR.   BENEFICIOS   UN NUEVO SERVICIO DE ALISADO PROGRESIVO.  REDUCE VISIBLEMENTE EL VOLUMEN.  CONTROLA EL ENCRESPAMIENTO Y EL EFECTO FLYAWAY.  EFECTO LISO QUE DURA HASTA 2\u20133 LAVADOS.  CABELLO LISO, ULTRA BRILLANTE Y SEDOSO.  MODO DE USO Divide el cabello h\u00famedo en secciones, vaporiza de forma uniforme y peina. Seca con secador y cepillo para activar el producto. Finaliza el styling con la plancha. Agitar antes de usar. Para mejores resultados, aplicar cada 3 lavados. *En cabellos decolorados o aclarados, utilizar la plancha a una temperatura m\u00e1xima de 180 \u00b0C.\u00a0 Tipo de cabello: medio a grueso, muy encrespado, dif\u00edcil de manejar.  \u00cdndice de fijaci\u00f3n 5 PH 5-5.5 Frasco 200 ml","og_url":"https:\/\/www.professionalbyfama.com\/es\/producto\/out-of-frizz\/","og_site_name":"Professional By Fama","article_publisher":"https:\/\/www.facebook.com\/ProfessionalByFamaItaly\/","article_modified_time":"2025-06-10T10:19:11+00:00","og_image":[{"width":1200,"height":1200,"url":"https:\/\/www.professionalbyfama.com\/wp-content\/uploads\/2025\/05\/OUT-OF-FRIZZ.png","type":"image\/png"}],"twitter_card":"summary_large_image","twitter_site":"@by_fama","twitter_misc":{"Est. reading time":"1 minute"},"schema":{"@context":"https:\/\/schema.org","@graph":[{"@type":"WebPage","@id":"https:\/\/www.professionalbyfama.com\/es\/producto\/out-of-frizz\/","url":"https:\/\/www.professionalbyfama.com\/es\/producto\/out-of-frizz\/","name":"Out Of Frizz | Professional By Fama","isPartOf":{"@id":"https:\/\/www.professionalbyfama.com\/#website"},"primaryImageOfPage":{"@id":"https:\/\/www.professionalbyfama.com\/es\/producto\/out-of-frizz\/#primaryimage"},"image":{"@id":"https:\/\/www.professionalbyfama.com\/es\/producto\/out-of-frizz\/#primaryimage"},"thumbnailUrl":"https:\/\/www.professionalbyfama.com\/wp-content\/uploads\/2025\/05\/OUT-OF-FRIZZ.png","datePublished":"2025-05-29T14:04:04+00:00","dateModified":"2025-06-10T10:19:11+00:00","breadcrumb":{"@id":"https:\/\/www.professionalbyfama.com\/es\/producto\/out-of-frizz\/#breadcrumb"},"inLanguage":"es-ES","potentialAction":[{"@type":"ReadAction","target":["https:\/\/www.professionalbyfama.com\/es\/producto\/out-of-frizz\/"]}]},{"@type":"ImageObject","inLanguage":"es-ES","@id":"https:\/\/www.professionalbyfama.com\/es\/producto\/out-of-frizz\/#primaryimage","url":"https:\/\/www.professionalbyfama.com\/wp-content\/uploads\/2025\/05\/OUT-OF-FRIZZ.png","contentUrl":"https:\/\/www.professionalbyfama.com\/wp-content\/uploads\/2025\/05\/OUT-OF-FRIZZ.png","width":1200,"height":1200,"caption":"Out Of Frizz"},{"@type":"BreadcrumbList","@id":"https:\/\/www.professionalbyfama.com\/es\/producto\/out-of-frizz\/#breadcrumb","itemListElement":[{"@type":"ListItem","position":1,"name":"Home","item":"https:\/\/www.professionalbyfama.com\/es\/"},{"@type":"ListItem","position":2,"name":"Shop","item":"https:\/\/www.professionalbyfama.com\/es\/negozio\/"},{"@type":"ListItem","position":3,"name":"Out Of Frizz"}]},{"@type":"WebSite","@id":"https:\/\/www.professionalbyfama.com\/#website","url":"https:\/\/www.professionalbyfama.com\/","name":"Professional By Fama","description":"","publisher":{"@id":"https:\/\/www.professionalbyfama.com\/#organization"},"potentialAction":[{"@type":"SearchAction","target":{"@type":"EntryPoint","urlTemplate":"https:\/\/www.professionalbyfama.com\/?s={search_term_string}"},"query-input":{"@type":"PropertyValueSpecification","valueRequired":true,"valueName":"search_term_string"}}],"inLanguage":"es-ES"},{"@type":"Organization","@id":"https:\/\/www.professionalbyfama.com\/#organization","name":"Professional By Fama","url":"https:\/\/www.professionalbyfama.com\/","logo":{"@type":"ImageObject","inLanguage":"es-ES","@id":"https:\/\/www.professionalbyfama.com\/#\/schema\/logo\/image\/","url":"https:\/\/www.professionalbyfama.com\/wp-content\/uploads\/2020\/03\/logo.png","contentUrl":"https:\/\/www.professionalbyfama.com\/wp-content\/uploads\/2020\/03\/logo.png","width":285,"height":88,"caption":"Professional By Fama"},"image":{"@id":"https:\/\/www.professionalbyfama.com\/#\/schema\/logo\/image\/"},"sameAs":["https:\/\/www.facebook.com\/ProfessionalByFamaItaly\/","https:\/\/x.com\/by_fama","https:\/\/www.instagram.com\/professionalbyfama\/","https:\/\/it.linkedin.com\/company\/professional-by-fama","https:\/\/www.youtube.com\/channel\/UC42gR3dWsu9TM5yjTVJlxdA"]}]}},"_links":{"self":[{"href":"https:\/\/www.professionalbyfama.com\/es\/wp-json\/wp\/v2\/product\/182694","targetHints":{"allow":["GET"]}}],"collection":[{"href":"https:\/\/www.professionalbyfama.com\/es\/wp-json\/wp\/v2\/product"}],"about":[{"href":"https:\/\/www.professionalbyfama.com\/es\/wp-json\/wp\/v2\/types\/product"}],"replies":[{"embeddable":true,"href":"https:\/\/www.professionalbyfama.com\/es\/wp-json\/wp\/v2\/comments?post=182694"}],"wp:featuredmedia":[{"embeddable":true,"href":"https:\/\/www.professionalbyfama.com\/es\/wp-json\/wp\/v2\/media\/182271"}],"wp:attachment":[{"href":"https:\/\/www.professionalbyfama.com\/es\/wp-json\/wp\/v2\/media?parent=182694"}],"wp:term":[{"taxonomy":"product_brand","embeddable":true,"href":"https:\/\/www.professionalbyfama.com\/es\/wp-json\/wp\/v2\/product_brand?post=182694"},{"taxonomy":"product_cat","embeddable":true,"href":"https:\/\/www.professionalbyfama.com\/es\/wp-json\/wp\/v2\/product_cat?post=182694"},{"taxonomy":"product_tag","embeddable":true,"href":"https:\/\/www.professionalbyfama.com\/es\/wp-json\/wp\/v2\/product_tag?post=182694"}],"curies":[{"name":"wp","href":"https:\/\/api.w.org\/{rel}","templated":true}]}}