{"id":176247,"date":"2025-01-24T12:58:42","date_gmt":"2025-01-24T11:58:42","guid":{"rendered":"https:\/\/www.professionalbyfama.com\/prodotto\/oxy-cream-developer\/"},"modified":"2025-01-27T09:39:39","modified_gmt":"2025-01-27T08:39:39","slug":"oxy-cream-developer","status":"publish","type":"product","link":"https:\/\/www.professionalbyfama.com\/es\/producto\/oxy-cream-developer\/","title":{"rendered":"OXY CREAM DEVELOPER"},"content":{"rendered":"","protected":false},"excerpt":{"rendered":"<p>7 vol. \u2013 2%<br \/>\npara servicios de tonalizaci\u00f3n y neutralizaci\u00f3n intensa con tiempos de exposici\u00f3n de 15\/20 minutos <\/p>\n","protected":false},"featured_media":176110,"comment_status":"closed","ping_status":"closed","template":"","meta":{"_acf_changed":false},"product_brand":[],"product_cat":[237,284],"product_tag":[],"class_list":{"0":"post-176247","1":"product","2":"type-product","3":"status-publish","4":"has-post-thumbnail","6":"product_cat-cuidado-del-color","7":"product_cat-trattamento-es","9":"first","10":"instock","11":"shipping-taxable","12":"product-type-simple"},"acf":[],"yoast_head":"<!-- This site is optimized with the Yoast SEO plugin v25.5 - https:\/\/yoast.com\/wordpress\/plugins\/seo\/ -->\n<title>OXY CREAM DEVELOPER | Professional By Fama<\/title>\n<meta name=\"robots\" content=\"index, follow, max-snippet:-1, max-image-preview:large, max-video-preview:-1\" \/>\n<link rel=\"canonical\" href=\"https:\/\/www.professionalbyfama.com\/es\/producto\/oxy-cream-developer\/\" \/>\n<meta property=\"og:locale\" content=\"es_ES\" \/>\n<meta property=\"og:type\" content=\"article\" \/>\n<meta property=\"og:title\" content=\"OXY CREAM DEVELOPER | Professional By Fama\" \/>\n<meta property=\"og:description\" content=\"7 vol. \u2013 2%  para servicios de tonalizaci\u00f3n y neutralizaci\u00f3n intensa con tiempos de exposici\u00f3n de 15\/20 minutos\" \/>\n<meta property=\"og:url\" content=\"https:\/\/www.professionalbyfama.com\/es\/producto\/oxy-cream-developer\/\" \/>\n<meta property=\"og:site_name\" content=\"Professional By Fama\" \/>\n<meta property=\"article:publisher\" content=\"https:\/\/www.facebook.com\/ProfessionalByFamaItaly\/\" \/>\n<meta property=\"article:modified_time\" content=\"2025-01-27T08:39:39+00:00\" \/>\n<meta property=\"og:image\" content=\"https:\/\/www.professionalbyfama.com\/wp-content\/uploads\/2025\/01\/OXY7.png\" \/>\n\t<meta property=\"og:image:width\" content=\"1000\" \/>\n\t<meta property=\"og:image:height\" content=\"1000\" \/>\n\t<meta property=\"og:image:type\" content=\"image\/png\" \/>\n<meta name=\"twitter:card\" content=\"summary_large_image\" \/>\n<meta name=\"twitter:site\" content=\"@by_fama\" \/>\n<meta name=\"twitter:label1\" content=\"Est. reading time\" \/>\n\t<meta name=\"twitter:data1\" content=\"1 minute\" \/>\n<script type=\"application\/ld+json\" class=\"yoast-schema-graph\">{\"@context\":\"https:\/\/schema.org\",\"@graph\":[{\"@type\":\"WebPage\",\"@id\":\"https:\/\/www.professionalbyfama.com\/es\/producto\/oxy-cream-developer\/\",\"url\":\"https:\/\/www.professionalbyfama.com\/es\/producto\/oxy-cream-developer\/\",\"name\":\"OXY CREAM DEVELOPER | Professional By Fama\",\"isPartOf\":{\"@id\":\"https:\/\/www.professionalbyfama.com\/#website\"},\"primaryImageOfPage\":{\"@id\":\"https:\/\/www.professionalbyfama.com\/es\/producto\/oxy-cream-developer\/#primaryimage\"},\"image\":{\"@id\":\"https:\/\/www.professionalbyfama.com\/es\/producto\/oxy-cream-developer\/#primaryimage\"},\"thumbnailUrl\":\"https:\/\/www.professionalbyfama.com\/wp-content\/uploads\/2025\/01\/OXY7.png\",\"datePublished\":\"2025-01-24T11:58:42+00:00\",\"dateModified\":\"2025-01-27T08:39:39+00:00\",\"breadcrumb\":{\"@id\":\"https:\/\/www.professionalbyfama.com\/es\/producto\/oxy-cream-developer\/#breadcrumb\"},\"inLanguage\":\"es-ES\",\"potentialAction\":[{\"@type\":\"ReadAction\",\"target\":[\"https:\/\/www.professionalbyfama.com\/es\/producto\/oxy-cream-developer\/\"]}]},{\"@type\":\"ImageObject\",\"inLanguage\":\"es-ES\",\"@id\":\"https:\/\/www.professionalbyfama.com\/es\/producto\/oxy-cream-developer\/#primaryimage\",\"url\":\"https:\/\/www.professionalbyfama.com\/wp-content\/uploads\/2025\/01\/OXY7.png\",\"contentUrl\":\"https:\/\/www.professionalbyfama.com\/wp-content\/uploads\/2025\/01\/OXY7.png\",\"width\":1000,\"height\":1000,\"caption\":\"OXY CREAM DEVELOPER\"},{\"@type\":\"BreadcrumbList\",\"@id\":\"https:\/\/www.professionalbyfama.com\/es\/producto\/oxy-cream-developer\/#breadcrumb\",\"itemListElement\":[{\"@type\":\"ListItem\",\"position\":1,\"name\":\"Home\",\"item\":\"https:\/\/www.professionalbyfama.com\/es\/\"},{\"@type\":\"ListItem\",\"position\":2,\"name\":\"Shop\",\"item\":\"https:\/\/www.professionalbyfama.com\/es\/negozio\/\"},{\"@type\":\"ListItem\",\"position\":3,\"name\":\"OXY CREAM DEVELOPER\"}]},{\"@type\":\"WebSite\",\"@id\":\"https:\/\/www.professionalbyfama.com\/#website\",\"url\":\"https:\/\/www.professionalbyfama.com\/\",\"name\":\"Professional By Fama\",\"description\":\"\",\"publisher\":{\"@id\":\"https:\/\/www.professionalbyfama.com\/#organization\"},\"potentialAction\":[{\"@type\":\"SearchAction\",\"target\":{\"@type\":\"EntryPoint\",\"urlTemplate\":\"https:\/\/www.professionalbyfama.com\/?s={search_term_string}\"},\"query-input\":{\"@type\":\"PropertyValueSpecification\",\"valueRequired\":true,\"valueName\":\"search_term_string\"}}],\"inLanguage\":\"es-ES\"},{\"@type\":\"Organization\",\"@id\":\"https:\/\/www.professionalbyfama.com\/#organization\",\"name\":\"Professional By Fama\",\"url\":\"https:\/\/www.professionalbyfama.com\/\",\"logo\":{\"@type\":\"ImageObject\",\"inLanguage\":\"es-ES\",\"@id\":\"https:\/\/www.professionalbyfama.com\/#\/schema\/logo\/image\/\",\"url\":\"https:\/\/www.professionalbyfama.com\/wp-content\/uploads\/2020\/03\/logo.png\",\"contentUrl\":\"https:\/\/www.professionalbyfama.com\/wp-content\/uploads\/2020\/03\/logo.png\",\"width\":285,\"height\":88,\"caption\":\"Professional By Fama\"},\"image\":{\"@id\":\"https:\/\/www.professionalbyfama.com\/#\/schema\/logo\/image\/\"},\"sameAs\":[\"https:\/\/www.facebook.com\/ProfessionalByFamaItaly\/\",\"https:\/\/x.com\/by_fama\",\"https:\/\/www.instagram.com\/professionalbyfama\/\",\"https:\/\/it.linkedin.com\/company\/professional-by-fama\",\"https:\/\/www.youtube.com\/channel\/UC42gR3dWsu9TM5yjTVJlxdA\"]}]}<\/script>\n<!-- \/ Yoast SEO plugin. -->","yoast_head_json":{"title":"OXY CREAM DEVELOPER | Professional By Fama","robots":{"index":"index","follow":"follow","max-snippet":"max-snippet:-1","max-image-preview":"max-image-preview:large","max-video-preview":"max-video-preview:-1"},"canonical":"https:\/\/www.professionalbyfama.com\/es\/producto\/oxy-cream-developer\/","og_locale":"es_ES","og_type":"article","og_title":"OXY CREAM DEVELOPER | Professional By Fama","og_description":"7 vol. \u2013 2%  para servicios de tonalizaci\u00f3n y neutralizaci\u00f3n intensa con tiempos de exposici\u00f3n de 15\/20 minutos","og_url":"https:\/\/www.professionalbyfama.com\/es\/producto\/oxy-cream-developer\/","og_site_name":"Professional By Fama","article_publisher":"https:\/\/www.facebook.com\/ProfessionalByFamaItaly\/","article_modified_time":"2025-01-27T08:39:39+00:00","og_image":[{"width":1000,"height":1000,"url":"https:\/\/www.professionalbyfama.com\/wp-content\/uploads\/2025\/01\/OXY7.png","type":"image\/png"}],"twitter_card":"summary_large_image","twitter_site":"@by_fama","twitter_misc":{"Est. reading time":"1 minute"},"schema":{"@context":"https:\/\/schema.org","@graph":[{"@type":"WebPage","@id":"https:\/\/www.professionalbyfama.com\/es\/producto\/oxy-cream-developer\/","url":"https:\/\/www.professionalbyfama.com\/es\/producto\/oxy-cream-developer\/","name":"OXY CREAM DEVELOPER | Professional By Fama","isPartOf":{"@id":"https:\/\/www.professionalbyfama.com\/#website"},"primaryImageOfPage":{"@id":"https:\/\/www.professionalbyfama.com\/es\/producto\/oxy-cream-developer\/#primaryimage"},"image":{"@id":"https:\/\/www.professionalbyfama.com\/es\/producto\/oxy-cream-developer\/#primaryimage"},"thumbnailUrl":"https:\/\/www.professionalbyfama.com\/wp-content\/uploads\/2025\/01\/OXY7.png","datePublished":"2025-01-24T11:58:42+00:00","dateModified":"2025-01-27T08:39:39+00:00","breadcrumb":{"@id":"https:\/\/www.professionalbyfama.com\/es\/producto\/oxy-cream-developer\/#breadcrumb"},"inLanguage":"es-ES","potentialAction":[{"@type":"ReadAction","target":["https:\/\/www.professionalbyfama.com\/es\/producto\/oxy-cream-developer\/"]}]},{"@type":"ImageObject","inLanguage":"es-ES","@id":"https:\/\/www.professionalbyfama.com\/es\/producto\/oxy-cream-developer\/#primaryimage","url":"https:\/\/www.professionalbyfama.com\/wp-content\/uploads\/2025\/01\/OXY7.png","contentUrl":"https:\/\/www.professionalbyfama.com\/wp-content\/uploads\/2025\/01\/OXY7.png","width":1000,"height":1000,"caption":"OXY CREAM DEVELOPER"},{"@type":"BreadcrumbList","@id":"https:\/\/www.professionalbyfama.com\/es\/producto\/oxy-cream-developer\/#breadcrumb","itemListElement":[{"@type":"ListItem","position":1,"name":"Home","item":"https:\/\/www.professionalbyfama.com\/es\/"},{"@type":"ListItem","position":2,"name":"Shop","item":"https:\/\/www.professionalbyfama.com\/es\/negozio\/"},{"@type":"ListItem","position":3,"name":"OXY CREAM DEVELOPER"}]},{"@type":"WebSite","@id":"https:\/\/www.professionalbyfama.com\/#website","url":"https:\/\/www.professionalbyfama.com\/","name":"Professional By Fama","description":"","publisher":{"@id":"https:\/\/www.professionalbyfama.com\/#organization"},"potentialAction":[{"@type":"SearchAction","target":{"@type":"EntryPoint","urlTemplate":"https:\/\/www.professionalbyfama.com\/?s={search_term_string}"},"query-input":{"@type":"PropertyValueSpecification","valueRequired":true,"valueName":"search_term_string"}}],"inLanguage":"es-ES"},{"@type":"Organization","@id":"https:\/\/www.professionalbyfama.com\/#organization","name":"Professional By Fama","url":"https:\/\/www.professionalbyfama.com\/","logo":{"@type":"ImageObject","inLanguage":"es-ES","@id":"https:\/\/www.professionalbyfama.com\/#\/schema\/logo\/image\/","url":"https:\/\/www.professionalbyfama.com\/wp-content\/uploads\/2020\/03\/logo.png","contentUrl":"https:\/\/www.professionalbyfama.com\/wp-content\/uploads\/2020\/03\/logo.png","width":285,"height":88,"caption":"Professional By Fama"},"image":{"@id":"https:\/\/www.professionalbyfama.com\/#\/schema\/logo\/image\/"},"sameAs":["https:\/\/www.facebook.com\/ProfessionalByFamaItaly\/","https:\/\/x.com\/by_fama","https:\/\/www.instagram.com\/professionalbyfama\/","https:\/\/it.linkedin.com\/company\/professional-by-fama","https:\/\/www.youtube.com\/channel\/UC42gR3dWsu9TM5yjTVJlxdA"]}]}},"_links":{"self":[{"href":"https:\/\/www.professionalbyfama.com\/es\/wp-json\/wp\/v2\/product\/176247","targetHints":{"allow":["GET"]}}],"collection":[{"href":"https:\/\/www.professionalbyfama.com\/es\/wp-json\/wp\/v2\/product"}],"about":[{"href":"https:\/\/www.professionalbyfama.com\/es\/wp-json\/wp\/v2\/types\/product"}],"replies":[{"embeddable":true,"href":"https:\/\/www.professionalbyfama.com\/es\/wp-json\/wp\/v2\/comments?post=176247"}],"wp:featuredmedia":[{"embeddable":true,"href":"https:\/\/www.professionalbyfama.com\/es\/wp-json\/wp\/v2\/media\/176110"}],"wp:attachment":[{"href":"https:\/\/www.professionalbyfama.com\/es\/wp-json\/wp\/v2\/media?parent=176247"}],"wp:term":[{"taxonomy":"product_brand","embeddable":true,"href":"https:\/\/www.professionalbyfama.com\/es\/wp-json\/wp\/v2\/product_brand?post=176247"},{"taxonomy":"product_cat","embeddable":true,"href":"https:\/\/www.professionalbyfama.com\/es\/wp-json\/wp\/v2\/product_cat?post=176247"},{"taxonomy":"product_tag","embeddable":true,"href":"https:\/\/www.professionalbyfama.com\/es\/wp-json\/wp\/v2\/product_tag?post=176247"}],"curies":[{"name":"wp","href":"https:\/\/api.w.org\/{rel}","templated":true}]}}