{"id":174973,"date":"2024-11-06T12:56:32","date_gmt":"2024-11-06T11:56:32","guid":{"rendered":"https:\/\/www.professionalbyfama.com\/prodotto\/wondher-oil\/"},"modified":"2024-11-06T17:27:25","modified_gmt":"2024-11-06T16:27:25","slug":"wondher-oil","status":"publish","type":"product","link":"https:\/\/www.professionalbyfama.com\/es\/producto\/wondher-oil\/","title":{"rendered":"WondHer Oil"},"content":{"rendered":"","protected":false},"excerpt":{"rendered":"<p>Contiene en pocas gotas el secreto para proteger e iluminar todo tipo de cabello.<br \/>\nCombate la sequedad, reduce el efecto encrespado y protege de los rayos solares, \u00a1para una melena siempre perfecta!<\/p>\n<p><img loading=\"lazy\" decoding=\"async\" class=\"alignnone size-full wp-image-174940\" style=\"max-width: 320px; height: auto;\" src=\"https:\/\/www.professionalbyfama.com\/wp-content\/uploads\/2024\/11\/X-SITO-1-2.png\" alt=\"\" width=\"1200\" height=\"242\" srcset=\"https:\/\/www.professionalbyfama.com\/wp-content\/uploads\/2024\/11\/X-SITO-1-2.png 1200w, https:\/\/www.professionalbyfama.com\/wp-content\/uploads\/2024\/11\/X-SITO-1-2-300x61.png 300w, https:\/\/www.professionalbyfama.com\/wp-content\/uploads\/2024\/11\/X-SITO-1-2-1024x207.png 1024w, https:\/\/www.professionalbyfama.com\/wp-content\/uploads\/2024\/11\/X-SITO-1-2-768x155.png 768w, https:\/\/www.professionalbyfama.com\/wp-content\/uploads\/2024\/11\/X-SITO-1-2-600x121.png 600w\" sizes=\"auto, (max-width: 1200px) 100vw, 1200px\" \/><\/p>\n<p><strong>CARACTER\u00cdSTICAS<\/strong><\/p>\n<ul style=\"text-transform: uppercase; list-style-type: disc; margin-left: 20px;\">\n<li>Filtro protector<\/li>\n<li>Aceite de semillas de naranja<\/li>\n<li>Fragancia sin al\u00e9rgenos<\/li>\n<li>Textura alisadora y sedosa<\/li>\n<li>Ideal para todos los cabellos<\/li>\n<\/ul>\n<p>Advertencias: l\u00edquido y vapores muy inflamables.<\/p>\n","protected":false},"featured_media":174939,"comment_status":"closed","ping_status":"closed","template":"","meta":{"_acf_changed":false},"product_brand":[],"product_cat":[284,299],"product_tag":[],"class_list":{"0":"post-174973","1":"product","2":"type-product","3":"status-publish","4":"has-post-thumbnail","6":"product_cat-trattamento-es","7":"product_cat-wondher-oil-es","9":"first","10":"instock","11":"shipping-taxable","12":"product-type-simple"},"acf":[],"yoast_head":"<!-- This site is optimized with the Yoast SEO plugin v25.5 - https:\/\/yoast.com\/wordpress\/plugins\/seo\/ -->\n<title>WondHer Oil | Professional By Fama<\/title>\n<meta name=\"robots\" content=\"index, follow, max-snippet:-1, max-image-preview:large, max-video-preview:-1\" \/>\n<link rel=\"canonical\" href=\"https:\/\/www.professionalbyfama.com\/es\/producto\/wondher-oil\/\" \/>\n<meta property=\"og:locale\" content=\"es_ES\" \/>\n<meta property=\"og:type\" content=\"article\" \/>\n<meta property=\"og:title\" content=\"WondHer Oil | Professional By Fama\" \/>\n<meta property=\"og:description\" content=\"Contiene en pocas gotas el secreto para proteger e iluminar todo tipo de cabello. Combate la sequedad, reduce el efecto encrespado y protege de los rayos solares, \u00a1para una melena siempre perfecta!    CARACTER\u00cdSTICAS   Filtro protector  Aceite de semillas de naranja  Fragancia sin al\u00e9rgenos  Textura alisadora y sedosa  Ideal para todos los cabellos  Advertencias: l\u00edquido y vapores muy inflamables.\" \/>\n<meta property=\"og:url\" content=\"https:\/\/www.professionalbyfama.com\/es\/producto\/wondher-oil\/\" \/>\n<meta property=\"og:site_name\" content=\"Professional By Fama\" \/>\n<meta property=\"article:publisher\" content=\"https:\/\/www.facebook.com\/ProfessionalByFamaItaly\/\" \/>\n<meta property=\"article:modified_time\" content=\"2024-11-06T16:27:25+00:00\" \/>\n<meta property=\"og:image\" content=\"https:\/\/www.professionalbyfama.com\/wp-content\/uploads\/2024\/11\/Wondher-Oil-Pack-Completo-Senza-Riflesso-2.png\" \/>\n\t<meta property=\"og:image:width\" content=\"1000\" \/>\n\t<meta property=\"og:image:height\" content=\"995\" \/>\n\t<meta property=\"og:image:type\" content=\"image\/png\" \/>\n<meta name=\"twitter:card\" content=\"summary_large_image\" \/>\n<meta name=\"twitter:site\" content=\"@by_fama\" \/>\n<script type=\"application\/ld+json\" class=\"yoast-schema-graph\">{\"@context\":\"https:\/\/schema.org\",\"@graph\":[{\"@type\":\"WebPage\",\"@id\":\"https:\/\/www.professionalbyfama.com\/es\/producto\/wondher-oil\/\",\"url\":\"https:\/\/www.professionalbyfama.com\/es\/producto\/wondher-oil\/\",\"name\":\"WondHer Oil | Professional By Fama\",\"isPartOf\":{\"@id\":\"https:\/\/www.professionalbyfama.com\/#website\"},\"primaryImageOfPage\":{\"@id\":\"https:\/\/www.professionalbyfama.com\/es\/producto\/wondher-oil\/#primaryimage\"},\"image\":{\"@id\":\"https:\/\/www.professionalbyfama.com\/es\/producto\/wondher-oil\/#primaryimage\"},\"thumbnailUrl\":\"https:\/\/www.professionalbyfama.com\/wp-content\/uploads\/2024\/11\/Wondher-Oil-Pack-Completo-Senza-Riflesso-2.png\",\"datePublished\":\"2024-11-06T11:56:32+00:00\",\"dateModified\":\"2024-11-06T16:27:25+00:00\",\"breadcrumb\":{\"@id\":\"https:\/\/www.professionalbyfama.com\/es\/producto\/wondher-oil\/#breadcrumb\"},\"inLanguage\":\"es-ES\",\"potentialAction\":[{\"@type\":\"ReadAction\",\"target\":[\"https:\/\/www.professionalbyfama.com\/es\/producto\/wondher-oil\/\"]}]},{\"@type\":\"ImageObject\",\"inLanguage\":\"es-ES\",\"@id\":\"https:\/\/www.professionalbyfama.com\/es\/producto\/wondher-oil\/#primaryimage\",\"url\":\"https:\/\/www.professionalbyfama.com\/wp-content\/uploads\/2024\/11\/Wondher-Oil-Pack-Completo-Senza-Riflesso-2.png\",\"contentUrl\":\"https:\/\/www.professionalbyfama.com\/wp-content\/uploads\/2024\/11\/Wondher-Oil-Pack-Completo-Senza-Riflesso-2.png\",\"width\":1000,\"height\":995,\"caption\":\"WondHer Oil\"},{\"@type\":\"BreadcrumbList\",\"@id\":\"https:\/\/www.professionalbyfama.com\/es\/producto\/wondher-oil\/#breadcrumb\",\"itemListElement\":[{\"@type\":\"ListItem\",\"position\":1,\"name\":\"Home\",\"item\":\"https:\/\/www.professionalbyfama.com\/es\/\"},{\"@type\":\"ListItem\",\"position\":2,\"name\":\"Shop\",\"item\":\"https:\/\/www.professionalbyfama.com\/es\/negozio\/\"},{\"@type\":\"ListItem\",\"position\":3,\"name\":\"WondHer Oil\"}]},{\"@type\":\"WebSite\",\"@id\":\"https:\/\/www.professionalbyfama.com\/#website\",\"url\":\"https:\/\/www.professionalbyfama.com\/\",\"name\":\"Professional By Fama\",\"description\":\"\",\"publisher\":{\"@id\":\"https:\/\/www.professionalbyfama.com\/#organization\"},\"potentialAction\":[{\"@type\":\"SearchAction\",\"target\":{\"@type\":\"EntryPoint\",\"urlTemplate\":\"https:\/\/www.professionalbyfama.com\/?s={search_term_string}\"},\"query-input\":{\"@type\":\"PropertyValueSpecification\",\"valueRequired\":true,\"valueName\":\"search_term_string\"}}],\"inLanguage\":\"es-ES\"},{\"@type\":\"Organization\",\"@id\":\"https:\/\/www.professionalbyfama.com\/#organization\",\"name\":\"Professional By Fama\",\"url\":\"https:\/\/www.professionalbyfama.com\/\",\"logo\":{\"@type\":\"ImageObject\",\"inLanguage\":\"es-ES\",\"@id\":\"https:\/\/www.professionalbyfama.com\/#\/schema\/logo\/image\/\",\"url\":\"https:\/\/www.professionalbyfama.com\/wp-content\/uploads\/2020\/03\/logo.png\",\"contentUrl\":\"https:\/\/www.professionalbyfama.com\/wp-content\/uploads\/2020\/03\/logo.png\",\"width\":285,\"height\":88,\"caption\":\"Professional By Fama\"},\"image\":{\"@id\":\"https:\/\/www.professionalbyfama.com\/#\/schema\/logo\/image\/\"},\"sameAs\":[\"https:\/\/www.facebook.com\/ProfessionalByFamaItaly\/\",\"https:\/\/x.com\/by_fama\",\"https:\/\/www.instagram.com\/professionalbyfama\/\",\"https:\/\/it.linkedin.com\/company\/professional-by-fama\",\"https:\/\/www.youtube.com\/channel\/UC42gR3dWsu9TM5yjTVJlxdA\"]}]}<\/script>\n<!-- \/ Yoast SEO plugin. -->","yoast_head_json":{"title":"WondHer Oil | Professional By Fama","robots":{"index":"index","follow":"follow","max-snippet":"max-snippet:-1","max-image-preview":"max-image-preview:large","max-video-preview":"max-video-preview:-1"},"canonical":"https:\/\/www.professionalbyfama.com\/es\/producto\/wondher-oil\/","og_locale":"es_ES","og_type":"article","og_title":"WondHer Oil | Professional By Fama","og_description":"Contiene en pocas gotas el secreto para proteger e iluminar todo tipo de cabello. Combate la sequedad, reduce el efecto encrespado y protege de los rayos solares, \u00a1para una melena siempre perfecta!    CARACTER\u00cdSTICAS   Filtro protector  Aceite de semillas de naranja  Fragancia sin al\u00e9rgenos  Textura alisadora y sedosa  Ideal para todos los cabellos  Advertencias: l\u00edquido y vapores muy inflamables.","og_url":"https:\/\/www.professionalbyfama.com\/es\/producto\/wondher-oil\/","og_site_name":"Professional By Fama","article_publisher":"https:\/\/www.facebook.com\/ProfessionalByFamaItaly\/","article_modified_time":"2024-11-06T16:27:25+00:00","og_image":[{"width":1000,"height":995,"url":"https:\/\/www.professionalbyfama.com\/wp-content\/uploads\/2024\/11\/Wondher-Oil-Pack-Completo-Senza-Riflesso-2.png","type":"image\/png"}],"twitter_card":"summary_large_image","twitter_site":"@by_fama","schema":{"@context":"https:\/\/schema.org","@graph":[{"@type":"WebPage","@id":"https:\/\/www.professionalbyfama.com\/es\/producto\/wondher-oil\/","url":"https:\/\/www.professionalbyfama.com\/es\/producto\/wondher-oil\/","name":"WondHer Oil | Professional By Fama","isPartOf":{"@id":"https:\/\/www.professionalbyfama.com\/#website"},"primaryImageOfPage":{"@id":"https:\/\/www.professionalbyfama.com\/es\/producto\/wondher-oil\/#primaryimage"},"image":{"@id":"https:\/\/www.professionalbyfama.com\/es\/producto\/wondher-oil\/#primaryimage"},"thumbnailUrl":"https:\/\/www.professionalbyfama.com\/wp-content\/uploads\/2024\/11\/Wondher-Oil-Pack-Completo-Senza-Riflesso-2.png","datePublished":"2024-11-06T11:56:32+00:00","dateModified":"2024-11-06T16:27:25+00:00","breadcrumb":{"@id":"https:\/\/www.professionalbyfama.com\/es\/producto\/wondher-oil\/#breadcrumb"},"inLanguage":"es-ES","potentialAction":[{"@type":"ReadAction","target":["https:\/\/www.professionalbyfama.com\/es\/producto\/wondher-oil\/"]}]},{"@type":"ImageObject","inLanguage":"es-ES","@id":"https:\/\/www.professionalbyfama.com\/es\/producto\/wondher-oil\/#primaryimage","url":"https:\/\/www.professionalbyfama.com\/wp-content\/uploads\/2024\/11\/Wondher-Oil-Pack-Completo-Senza-Riflesso-2.png","contentUrl":"https:\/\/www.professionalbyfama.com\/wp-content\/uploads\/2024\/11\/Wondher-Oil-Pack-Completo-Senza-Riflesso-2.png","width":1000,"height":995,"caption":"WondHer Oil"},{"@type":"BreadcrumbList","@id":"https:\/\/www.professionalbyfama.com\/es\/producto\/wondher-oil\/#breadcrumb","itemListElement":[{"@type":"ListItem","position":1,"name":"Home","item":"https:\/\/www.professionalbyfama.com\/es\/"},{"@type":"ListItem","position":2,"name":"Shop","item":"https:\/\/www.professionalbyfama.com\/es\/negozio\/"},{"@type":"ListItem","position":3,"name":"WondHer Oil"}]},{"@type":"WebSite","@id":"https:\/\/www.professionalbyfama.com\/#website","url":"https:\/\/www.professionalbyfama.com\/","name":"Professional By Fama","description":"","publisher":{"@id":"https:\/\/www.professionalbyfama.com\/#organization"},"potentialAction":[{"@type":"SearchAction","target":{"@type":"EntryPoint","urlTemplate":"https:\/\/www.professionalbyfama.com\/?s={search_term_string}"},"query-input":{"@type":"PropertyValueSpecification","valueRequired":true,"valueName":"search_term_string"}}],"inLanguage":"es-ES"},{"@type":"Organization","@id":"https:\/\/www.professionalbyfama.com\/#organization","name":"Professional By Fama","url":"https:\/\/www.professionalbyfama.com\/","logo":{"@type":"ImageObject","inLanguage":"es-ES","@id":"https:\/\/www.professionalbyfama.com\/#\/schema\/logo\/image\/","url":"https:\/\/www.professionalbyfama.com\/wp-content\/uploads\/2020\/03\/logo.png","contentUrl":"https:\/\/www.professionalbyfama.com\/wp-content\/uploads\/2020\/03\/logo.png","width":285,"height":88,"caption":"Professional By Fama"},"image":{"@id":"https:\/\/www.professionalbyfama.com\/#\/schema\/logo\/image\/"},"sameAs":["https:\/\/www.facebook.com\/ProfessionalByFamaItaly\/","https:\/\/x.com\/by_fama","https:\/\/www.instagram.com\/professionalbyfama\/","https:\/\/it.linkedin.com\/company\/professional-by-fama","https:\/\/www.youtube.com\/channel\/UC42gR3dWsu9TM5yjTVJlxdA"]}]}},"_links":{"self":[{"href":"https:\/\/www.professionalbyfama.com\/es\/wp-json\/wp\/v2\/product\/174973","targetHints":{"allow":["GET"]}}],"collection":[{"href":"https:\/\/www.professionalbyfama.com\/es\/wp-json\/wp\/v2\/product"}],"about":[{"href":"https:\/\/www.professionalbyfama.com\/es\/wp-json\/wp\/v2\/types\/product"}],"replies":[{"embeddable":true,"href":"https:\/\/www.professionalbyfama.com\/es\/wp-json\/wp\/v2\/comments?post=174973"}],"wp:featuredmedia":[{"embeddable":true,"href":"https:\/\/www.professionalbyfama.com\/es\/wp-json\/wp\/v2\/media\/174939"}],"wp:attachment":[{"href":"https:\/\/www.professionalbyfama.com\/es\/wp-json\/wp\/v2\/media?parent=174973"}],"wp:term":[{"taxonomy":"product_brand","embeddable":true,"href":"https:\/\/www.professionalbyfama.com\/es\/wp-json\/wp\/v2\/product_brand?post=174973"},{"taxonomy":"product_cat","embeddable":true,"href":"https:\/\/www.professionalbyfama.com\/es\/wp-json\/wp\/v2\/product_cat?post=174973"},{"taxonomy":"product_tag","embeddable":true,"href":"https:\/\/www.professionalbyfama.com\/es\/wp-json\/wp\/v2\/product_tag?post=174973"}],"curies":[{"name":"wp","href":"https:\/\/api.w.org\/{rel}","templated":true}]}}