{"id":169648,"date":"2024-06-12T13:00:57","date_gmt":"2024-06-12T11:00:57","guid":{"rendered":"https:\/\/www.professionalbyfama.com\/prodotto\/detox-nutri-chelating-shampoo\/"},"modified":"2024-06-12T15:10:36","modified_gmt":"2024-06-12T13:10:36","slug":"detox-nutri-chelating-shampoo","status":"publish","type":"product","link":"https:\/\/www.professionalbyfama.com\/es\/producto\/detox-nutri-chelating-shampoo\/","title":{"rendered":"NUTRI CHELATING SHAMPOO"},"content":{"rendered":"","protected":false},"excerpt":{"rendered":"<p>Champ\u00fa quelante que elimina la acumulaci\u00f3n de sustancias nocivas liberadas por procesos qu\u00edmicos, cloro de piscinas, agua dura y contaminaci\u00f3n.<br \/>\nUn ba\u00f1o de prebi\u00f3tico que, gracias a la textura con cuerpo y a la espuma ligera, permite una f\u00e1cil distribuci\u00f3n y absorci\u00f3n de los principios activos.<\/p>\n<ul>\n<li>pH 5.5-6.5<\/li>\n<li>TESTADO DERMATOL\u00d3GICAMENTE<\/li>\n<li>SLES FREE<\/li>\n<\/ul>\n<p>Botella 1000 ml<\/p>\n","protected":false},"featured_media":169679,"comment_status":"closed","ping_status":"closed","template":"","meta":{"_acf_changed":false},"product_brand":[],"product_cat":[295],"product_tag":[],"class_list":{"0":"post-169648","1":"product","2":"type-product","3":"status-publish","4":"has-post-thumbnail","6":"product_cat-wondher-detox-es","8":"first","9":"instock","10":"shipping-taxable","11":"product-type-simple"},"acf":[],"yoast_head":"<!-- This site is optimized with the Yoast SEO plugin v25.5 - https:\/\/yoast.com\/wordpress\/plugins\/seo\/ -->\n<title>NUTRI CHELATING SHAMPOO | Professional By Fama<\/title>\n<meta name=\"robots\" content=\"index, follow, max-snippet:-1, max-image-preview:large, max-video-preview:-1\" \/>\n<link rel=\"canonical\" href=\"https:\/\/www.professionalbyfama.com\/es\/producto\/detox-nutri-chelating-shampoo\/\" \/>\n<meta property=\"og:locale\" content=\"es_ES\" \/>\n<meta property=\"og:type\" content=\"article\" \/>\n<meta property=\"og:title\" content=\"NUTRI CHELATING SHAMPOO | Professional By Fama\" \/>\n<meta property=\"og:description\" content=\"Champ\u00fa quelante que elimina la acumulaci\u00f3n de sustancias nocivas liberadas por procesos qu\u00edmicos, cloro de piscinas, agua dura y contaminaci\u00f3n. Un ba\u00f1o de prebi\u00f3tico que, gracias a la textura con cuerpo y a la espuma ligera, permite una f\u00e1cil distribuci\u00f3n y absorci\u00f3n de los principios activos.   pH 5.5-6.5  TESTADO DERMATOL\u00d3GICAMENTE  SLES FREE  Botella 1000 ml\" \/>\n<meta property=\"og:url\" content=\"https:\/\/www.professionalbyfama.com\/es\/producto\/detox-nutri-chelating-shampoo\/\" \/>\n<meta property=\"og:site_name\" content=\"Professional By Fama\" \/>\n<meta property=\"article:publisher\" content=\"https:\/\/www.facebook.com\/ProfessionalByFamaItaly\/\" \/>\n<meta property=\"article:modified_time\" content=\"2024-06-12T13:10:36+00:00\" \/>\n<meta property=\"og:image\" content=\"https:\/\/www.professionalbyfama.com\/wp-content\/uploads\/2024\/06\/Detox-Nutri-chelating-shampoo-1.png\" \/>\n\t<meta property=\"og:image:width\" content=\"1000\" \/>\n\t<meta property=\"og:image:height\" content=\"1000\" \/>\n\t<meta property=\"og:image:type\" content=\"image\/png\" \/>\n<meta name=\"twitter:card\" content=\"summary_large_image\" \/>\n<meta name=\"twitter:site\" content=\"@by_fama\" \/>\n<script type=\"application\/ld+json\" class=\"yoast-schema-graph\">{\"@context\":\"https:\/\/schema.org\",\"@graph\":[{\"@type\":\"WebPage\",\"@id\":\"https:\/\/www.professionalbyfama.com\/es\/producto\/detox-nutri-chelating-shampoo\/\",\"url\":\"https:\/\/www.professionalbyfama.com\/es\/producto\/detox-nutri-chelating-shampoo\/\",\"name\":\"NUTRI CHELATING SHAMPOO | Professional By Fama\",\"isPartOf\":{\"@id\":\"https:\/\/www.professionalbyfama.com\/#website\"},\"primaryImageOfPage\":{\"@id\":\"https:\/\/www.professionalbyfama.com\/es\/producto\/detox-nutri-chelating-shampoo\/#primaryimage\"},\"image\":{\"@id\":\"https:\/\/www.professionalbyfama.com\/es\/producto\/detox-nutri-chelating-shampoo\/#primaryimage\"},\"thumbnailUrl\":\"https:\/\/www.professionalbyfama.com\/wp-content\/uploads\/2024\/06\/Detox-Nutri-chelating-shampoo-1.png\",\"datePublished\":\"2024-06-12T11:00:57+00:00\",\"dateModified\":\"2024-06-12T13:10:36+00:00\",\"breadcrumb\":{\"@id\":\"https:\/\/www.professionalbyfama.com\/es\/producto\/detox-nutri-chelating-shampoo\/#breadcrumb\"},\"inLanguage\":\"es-ES\",\"potentialAction\":[{\"@type\":\"ReadAction\",\"target\":[\"https:\/\/www.professionalbyfama.com\/es\/producto\/detox-nutri-chelating-shampoo\/\"]}]},{\"@type\":\"ImageObject\",\"inLanguage\":\"es-ES\",\"@id\":\"https:\/\/www.professionalbyfama.com\/es\/producto\/detox-nutri-chelating-shampoo\/#primaryimage\",\"url\":\"https:\/\/www.professionalbyfama.com\/wp-content\/uploads\/2024\/06\/Detox-Nutri-chelating-shampoo-1.png\",\"contentUrl\":\"https:\/\/www.professionalbyfama.com\/wp-content\/uploads\/2024\/06\/Detox-Nutri-chelating-shampoo-1.png\",\"width\":1000,\"height\":1000,\"caption\":\"NUTRI CHELATING SHAMPOO\"},{\"@type\":\"BreadcrumbList\",\"@id\":\"https:\/\/www.professionalbyfama.com\/es\/producto\/detox-nutri-chelating-shampoo\/#breadcrumb\",\"itemListElement\":[{\"@type\":\"ListItem\",\"position\":1,\"name\":\"Home\",\"item\":\"https:\/\/www.professionalbyfama.com\/es\/\"},{\"@type\":\"ListItem\",\"position\":2,\"name\":\"Shop\",\"item\":\"https:\/\/www.professionalbyfama.com\/es\/negozio\/\"},{\"@type\":\"ListItem\",\"position\":3,\"name\":\"NUTRI CHELATING SHAMPOO\"}]},{\"@type\":\"WebSite\",\"@id\":\"https:\/\/www.professionalbyfama.com\/#website\",\"url\":\"https:\/\/www.professionalbyfama.com\/\",\"name\":\"Professional By Fama\",\"description\":\"\",\"publisher\":{\"@id\":\"https:\/\/www.professionalbyfama.com\/#organization\"},\"potentialAction\":[{\"@type\":\"SearchAction\",\"target\":{\"@type\":\"EntryPoint\",\"urlTemplate\":\"https:\/\/www.professionalbyfama.com\/?s={search_term_string}\"},\"query-input\":{\"@type\":\"PropertyValueSpecification\",\"valueRequired\":true,\"valueName\":\"search_term_string\"}}],\"inLanguage\":\"es-ES\"},{\"@type\":\"Organization\",\"@id\":\"https:\/\/www.professionalbyfama.com\/#organization\",\"name\":\"Professional By Fama\",\"url\":\"https:\/\/www.professionalbyfama.com\/\",\"logo\":{\"@type\":\"ImageObject\",\"inLanguage\":\"es-ES\",\"@id\":\"https:\/\/www.professionalbyfama.com\/#\/schema\/logo\/image\/\",\"url\":\"https:\/\/www.professionalbyfama.com\/wp-content\/uploads\/2020\/03\/logo.png\",\"contentUrl\":\"https:\/\/www.professionalbyfama.com\/wp-content\/uploads\/2020\/03\/logo.png\",\"width\":285,\"height\":88,\"caption\":\"Professional By Fama\"},\"image\":{\"@id\":\"https:\/\/www.professionalbyfama.com\/#\/schema\/logo\/image\/\"},\"sameAs\":[\"https:\/\/www.facebook.com\/ProfessionalByFamaItaly\/\",\"https:\/\/x.com\/by_fama\",\"https:\/\/www.instagram.com\/professionalbyfama\/\",\"https:\/\/it.linkedin.com\/company\/professional-by-fama\",\"https:\/\/www.youtube.com\/channel\/UC42gR3dWsu9TM5yjTVJlxdA\"]}]}<\/script>\n<!-- \/ Yoast SEO plugin. -->","yoast_head_json":{"title":"NUTRI CHELATING SHAMPOO | Professional By Fama","robots":{"index":"index","follow":"follow","max-snippet":"max-snippet:-1","max-image-preview":"max-image-preview:large","max-video-preview":"max-video-preview:-1"},"canonical":"https:\/\/www.professionalbyfama.com\/es\/producto\/detox-nutri-chelating-shampoo\/","og_locale":"es_ES","og_type":"article","og_title":"NUTRI CHELATING SHAMPOO | Professional By Fama","og_description":"Champ\u00fa quelante que elimina la acumulaci\u00f3n de sustancias nocivas liberadas por procesos qu\u00edmicos, cloro de piscinas, agua dura y contaminaci\u00f3n. Un ba\u00f1o de prebi\u00f3tico que, gracias a la textura con cuerpo y a la espuma ligera, permite una f\u00e1cil distribuci\u00f3n y absorci\u00f3n de los principios activos.   pH 5.5-6.5  TESTADO DERMATOL\u00d3GICAMENTE  SLES FREE  Botella 1000 ml","og_url":"https:\/\/www.professionalbyfama.com\/es\/producto\/detox-nutri-chelating-shampoo\/","og_site_name":"Professional By Fama","article_publisher":"https:\/\/www.facebook.com\/ProfessionalByFamaItaly\/","article_modified_time":"2024-06-12T13:10:36+00:00","og_image":[{"width":1000,"height":1000,"url":"https:\/\/www.professionalbyfama.com\/wp-content\/uploads\/2024\/06\/Detox-Nutri-chelating-shampoo-1.png","type":"image\/png"}],"twitter_card":"summary_large_image","twitter_site":"@by_fama","schema":{"@context":"https:\/\/schema.org","@graph":[{"@type":"WebPage","@id":"https:\/\/www.professionalbyfama.com\/es\/producto\/detox-nutri-chelating-shampoo\/","url":"https:\/\/www.professionalbyfama.com\/es\/producto\/detox-nutri-chelating-shampoo\/","name":"NUTRI CHELATING SHAMPOO | Professional By Fama","isPartOf":{"@id":"https:\/\/www.professionalbyfama.com\/#website"},"primaryImageOfPage":{"@id":"https:\/\/www.professionalbyfama.com\/es\/producto\/detox-nutri-chelating-shampoo\/#primaryimage"},"image":{"@id":"https:\/\/www.professionalbyfama.com\/es\/producto\/detox-nutri-chelating-shampoo\/#primaryimage"},"thumbnailUrl":"https:\/\/www.professionalbyfama.com\/wp-content\/uploads\/2024\/06\/Detox-Nutri-chelating-shampoo-1.png","datePublished":"2024-06-12T11:00:57+00:00","dateModified":"2024-06-12T13:10:36+00:00","breadcrumb":{"@id":"https:\/\/www.professionalbyfama.com\/es\/producto\/detox-nutri-chelating-shampoo\/#breadcrumb"},"inLanguage":"es-ES","potentialAction":[{"@type":"ReadAction","target":["https:\/\/www.professionalbyfama.com\/es\/producto\/detox-nutri-chelating-shampoo\/"]}]},{"@type":"ImageObject","inLanguage":"es-ES","@id":"https:\/\/www.professionalbyfama.com\/es\/producto\/detox-nutri-chelating-shampoo\/#primaryimage","url":"https:\/\/www.professionalbyfama.com\/wp-content\/uploads\/2024\/06\/Detox-Nutri-chelating-shampoo-1.png","contentUrl":"https:\/\/www.professionalbyfama.com\/wp-content\/uploads\/2024\/06\/Detox-Nutri-chelating-shampoo-1.png","width":1000,"height":1000,"caption":"NUTRI CHELATING SHAMPOO"},{"@type":"BreadcrumbList","@id":"https:\/\/www.professionalbyfama.com\/es\/producto\/detox-nutri-chelating-shampoo\/#breadcrumb","itemListElement":[{"@type":"ListItem","position":1,"name":"Home","item":"https:\/\/www.professionalbyfama.com\/es\/"},{"@type":"ListItem","position":2,"name":"Shop","item":"https:\/\/www.professionalbyfama.com\/es\/negozio\/"},{"@type":"ListItem","position":3,"name":"NUTRI CHELATING SHAMPOO"}]},{"@type":"WebSite","@id":"https:\/\/www.professionalbyfama.com\/#website","url":"https:\/\/www.professionalbyfama.com\/","name":"Professional By Fama","description":"","publisher":{"@id":"https:\/\/www.professionalbyfama.com\/#organization"},"potentialAction":[{"@type":"SearchAction","target":{"@type":"EntryPoint","urlTemplate":"https:\/\/www.professionalbyfama.com\/?s={search_term_string}"},"query-input":{"@type":"PropertyValueSpecification","valueRequired":true,"valueName":"search_term_string"}}],"inLanguage":"es-ES"},{"@type":"Organization","@id":"https:\/\/www.professionalbyfama.com\/#organization","name":"Professional By Fama","url":"https:\/\/www.professionalbyfama.com\/","logo":{"@type":"ImageObject","inLanguage":"es-ES","@id":"https:\/\/www.professionalbyfama.com\/#\/schema\/logo\/image\/","url":"https:\/\/www.professionalbyfama.com\/wp-content\/uploads\/2020\/03\/logo.png","contentUrl":"https:\/\/www.professionalbyfama.com\/wp-content\/uploads\/2020\/03\/logo.png","width":285,"height":88,"caption":"Professional By Fama"},"image":{"@id":"https:\/\/www.professionalbyfama.com\/#\/schema\/logo\/image\/"},"sameAs":["https:\/\/www.facebook.com\/ProfessionalByFamaItaly\/","https:\/\/x.com\/by_fama","https:\/\/www.instagram.com\/professionalbyfama\/","https:\/\/it.linkedin.com\/company\/professional-by-fama","https:\/\/www.youtube.com\/channel\/UC42gR3dWsu9TM5yjTVJlxdA"]}]}},"_links":{"self":[{"href":"https:\/\/www.professionalbyfama.com\/es\/wp-json\/wp\/v2\/product\/169648","targetHints":{"allow":["GET"]}}],"collection":[{"href":"https:\/\/www.professionalbyfama.com\/es\/wp-json\/wp\/v2\/product"}],"about":[{"href":"https:\/\/www.professionalbyfama.com\/es\/wp-json\/wp\/v2\/types\/product"}],"replies":[{"embeddable":true,"href":"https:\/\/www.professionalbyfama.com\/es\/wp-json\/wp\/v2\/comments?post=169648"}],"wp:featuredmedia":[{"embeddable":true,"href":"https:\/\/www.professionalbyfama.com\/es\/wp-json\/wp\/v2\/media\/169679"}],"wp:attachment":[{"href":"https:\/\/www.professionalbyfama.com\/es\/wp-json\/wp\/v2\/media?parent=169648"}],"wp:term":[{"taxonomy":"product_brand","embeddable":true,"href":"https:\/\/www.professionalbyfama.com\/es\/wp-json\/wp\/v2\/product_brand?post=169648"},{"taxonomy":"product_cat","embeddable":true,"href":"https:\/\/www.professionalbyfama.com\/es\/wp-json\/wp\/v2\/product_cat?post=169648"},{"taxonomy":"product_tag","embeddable":true,"href":"https:\/\/www.professionalbyfama.com\/es\/wp-json\/wp\/v2\/product_tag?post=169648"}],"curies":[{"name":"wp","href":"https:\/\/api.w.org\/{rel}","templated":true}]}}