{"id":86372,"date":"2020-03-24T15:49:31","date_gmt":"2020-03-24T14:49:31","guid":{"rendered":"http:\/\/www.professionalbyfama.com\/trattamento\/"},"modified":"2025-07-02T10:58:05","modified_gmt":"2025-07-02T08:58:05","slug":"tratamiento","status":"publish","type":"page","link":"https:\/\/www.professionalbyfama.com\/es\/tratamiento\/","title":{"rendered":"Tratamiento"},"content":{"rendered":"<p>[vc_row row_height_percent=&#8221;0&#8243; override_padding=&#8221;yes&#8221; h_padding=&#8221;2&#8243; top_padding=&#8221;5&#8243; bottom_padding=&#8221;5&#8243; overlay_alpha=&#8221;50&#8243; gutter_size=&#8221;4&#8243; column_width_percent=&#8221;100&#8243; shift_y=&#8221;0&#8243; z_index=&#8221;0&#8243;][vc_column column_width_percent=&#8221;100&#8243; gutter_size=&#8221;2&#8243; overlay_alpha=&#8221;50&#8243; shift_x=&#8221;0&#8243; shift_y=&#8221;0&#8243; shift_y_down=&#8221;0&#8243; z_index=&#8221;0&#8243; medium_width=&#8221;0&#8243; mobile_width=&#8221;0&#8243; width=&#8221;1\/1&#8243;][vc_custom_heading heading_semantic=&#8221;h6&#8243; text_size=&#8221;fontsize-160000&#8243; text_transform=&#8221;uppercase&#8221; text_space=&#8221;fontspace-135905&#8243; text_color=&#8221;accent&#8221;][\/vc_custom_heading][vc_empty_space empty_h=&#8221;2&#8243;][vc_row_inner][vc_column_inner column_width_percent=&#8221;100&#8243; gutter_size=&#8221;2&#8243; overlay_alpha=&#8221;50&#8243; shift_x=&#8221;0&#8243; shift_y=&#8221;0&#8243; shift_y_down=&#8221;0&#8243; z_index=&#8221;0&#8243; medium_width=&#8221;0&#8243; mobile_width=&#8221;0&#8243; width=&#8221;4\/12&#8243;][vc_empty_space empty_h=&#8221;2&#8243; desktop_visibility=&#8221;yes&#8221;][vc_single_image media=&#8221;97103&#8243; media_width_percent=&#8221;100&#8243;][vc_empty_space empty_h=&#8221;2&#8243; desktop_visibility=&#8221;yes&#8221;][\/vc_column_inner][vc_column_inner column_width_percent=&#8221;100&#8243; gutter_size=&#8221;3&#8243; overlay_alpha=&#8221;50&#8243; shift_x=&#8221;0&#8243; shift_y=&#8221;0&#8243; shift_y_down=&#8221;0&#8243; z_index=&#8221;0&#8243; medium_visibility=&#8221;yes&#8221; medium_width=&#8221;0&#8243; mobile_visibility=&#8221;yes&#8221; mobile_width=&#8221;0&#8243; width=&#8221;2\/12&#8243;][\/vc_column_inner][vc_column_inner width=&#8221;6\/12&#8243;][vc_column_text]El secreto para tener siempre un color perfecto es cuidar de \u00e9l cada d\u00eda. Sal\u00f3n y reventa se convierten en un \u00fanico sistema COLOR&amp;CARE que consiste en dos momentos estrechamente conectados e indispensables para hacer que cada color sea maravilloso.<br \/>\nDescubra ahora las dos almas de Wondher con f\u00f3rmulas, activos y texturas dedicados para el sal\u00f3n y la reventa.<br \/>\n[\/vc_column_text][\/vc_column_inner][\/vc_row_inner][\/vc_column][\/vc_row][vc_row unlock_row_content=&#8221;yes&#8221; row_height_percent=&#8221;0&#8243; override_padding=&#8221;yes&#8221; h_padding=&#8221;2&#8243; top_padding=&#8221;5&#8243; bottom_padding=&#8221;5&#8243; overlay_alpha=&#8221;50&#8243; gutter_size=&#8221;2&#8243; column_width_percent=&#8221;100&#8243; shift_y=&#8221;0&#8243; z_index=&#8221;0&#8243; css=&#8221;.vc_custom_1646751125489{margin-bottom: -50px !important;}&#8221;][vc_column column_width_percent=&#8221;100&#8243; position_vertical=&#8221;middle&#8221; align_horizontal=&#8221;align_center&#8221; gutter_size=&#8221;2&#8243; overlay_alpha=&#8221;50&#8243; shift_x=&#8221;0&#8243; shift_y=&#8221;0&#8243; shift_y_down=&#8221;0&#8243; z_index=&#8221;0&#8243; medium_width=&#8221;7&#8243; mobile_width=&#8221;7&#8243; width=&#8221;1\/2&#8243;][vc_single_image media=&#8221;104122&#8243; media_width_percent=&#8221;100&#8243; media_ratio=&#8221;four-three&#8221; advanced=&#8221;yes&#8221; media_items=&#8221;media|original,title&#8221; media_overlay_color=&#8221;color-wayh&#8221; media_overlay_opacity=&#8221;50&#8243; media_text_visible=&#8221;yes&#8221; media_text_anim=&#8221;no&#8221; media_overlay_visible=&#8221;yes&#8221; media_overlay_anim=&#8221;no&#8221; media_h_align=&#8221;center&#8221; media_padding=&#8221;3&#8243; media_title_dimension=&#8221;h2&#8243; css_animation=&#8221;alpha-anim&#8221; media_title_custom=&#8221;WondHer SALON&#8221; media_link=&#8221;url:https%3A%2F%2Fwww.professionalbyfama.com%2Fes%2Ftratamiento%2Fwondher-salon%2F|title:Wondher%20%E2%80%93%20Salon||&#8221; media_subtitle_custom=&#8221;Tagline&#8221;][vc_single_image media=&#8221;96964&#8243; media_width_percent=&#8221;100&#8243; media_ratio=&#8221;four-three&#8221; alignment=&#8221;center&#8221; advanced=&#8221;yes&#8221; media_items=&#8221;media|original,title&#8221; media_overlay_color=&#8221;color-wayh&#8221; media_overlay_opacity=&#8221;50&#8243; media_text_visible=&#8221;yes&#8221; media_text_anim=&#8221;no&#8221; media_overlay_visible=&#8221;yes&#8221; media_overlay_anim=&#8221;no&#8221; media_h_align=&#8221;center&#8221; media_padding=&#8221;3&#8243; media_title_dimension=&#8221;h2&#8243; css_animation=&#8221;alpha-anim&#8221; media_title_custom=&#8221;HYPNOTIC BLONDE&#8221; media_link=&#8221;url:https%3A%2F%2Fwww.professionalbyfama.com%2Fes%2Ftrattamento%2Fcuidado-del-color-rubio%2F|title:Hypnotic%20Blonde||&#8221;][vc_single_image media=&#8221;96970&#8243; media_width_percent=&#8221;100&#8243; media_ratio=&#8221;four-three&#8221; advanced=&#8221;yes&#8221; media_items=&#8221;media|original,title&#8221; media_overlay_color=&#8221;color-wayh&#8221; media_overlay_opacity=&#8221;50&#8243; media_text_visible=&#8221;yes&#8221; media_text_anim=&#8221;no&#8221; media_overlay_visible=&#8221;yes&#8221; media_overlay_anim=&#8221;no&#8221; media_h_align=&#8221;center&#8221; media_padding=&#8221;3&#8243; media_title_dimension=&#8221;h2&#8243; css_animation=&#8221;alpha-anim&#8221; media_title_custom=&#8221;MYSTIC RED&#8221; media_link=&#8221;url:https%3A%2F%2Fwww.professionalbyfama.com%2Fes%2Ftrattamento%2Fcuidado-del-color-rojo-y-cobre%2F|title:Mystic%20Red||&#8221;][vc_single_image media=&#8221;126457&#8243; media_width_percent=&#8221;100&#8243; media_ratio=&#8221;sixteen-nine&#8221; alignment=&#8221;center&#8221; advanced=&#8221;yes&#8221; media_items=&#8221;media|original,title&#8221; media_overlay_color=&#8221;color-wayh&#8221; media_overlay_opacity=&#8221;50&#8243; media_text_visible=&#8221;yes&#8221; media_text_anim=&#8221;no&#8221; media_overlay_visible=&#8221;yes&#8221; media_overlay_anim=&#8221;no&#8221; media_h_align=&#8221;center&#8221; media_padding=&#8221;3&#8243; media_title_dimension=&#8221;h2&#8243; css_animation=&#8221;alpha-anim&#8221; media_title_custom=&#8221;ICONIC&#8221; media_link=&#8221;url:https%3A%2F%2Fwww.professionalbyfama.com%2Fes%2Ftratamiento%2Fcuidado-del-color%2F|title:Cuidado%20Del%20Color%20%E2%80%93%20Cura%20del%20Colore%20%E2%80%93%20Iconic||&#8221;][\/vc_column][vc_column column_width_percent=&#8221;100&#8243; position_vertical=&#8221;middle&#8221; align_horizontal=&#8221;align_center&#8221; gutter_size=&#8221;2&#8243; overlay_alpha=&#8221;50&#8243; shift_x=&#8221;0&#8243; shift_y=&#8221;0&#8243; shift_y_down=&#8221;0&#8243; z_index=&#8221;0&#8243; medium_width=&#8221;7&#8243; mobile_width=&#8221;7&#8243; width=&#8221;1\/2&#8243;][vc_single_image media=&#8221;166213&#8243; media_width_percent=&#8221;100&#8243; media_ratio=&#8221;four-three&#8221; alignment=&#8221;center&#8221; advanced=&#8221;yes&#8221; media_items=&#8221;media|original,title&#8221; media_overlay_color=&#8221;color-wayh&#8221; media_overlay_opacity=&#8221;50&#8243; media_text_visible=&#8221;yes&#8221; media_text_anim=&#8221;no&#8221; media_overlay_visible=&#8221;yes&#8221; media_overlay_anim=&#8221;no&#8221; media_h_align=&#8221;center&#8221; media_padding=&#8221;3&#8243; media_title_dimension=&#8221;h2&#8243; css_animation=&#8221;alpha-anim&#8221; media_title_custom=&#8221;WondHer REPAIR&#8221; media_link=&#8221;url:https%3A%2F%2Fwww.professionalbyfama.com%2Fes%2Ftratamiento%2Fwondher-repair%2F|title:WondHer%20Repair||&#8221;][vc_single_image media=&#8221;96958&#8243; media_width_percent=&#8221;100&#8243; media_ratio=&#8221;four-three&#8221; advanced=&#8221;yes&#8221; media_items=&#8221;media|original,title&#8221; media_overlay_color=&#8221;color-wayh&#8221; media_overlay_opacity=&#8221;50&#8243; media_text_visible=&#8221;yes&#8221; media_text_anim=&#8221;no&#8221; media_overlay_visible=&#8221;yes&#8221; media_overlay_anim=&#8221;no&#8221; media_h_align=&#8221;center&#8221; media_padding=&#8221;3&#8243; media_title_dimension=&#8221;h2&#8243; css_animation=&#8221;alpha-anim&#8221; media_title_custom=&#8221;AUTHENTIC BROWN&#8221; media_link=&#8221;url:https%3A%2F%2Fwww.professionalbyfama.com%2Fes%2Ftrattamento%2Fcuidado-del-color-castano%2F|title:Authentic%20Brown||&#8221; media_subtitle_custom=&#8221;Tagline&#8221;][vc_single_image media=&#8221;96952&#8243; media_width_percent=&#8221;100&#8243; media_ratio=&#8221;four-three&#8221; advanced=&#8221;yes&#8221; media_items=&#8221;media|original,title&#8221; media_overlay_color=&#8221;color-wayh&#8221; media_overlay_opacity=&#8221;50&#8243; media_text_visible=&#8221;yes&#8221; media_text_anim=&#8221;no&#8221; media_overlay_visible=&#8221;yes&#8221; media_overlay_anim=&#8221;no&#8221; media_h_align=&#8221;center&#8221; media_padding=&#8221;3&#8243; media_title_dimension=&#8221;h2&#8243; css_animation=&#8221;alpha-anim&#8221; media_title_custom=&#8221;ARCTIC ICE&#8221; media_link=&#8221;url:https%3A%2F%2Fwww.professionalbyfama.com%2Fes%2Ftrattamento%2Fcuidado-del-color-grey-white%2F|title:%2B%2BCura%20Del%20Colore%20Biondo||&#8221; media_subtitle_custom=&#8221;Tagline&#8221;][vc_single_image media=&#8221;166206&#8243; media_width_percent=&#8221;80&#8243; alignment=&#8221;center&#8221; advanced=&#8221;yes&#8221; media_items=&#8221;media|original,title&#8221; media_overlay_color=&#8221;color-wayh&#8221; media_overlay_opacity=&#8221;50&#8243; media_text_visible=&#8221;yes&#8221; media_text_anim=&#8221;no&#8221; media_overlay_visible=&#8221;yes&#8221; media_overlay_anim=&#8221;no&#8221; media_h_align=&#8221;center&#8221; media_padding=&#8221;3&#8243; media_title_dimension=&#8221;h2&#8243; css_animation=&#8221;alpha-anim&#8221; media_title_custom=&#8221;PROTECCI\u00d3N DE LA PIEL&#8221; media_link=&#8221;url:https%3A%2F%2Fwww.professionalbyfama.com%2Fes%2Ftrattamento%2Fscalpforcolor%2F|title:Cura%20Della%20Cute||&#8221;][\/vc_column][\/vc_row]<\/p>\n","protected":false},"excerpt":{"rendered":"<p>[vc_row row_height_percent=&#8221;0&#8243; override_padding=&#8221;yes&#8221; h_padding=&#8221;2&#8243; top_padding=&#8221;5&#8243; bottom_padding=&#8221;5&#8243; overlay_alpha=&#8221;50&#8243; gutter_size=&#8221;4&#8243; column_width_percent=&#8221;100&#8243; shift_y=&#8221;0&#8243; z_index=&#8221;0&#8243;][vc_column column_width_percent=&#8221;100&#8243; gutter_size=&#8221;2&#8243; overlay_alpha=&#8221;50&#8243; shift_x=&#8221;0&#8243; shift_y=&#8221;0&#8243; shift_y_down=&#8221;0&#8243; z_index=&#8221;0&#8243; medium_width=&#8221;0&#8243; mobile_width=&#8221;0&#8243; width=&#8221;1\/1&#8243;][vc_custom_heading heading_semantic=&#8221;h6&#8243; text_size=&#8221;fontsize-160000&#8243; text_transform=&#8221;uppercase&#8221; text_space=&#8221;fontspace-135905&#8243; text_color=&#8221;accent&#8221;][\/vc_custom_heading][vc_empty_space empty_h=&#8221;2&#8243;][vc_row_inner][vc_column_inner column_width_percent=&#8221;100&#8243; gutter_size=&#8221;2&#8243; overlay_alpha=&#8221;50&#8243; shift_x=&#8221;0&#8243; shift_y=&#8221;0&#8243; shift_y_down=&#8221;0&#8243; z_index=&#8221;0&#8243; medium_width=&#8221;0&#8243; mobile_width=&#8221;0&#8243; width=&#8221;4\/12&#8243;][vc_empty_space empty_h=&#8221;2&#8243; desktop_visibility=&#8221;yes&#8221;][vc_single_image media=&#8221;97103&#8243; media_width_percent=&#8221;100&#8243;][vc_empty_space empty_h=&#8221;2&#8243; desktop_visibility=&#8221;yes&#8221;][\/vc_column_inner][vc_column_inner column_width_percent=&#8221;100&#8243; gutter_size=&#8221;3&#8243; overlay_alpha=&#8221;50&#8243; shift_x=&#8221;0&#8243; shift_y=&#8221;0&#8243; shift_y_down=&#8221;0&#8243; z_index=&#8221;0&#8243; medium_visibility=&#8221;yes&#8221; medium_width=&#8221;0&#8243; mobile_visibility=&#8221;yes&#8221; mobile_width=&#8221;0&#8243; width=&#8221;2\/12&#8243;][\/vc_column_inner][vc_column_inner [&hellip;]<\/p>\n","protected":false},"author":2,"featured_media":198930,"parent":0,"menu_order":0,"comment_status":"closed","ping_status":"closed","template":"","meta":{"_acf_changed":false,"footnotes":""},"class_list":["post-86372","page","type-page","status-publish","has-post-thumbnail","hentry"],"acf":[],"yoast_head":"<!-- This site is optimized with the Yoast SEO plugin v25.5 - https:\/\/yoast.com\/wordpress\/plugins\/seo\/ -->\n<title>Trattamenti Professionali Capelli | Professional By Fama<\/title>\n<meta name=\"description\" content=\"Prodotti specifici per chiudere il servizio di colorazione in salone e per proteggere qualsiasi tipo di colore cosmetico.\" \/>\n<meta name=\"robots\" content=\"index, follow, max-snippet:-1, max-image-preview:large, max-video-preview:-1\" \/>\n<link rel=\"canonical\" href=\"https:\/\/www.professionalbyfama.com\/es\/tratamiento\/\" \/>\n<meta property=\"og:locale\" content=\"es_ES\" \/>\n<meta property=\"og:type\" content=\"article\" \/>\n<meta property=\"og:title\" content=\"Trattamenti Professionali Capelli | Professional By Fama\" \/>\n<meta property=\"og:description\" content=\"Prodotti specifici per chiudere il servizio di colorazione in salone e per proteggere qualsiasi tipo di colore cosmetico.\" \/>\n<meta property=\"og:url\" content=\"https:\/\/www.professionalbyfama.com\/es\/tratamiento\/\" \/>\n<meta property=\"og:site_name\" content=\"Professional By Fama\" \/>\n<meta property=\"article:publisher\" content=\"https:\/\/www.facebook.com\/ProfessionalByFamaItaly\/\" \/>\n<meta property=\"article:modified_time\" content=\"2025-07-02T08:58:05+00:00\" \/>\n<meta property=\"og:image\" content=\"https:\/\/www.professionalbyfama.com\/wp-content\/uploads\/2025\/01\/7-logo-scaled.jpg\" \/>\n\t<meta property=\"og:image:width\" content=\"1707\" \/>\n\t<meta property=\"og:image:height\" content=\"2560\" \/>\n\t<meta property=\"og:image:type\" content=\"image\/jpeg\" \/>\n<meta name=\"twitter:card\" content=\"summary_large_image\" \/>\n<meta name=\"twitter:site\" content=\"@by_fama\" \/>\n<meta name=\"twitter:label1\" content=\"Est. reading time\" \/>\n\t<meta name=\"twitter:data1\" content=\"2 minutes\" \/>\n<script type=\"application\/ld+json\" class=\"yoast-schema-graph\">{\"@context\":\"https:\/\/schema.org\",\"@graph\":[{\"@type\":\"WebPage\",\"@id\":\"https:\/\/www.professionalbyfama.com\/es\/tratamiento\/\",\"url\":\"https:\/\/www.professionalbyfama.com\/es\/tratamiento\/\",\"name\":\"Trattamenti Professionali Capelli | Professional By Fama\",\"isPartOf\":{\"@id\":\"https:\/\/www.professionalbyfama.com\/#website\"},\"primaryImageOfPage\":{\"@id\":\"https:\/\/www.professionalbyfama.com\/es\/tratamiento\/#primaryimage\"},\"image\":{\"@id\":\"https:\/\/www.professionalbyfama.com\/es\/tratamiento\/#primaryimage\"},\"thumbnailUrl\":\"https:\/\/www.professionalbyfama.com\/wp-content\/uploads\/2026\/03\/PBF-REBEL-COLLECTION-GLOBAL-ADV-20260916-1-scaled.jpg\",\"datePublished\":\"2020-03-24T14:49:31+00:00\",\"dateModified\":\"2025-07-02T08:58:05+00:00\",\"description\":\"Prodotti specifici per chiudere il servizio di colorazione in salone e per proteggere qualsiasi tipo di colore cosmetico.\",\"breadcrumb\":{\"@id\":\"https:\/\/www.professionalbyfama.com\/es\/tratamiento\/#breadcrumb\"},\"inLanguage\":\"es-ES\",\"potentialAction\":[{\"@type\":\"ReadAction\",\"target\":[\"https:\/\/www.professionalbyfama.com\/es\/tratamiento\/\"]}]},{\"@type\":\"ImageObject\",\"inLanguage\":\"es-ES\",\"@id\":\"https:\/\/www.professionalbyfama.com\/es\/tratamiento\/#primaryimage\",\"url\":\"https:\/\/www.professionalbyfama.com\/wp-content\/uploads\/2026\/03\/PBF-REBEL-COLLECTION-GLOBAL-ADV-20260916-1-scaled.jpg\",\"contentUrl\":\"https:\/\/www.professionalbyfama.com\/wp-content\/uploads\/2026\/03\/PBF-REBEL-COLLECTION-GLOBAL-ADV-20260916-1-scaled.jpg\",\"width\":1745,\"height\":2560},{\"@type\":\"BreadcrumbList\",\"@id\":\"https:\/\/www.professionalbyfama.com\/es\/tratamiento\/#breadcrumb\",\"itemListElement\":[{\"@type\":\"ListItem\",\"position\":1,\"name\":\"Home\",\"item\":\"https:\/\/www.professionalbyfama.com\/es\/\"},{\"@type\":\"ListItem\",\"position\":2,\"name\":\"Tratamiento\"}]},{\"@type\":\"WebSite\",\"@id\":\"https:\/\/www.professionalbyfama.com\/#website\",\"url\":\"https:\/\/www.professionalbyfama.com\/\",\"name\":\"Professional By Fama\",\"description\":\"\",\"publisher\":{\"@id\":\"https:\/\/www.professionalbyfama.com\/#organization\"},\"potentialAction\":[{\"@type\":\"SearchAction\",\"target\":{\"@type\":\"EntryPoint\",\"urlTemplate\":\"https:\/\/www.professionalbyfama.com\/?s={search_term_string}\"},\"query-input\":{\"@type\":\"PropertyValueSpecification\",\"valueRequired\":true,\"valueName\":\"search_term_string\"}}],\"inLanguage\":\"es-ES\"},{\"@type\":\"Organization\",\"@id\":\"https:\/\/www.professionalbyfama.com\/#organization\",\"name\":\"Professional By Fama\",\"url\":\"https:\/\/www.professionalbyfama.com\/\",\"logo\":{\"@type\":\"ImageObject\",\"inLanguage\":\"es-ES\",\"@id\":\"https:\/\/www.professionalbyfama.com\/#\/schema\/logo\/image\/\",\"url\":\"https:\/\/www.professionalbyfama.com\/wp-content\/uploads\/2020\/03\/logo.png\",\"contentUrl\":\"https:\/\/www.professionalbyfama.com\/wp-content\/uploads\/2020\/03\/logo.png\",\"width\":285,\"height\":88,\"caption\":\"Professional By Fama\"},\"image\":{\"@id\":\"https:\/\/www.professionalbyfama.com\/#\/schema\/logo\/image\/\"},\"sameAs\":[\"https:\/\/www.facebook.com\/ProfessionalByFamaItaly\/\",\"https:\/\/x.com\/by_fama\",\"https:\/\/www.instagram.com\/professionalbyfama\/\",\"https:\/\/it.linkedin.com\/company\/professional-by-fama\",\"https:\/\/www.youtube.com\/channel\/UC42gR3dWsu9TM5yjTVJlxdA\"]}]}<\/script>\n<!-- \/ Yoast SEO plugin. -->","yoast_head_json":{"title":"Trattamenti Professionali Capelli | Professional By Fama","description":"Prodotti specifici per chiudere il servizio di colorazione in salone e per proteggere qualsiasi tipo di colore cosmetico.","robots":{"index":"index","follow":"follow","max-snippet":"max-snippet:-1","max-image-preview":"max-image-preview:large","max-video-preview":"max-video-preview:-1"},"canonical":"https:\/\/www.professionalbyfama.com\/es\/tratamiento\/","og_locale":"es_ES","og_type":"article","og_title":"Trattamenti Professionali Capelli | Professional By Fama","og_description":"Prodotti specifici per chiudere il servizio di colorazione in salone e per proteggere qualsiasi tipo di colore cosmetico.","og_url":"https:\/\/www.professionalbyfama.com\/es\/tratamiento\/","og_site_name":"Professional By Fama","article_publisher":"https:\/\/www.facebook.com\/ProfessionalByFamaItaly\/","article_modified_time":"2025-07-02T08:58:05+00:00","og_image":[{"width":1707,"height":2560,"url":"https:\/\/www.professionalbyfama.com\/wp-content\/uploads\/2025\/01\/7-logo-scaled.jpg","type":"image\/jpeg"}],"twitter_card":"summary_large_image","twitter_site":"@by_fama","twitter_misc":{"Est. reading time":"2 minutes"},"schema":{"@context":"https:\/\/schema.org","@graph":[{"@type":"WebPage","@id":"https:\/\/www.professionalbyfama.com\/es\/tratamiento\/","url":"https:\/\/www.professionalbyfama.com\/es\/tratamiento\/","name":"Trattamenti Professionali Capelli | Professional By Fama","isPartOf":{"@id":"https:\/\/www.professionalbyfama.com\/#website"},"primaryImageOfPage":{"@id":"https:\/\/www.professionalbyfama.com\/es\/tratamiento\/#primaryimage"},"image":{"@id":"https:\/\/www.professionalbyfama.com\/es\/tratamiento\/#primaryimage"},"thumbnailUrl":"https:\/\/www.professionalbyfama.com\/wp-content\/uploads\/2026\/03\/PBF-REBEL-COLLECTION-GLOBAL-ADV-20260916-1-scaled.jpg","datePublished":"2020-03-24T14:49:31+00:00","dateModified":"2025-07-02T08:58:05+00:00","description":"Prodotti specifici per chiudere il servizio di colorazione in salone e per proteggere qualsiasi tipo di colore cosmetico.","breadcrumb":{"@id":"https:\/\/www.professionalbyfama.com\/es\/tratamiento\/#breadcrumb"},"inLanguage":"es-ES","potentialAction":[{"@type":"ReadAction","target":["https:\/\/www.professionalbyfama.com\/es\/tratamiento\/"]}]},{"@type":"ImageObject","inLanguage":"es-ES","@id":"https:\/\/www.professionalbyfama.com\/es\/tratamiento\/#primaryimage","url":"https:\/\/www.professionalbyfama.com\/wp-content\/uploads\/2026\/03\/PBF-REBEL-COLLECTION-GLOBAL-ADV-20260916-1-scaled.jpg","contentUrl":"https:\/\/www.professionalbyfama.com\/wp-content\/uploads\/2026\/03\/PBF-REBEL-COLLECTION-GLOBAL-ADV-20260916-1-scaled.jpg","width":1745,"height":2560},{"@type":"BreadcrumbList","@id":"https:\/\/www.professionalbyfama.com\/es\/tratamiento\/#breadcrumb","itemListElement":[{"@type":"ListItem","position":1,"name":"Home","item":"https:\/\/www.professionalbyfama.com\/es\/"},{"@type":"ListItem","position":2,"name":"Tratamiento"}]},{"@type":"WebSite","@id":"https:\/\/www.professionalbyfama.com\/#website","url":"https:\/\/www.professionalbyfama.com\/","name":"Professional By Fama","description":"","publisher":{"@id":"https:\/\/www.professionalbyfama.com\/#organization"},"potentialAction":[{"@type":"SearchAction","target":{"@type":"EntryPoint","urlTemplate":"https:\/\/www.professionalbyfama.com\/?s={search_term_string}"},"query-input":{"@type":"PropertyValueSpecification","valueRequired":true,"valueName":"search_term_string"}}],"inLanguage":"es-ES"},{"@type":"Organization","@id":"https:\/\/www.professionalbyfama.com\/#organization","name":"Professional By Fama","url":"https:\/\/www.professionalbyfama.com\/","logo":{"@type":"ImageObject","inLanguage":"es-ES","@id":"https:\/\/www.professionalbyfama.com\/#\/schema\/logo\/image\/","url":"https:\/\/www.professionalbyfama.com\/wp-content\/uploads\/2020\/03\/logo.png","contentUrl":"https:\/\/www.professionalbyfama.com\/wp-content\/uploads\/2020\/03\/logo.png","width":285,"height":88,"caption":"Professional By Fama"},"image":{"@id":"https:\/\/www.professionalbyfama.com\/#\/schema\/logo\/image\/"},"sameAs":["https:\/\/www.facebook.com\/ProfessionalByFamaItaly\/","https:\/\/x.com\/by_fama","https:\/\/www.instagram.com\/professionalbyfama\/","https:\/\/it.linkedin.com\/company\/professional-by-fama","https:\/\/www.youtube.com\/channel\/UC42gR3dWsu9TM5yjTVJlxdA"]}]}},"_links":{"self":[{"href":"https:\/\/www.professionalbyfama.com\/es\/wp-json\/wp\/v2\/pages\/86372","targetHints":{"allow":["GET"]}}],"collection":[{"href":"https:\/\/www.professionalbyfama.com\/es\/wp-json\/wp\/v2\/pages"}],"about":[{"href":"https:\/\/www.professionalbyfama.com\/es\/wp-json\/wp\/v2\/types\/page"}],"author":[{"embeddable":true,"href":"https:\/\/www.professionalbyfama.com\/es\/wp-json\/wp\/v2\/users\/2"}],"replies":[{"embeddable":true,"href":"https:\/\/www.professionalbyfama.com\/es\/wp-json\/wp\/v2\/comments?post=86372"}],"version-history":[{"count":33,"href":"https:\/\/www.professionalbyfama.com\/es\/wp-json\/wp\/v2\/pages\/86372\/revisions"}],"predecessor-version":[{"id":166226,"href":"https:\/\/www.professionalbyfama.com\/es\/wp-json\/wp\/v2\/pages\/86372\/revisions\/166226"}],"wp:featuredmedia":[{"embeddable":true,"href":"https:\/\/www.professionalbyfama.com\/es\/wp-json\/wp\/v2\/media\/198930"}],"wp:attachment":[{"href":"https:\/\/www.professionalbyfama.com\/es\/wp-json\/wp\/v2\/media?parent=86372"}],"curies":[{"name":"wp","href":"https:\/\/api.w.org\/{rel}","templated":true}]}}