{"id":177829,"date":"2025-04-08T11:44:01","date_gmt":"2025-04-08T09:44:01","guid":{"rendered":"https:\/\/www.professionalbyfama.com\/gpsr-eu-2023-988-articolo-19-indirizzo-elettronico-della-persona-responsabile-in-ue\/"},"modified":"2025-04-08T12:39:14","modified_gmt":"2025-04-08T10:39:14","slug":"gpsr-eu-2023-988-articolo-19-indirizzo-elettronico-della-persona-responsabile-in-ue","status":"publish","type":"page","link":"https:\/\/www.professionalbyfama.com\/es\/gpsr-eu-2023-988-articolo-19-indirizzo-elettronico-della-persona-responsabile-in-ue\/","title":{"rendered":"GPSR EU 2023\/988 &#8211; Art\u00edculo 19 &#8211; direcci\u00f3n electr\u00f3nica de la persona responsable en la UE"},"content":{"rendered":"<p>El Reglamento sobre Seguridad General de los Productos (GPSR) UE 2023\/988 deroga la anterior Directiva 2001\/95\/CE y establece normas esenciales sobre la seguridad de los productos de consumo comercializados o puestos a disposici\u00f3n en el mercado de la UE.<\/p>\n<p>El GPSR no cubre los productos cosm\u00e9ticos, salvo la informaci\u00f3n adicional requerida para las ventas en l\u00ednea. Los productos cosm\u00e9ticos siguen estando regulados principalmente por el Reglamento sobre Cosm\u00e9ticos (CPR).<\/p>\n<p>El GPSR se aplica a partir del 13 de diciembre de 2024.<\/p>\n<p>Uno de los objetivos del GPSR es mejorar la trazabilidad y la comunicaci\u00f3n de la informaci\u00f3n relacionada con la seguridad de los productos vendidos en l\u00ednea en la UE.<\/p>\n<p><u>Direcci\u00f3n electr\u00f3nica de la persona responsable en la UE<\/u><\/p>\n<p>El art\u00edculo 19 del GPSP exige que toda la informaci\u00f3n sobre seguridad que normalmente se presenta al consumidor en el envase del producto (por ejemplo, lista de ingredientes, advertencias y precauciones, instrucciones para un uso seguro, etc.) tambi\u00e9n est\u00e9 disponible en el sitio web donde se vende el producto.<\/p>\n<p>Las advertencias, precauciones e instrucciones para un uso seguro deben facilitarse en las lenguas oficiales del Estado miembro de la UE en el que se encuentre el producto.<\/p>\n<p>Adem\u00e1s, el art\u00edculo 19 del GPSR exige que, junto a la direcci\u00f3n f\u00edsica de la persona responsable, figure tambi\u00e9n la direcci\u00f3n electr\u00f3nica (sitio web o correo electr\u00f3nico) en el sitio web donde se vende el producto.<\/p>\n<p><u>Cumplimiento de requisitos &#8211; plataformas en l\u00ednea<\/u><\/p>\n<ul>\n<li>Comunique esta url <a href=\"http:\/\/www.professionalbyfama.com\/gpsr\">professionalbyfama.com\/gpsr<\/a> a lo largo de la cadena de suministro.<\/li>\n<li>Aseg\u00farese de que esta url se incluya en todas las plataformas de comercio electr\u00f3nico en las que se vendan productos en l\u00ednea y en las que Professional by Fama sea la persona responsable de la UE, adem\u00e1s de la informaci\u00f3n sobre seguridad.<\/li>\n<li>Comunique toda la informaci\u00f3n de seguridad.<\/li>\n<li>Suba a las plataformas im\u00e1genes de los productos claramente legibles.<\/li>\n<\/ul>\n<p>Si esto no es posible, la informaci\u00f3n debe incluirse por separado o adicionalmente en la p\u00e1gina web donde se vende el producto.<\/p>\n<p>Para clientes actuales o futuros, p\u00f3ngase en contacto con la persona de referencia o enviar un e-mail a <a href=\"mailto:support.gpsr@professionalbyfama.com\">support.gpsr@professionalbyfama.com<\/a><u><br \/>\n<\/u><br \/>\nPara solicitudes de contacto de autoridades u otras organizaciones, rellene el siguiente formulario de contacto.<\/p>\n<p>&nbsp;<\/p>\n<p class=\"wpcf7-contact-form-not-found\"><strong>Error:<\/strong> Contact form not found.<\/p>\n","protected":false},"excerpt":{"rendered":"<p>El Reglamento sobre Seguridad General de los Productos (GPSR) UE 2023\/988 deroga la anterior Directiva 2001\/95\/CE y establece normas esenciales sobre la seguridad de los productos de consumo comercializados o puestos a disposici\u00f3n en el mercado de la UE. El GPSR no cubre los productos cosm\u00e9ticos, salvo la informaci\u00f3n adicional requerida para las ventas en [&hellip;]<\/p>\n","protected":false},"author":1248,"featured_media":0,"parent":0,"menu_order":0,"comment_status":"closed","ping_status":"closed","template":"","meta":{"_acf_changed":false,"footnotes":""},"class_list":["post-177829","page","type-page","status-publish","hentry"],"acf":[],"yoast_head":"<!-- This site is optimized with the Yoast SEO plugin v25.5 - https:\/\/yoast.com\/wordpress\/plugins\/seo\/ -->\n<title>GPSR EU 2023\/988 - Art\u00edculo 19 - direcci\u00f3n electr\u00f3nica de la persona responsable en la UE | Professional By Fama<\/title>\n<meta name=\"robots\" content=\"index, follow, max-snippet:-1, max-image-preview:large, max-video-preview:-1\" \/>\n<link rel=\"canonical\" href=\"https:\/\/www.professionalbyfama.com\/es\/gpsr-eu-2023-988-articolo-19-indirizzo-elettronico-della-persona-responsabile-in-ue\/\" \/>\n<meta property=\"og:locale\" content=\"es_ES\" \/>\n<meta property=\"og:type\" content=\"article\" \/>\n<meta property=\"og:title\" content=\"GPSR EU 2023\/988 - Art\u00edculo 19 - direcci\u00f3n electr\u00f3nica de la persona responsable en la UE | Professional By Fama\" \/>\n<meta property=\"og:description\" content=\"El Reglamento sobre Seguridad General de los Productos (GPSR) UE 2023\/988 deroga la anterior Directiva 2001\/95\/CE y establece normas esenciales sobre la seguridad de los productos de consumo comercializados o puestos a disposici\u00f3n en el mercado de la UE. El GPSR no cubre los productos cosm\u00e9ticos, salvo la informaci\u00f3n adicional requerida para las ventas en [&hellip;]\" \/>\n<meta property=\"og:url\" content=\"https:\/\/www.professionalbyfama.com\/es\/gpsr-eu-2023-988-articolo-19-indirizzo-elettronico-della-persona-responsabile-in-ue\/\" \/>\n<meta property=\"og:site_name\" content=\"Professional By Fama\" \/>\n<meta property=\"article:publisher\" content=\"https:\/\/www.facebook.com\/ProfessionalByFamaItaly\/\" \/>\n<meta property=\"article:modified_time\" content=\"2025-04-08T10:39:14+00:00\" \/>\n<meta name=\"twitter:card\" content=\"summary_large_image\" \/>\n<meta name=\"twitter:site\" content=\"@by_fama\" \/>\n<meta name=\"twitter:label1\" content=\"Est. reading time\" \/>\n\t<meta name=\"twitter:data1\" content=\"2 minutes\" \/>\n<script type=\"application\/ld+json\" class=\"yoast-schema-graph\">{\"@context\":\"https:\/\/schema.org\",\"@graph\":[{\"@type\":\"WebPage\",\"@id\":\"https:\/\/www.professionalbyfama.com\/es\/gpsr-eu-2023-988-articolo-19-indirizzo-elettronico-della-persona-responsabile-in-ue\/\",\"url\":\"https:\/\/www.professionalbyfama.com\/es\/gpsr-eu-2023-988-articolo-19-indirizzo-elettronico-della-persona-responsabile-in-ue\/\",\"name\":\"GPSR EU 2023\/988 - Art\u00edculo 19 - direcci\u00f3n electr\u00f3nica de la persona responsable en la UE | Professional By Fama\",\"isPartOf\":{\"@id\":\"https:\/\/www.professionalbyfama.com\/#website\"},\"datePublished\":\"2025-04-08T09:44:01+00:00\",\"dateModified\":\"2025-04-08T10:39:14+00:00\",\"breadcrumb\":{\"@id\":\"https:\/\/www.professionalbyfama.com\/es\/gpsr-eu-2023-988-articolo-19-indirizzo-elettronico-della-persona-responsabile-in-ue\/#breadcrumb\"},\"inLanguage\":\"es-ES\",\"potentialAction\":[{\"@type\":\"ReadAction\",\"target\":[\"https:\/\/www.professionalbyfama.com\/es\/gpsr-eu-2023-988-articolo-19-indirizzo-elettronico-della-persona-responsabile-in-ue\/\"]}]},{\"@type\":\"BreadcrumbList\",\"@id\":\"https:\/\/www.professionalbyfama.com\/es\/gpsr-eu-2023-988-articolo-19-indirizzo-elettronico-della-persona-responsabile-in-ue\/#breadcrumb\",\"itemListElement\":[{\"@type\":\"ListItem\",\"position\":1,\"name\":\"Home\",\"item\":\"https:\/\/www.professionalbyfama.com\/es\/\"},{\"@type\":\"ListItem\",\"position\":2,\"name\":\"GPSR EU 2023\/988 &#8211; Art\u00edculo 19 &#8211; direcci\u00f3n electr\u00f3nica de la persona responsable en la UE\"}]},{\"@type\":\"WebSite\",\"@id\":\"https:\/\/www.professionalbyfama.com\/#website\",\"url\":\"https:\/\/www.professionalbyfama.com\/\",\"name\":\"Professional By Fama\",\"description\":\"\",\"publisher\":{\"@id\":\"https:\/\/www.professionalbyfama.com\/#organization\"},\"potentialAction\":[{\"@type\":\"SearchAction\",\"target\":{\"@type\":\"EntryPoint\",\"urlTemplate\":\"https:\/\/www.professionalbyfama.com\/?s={search_term_string}\"},\"query-input\":{\"@type\":\"PropertyValueSpecification\",\"valueRequired\":true,\"valueName\":\"search_term_string\"}}],\"inLanguage\":\"es-ES\"},{\"@type\":\"Organization\",\"@id\":\"https:\/\/www.professionalbyfama.com\/#organization\",\"name\":\"Professional By Fama\",\"url\":\"https:\/\/www.professionalbyfama.com\/\",\"logo\":{\"@type\":\"ImageObject\",\"inLanguage\":\"es-ES\",\"@id\":\"https:\/\/www.professionalbyfama.com\/#\/schema\/logo\/image\/\",\"url\":\"https:\/\/www.professionalbyfama.com\/wp-content\/uploads\/2020\/03\/logo.png\",\"contentUrl\":\"https:\/\/www.professionalbyfama.com\/wp-content\/uploads\/2020\/03\/logo.png\",\"width\":285,\"height\":88,\"caption\":\"Professional By Fama\"},\"image\":{\"@id\":\"https:\/\/www.professionalbyfama.com\/#\/schema\/logo\/image\/\"},\"sameAs\":[\"https:\/\/www.facebook.com\/ProfessionalByFamaItaly\/\",\"https:\/\/x.com\/by_fama\",\"https:\/\/www.instagram.com\/professionalbyfama\/\",\"https:\/\/it.linkedin.com\/company\/professional-by-fama\",\"https:\/\/www.youtube.com\/channel\/UC42gR3dWsu9TM5yjTVJlxdA\"]}]}<\/script>\n<!-- \/ Yoast SEO plugin. -->","yoast_head_json":{"title":"GPSR EU 2023\/988 - Art\u00edculo 19 - direcci\u00f3n electr\u00f3nica de la persona responsable en la UE | Professional By Fama","robots":{"index":"index","follow":"follow","max-snippet":"max-snippet:-1","max-image-preview":"max-image-preview:large","max-video-preview":"max-video-preview:-1"},"canonical":"https:\/\/www.professionalbyfama.com\/es\/gpsr-eu-2023-988-articolo-19-indirizzo-elettronico-della-persona-responsabile-in-ue\/","og_locale":"es_ES","og_type":"article","og_title":"GPSR EU 2023\/988 - Art\u00edculo 19 - direcci\u00f3n electr\u00f3nica de la persona responsable en la UE | Professional By Fama","og_description":"El Reglamento sobre Seguridad General de los Productos (GPSR) UE 2023\/988 deroga la anterior Directiva 2001\/95\/CE y establece normas esenciales sobre la seguridad de los productos de consumo comercializados o puestos a disposici\u00f3n en el mercado de la UE. El GPSR no cubre los productos cosm\u00e9ticos, salvo la informaci\u00f3n adicional requerida para las ventas en [&hellip;]","og_url":"https:\/\/www.professionalbyfama.com\/es\/gpsr-eu-2023-988-articolo-19-indirizzo-elettronico-della-persona-responsabile-in-ue\/","og_site_name":"Professional By Fama","article_publisher":"https:\/\/www.facebook.com\/ProfessionalByFamaItaly\/","article_modified_time":"2025-04-08T10:39:14+00:00","twitter_card":"summary_large_image","twitter_site":"@by_fama","twitter_misc":{"Est. reading time":"2 minutes"},"schema":{"@context":"https:\/\/schema.org","@graph":[{"@type":"WebPage","@id":"https:\/\/www.professionalbyfama.com\/es\/gpsr-eu-2023-988-articolo-19-indirizzo-elettronico-della-persona-responsabile-in-ue\/","url":"https:\/\/www.professionalbyfama.com\/es\/gpsr-eu-2023-988-articolo-19-indirizzo-elettronico-della-persona-responsabile-in-ue\/","name":"GPSR EU 2023\/988 - Art\u00edculo 19 - direcci\u00f3n electr\u00f3nica de la persona responsable en la UE | Professional By Fama","isPartOf":{"@id":"https:\/\/www.professionalbyfama.com\/#website"},"datePublished":"2025-04-08T09:44:01+00:00","dateModified":"2025-04-08T10:39:14+00:00","breadcrumb":{"@id":"https:\/\/www.professionalbyfama.com\/es\/gpsr-eu-2023-988-articolo-19-indirizzo-elettronico-della-persona-responsabile-in-ue\/#breadcrumb"},"inLanguage":"es-ES","potentialAction":[{"@type":"ReadAction","target":["https:\/\/www.professionalbyfama.com\/es\/gpsr-eu-2023-988-articolo-19-indirizzo-elettronico-della-persona-responsabile-in-ue\/"]}]},{"@type":"BreadcrumbList","@id":"https:\/\/www.professionalbyfama.com\/es\/gpsr-eu-2023-988-articolo-19-indirizzo-elettronico-della-persona-responsabile-in-ue\/#breadcrumb","itemListElement":[{"@type":"ListItem","position":1,"name":"Home","item":"https:\/\/www.professionalbyfama.com\/es\/"},{"@type":"ListItem","position":2,"name":"GPSR EU 2023\/988 &#8211; Art\u00edculo 19 &#8211; direcci\u00f3n electr\u00f3nica de la persona responsable en la UE"}]},{"@type":"WebSite","@id":"https:\/\/www.professionalbyfama.com\/#website","url":"https:\/\/www.professionalbyfama.com\/","name":"Professional By Fama","description":"","publisher":{"@id":"https:\/\/www.professionalbyfama.com\/#organization"},"potentialAction":[{"@type":"SearchAction","target":{"@type":"EntryPoint","urlTemplate":"https:\/\/www.professionalbyfama.com\/?s={search_term_string}"},"query-input":{"@type":"PropertyValueSpecification","valueRequired":true,"valueName":"search_term_string"}}],"inLanguage":"es-ES"},{"@type":"Organization","@id":"https:\/\/www.professionalbyfama.com\/#organization","name":"Professional By Fama","url":"https:\/\/www.professionalbyfama.com\/","logo":{"@type":"ImageObject","inLanguage":"es-ES","@id":"https:\/\/www.professionalbyfama.com\/#\/schema\/logo\/image\/","url":"https:\/\/www.professionalbyfama.com\/wp-content\/uploads\/2020\/03\/logo.png","contentUrl":"https:\/\/www.professionalbyfama.com\/wp-content\/uploads\/2020\/03\/logo.png","width":285,"height":88,"caption":"Professional By Fama"},"image":{"@id":"https:\/\/www.professionalbyfama.com\/#\/schema\/logo\/image\/"},"sameAs":["https:\/\/www.facebook.com\/ProfessionalByFamaItaly\/","https:\/\/x.com\/by_fama","https:\/\/www.instagram.com\/professionalbyfama\/","https:\/\/it.linkedin.com\/company\/professional-by-fama","https:\/\/www.youtube.com\/channel\/UC42gR3dWsu9TM5yjTVJlxdA"]}]}},"_links":{"self":[{"href":"https:\/\/www.professionalbyfama.com\/es\/wp-json\/wp\/v2\/pages\/177829","targetHints":{"allow":["GET"]}}],"collection":[{"href":"https:\/\/www.professionalbyfama.com\/es\/wp-json\/wp\/v2\/pages"}],"about":[{"href":"https:\/\/www.professionalbyfama.com\/es\/wp-json\/wp\/v2\/types\/page"}],"author":[{"embeddable":true,"href":"https:\/\/www.professionalbyfama.com\/es\/wp-json\/wp\/v2\/users\/1248"}],"replies":[{"embeddable":true,"href":"https:\/\/www.professionalbyfama.com\/es\/wp-json\/wp\/v2\/comments?post=177829"}],"version-history":[{"count":2,"href":"https:\/\/www.professionalbyfama.com\/es\/wp-json\/wp\/v2\/pages\/177829\/revisions"}],"predecessor-version":[{"id":177858,"href":"https:\/\/www.professionalbyfama.com\/es\/wp-json\/wp\/v2\/pages\/177829\/revisions\/177858"}],"wp:attachment":[{"href":"https:\/\/www.professionalbyfama.com\/es\/wp-json\/wp\/v2\/media?parent=177829"}],"curies":[{"name":"wp","href":"https:\/\/api.w.org\/{rel}","templated":true}]}}