{"id":177817,"date":"2025-04-07T12:46:38","date_gmt":"2025-04-07T10:46:38","guid":{"rendered":"https:\/\/www.professionalbyfama.com\/whistleblowing\/"},"modified":"2025-04-08T11:35:32","modified_gmt":"2025-04-08T09:35:32","slug":"whistleblowing","status":"publish","type":"page","link":"https:\/\/www.professionalbyfama.com\/es\/whistleblowing\/","title":{"rendered":"Whistleblowing"},"content":{"rendered":"<p><strong>PROCEDURA WHISTLEBLOWING DELLA SOCIETA\u2019 PROFESSIONAL BY FAMA S.R.L.<\/strong><\/p>\n<p>In accordo con il D.lgs. 24 del 10 marzo 2023 e con gli standard etici delineati nei documenti e nelle politiche di governance, la societ\u00e0 Professional by Fama s.r.l. incoraggia e fornisce la possibilit\u00e0 a dipendenti, partners, fornitori e stakeholders in generale di segnalare condotte illecite rilevanti ai sensi del D. Lgs. 231\/2001, illeciti che rientrano nell\u2019ambito di applicazione degli atti dell\u2019Unione Europea o nazionali relativi ai settori individuati dal D. Lgs. 24\/2023 o comunque atti o fatti e violazioni delle procedure aziendali che possano costituire una condotta illecita o negligenza, attraverso una piattaforma dedicata che garantisca la riservatezza dell\u2019identit\u00e0 del segnalante.<\/p>\n<p>Obiettivo dell\u2019adozione di questo strumento \u00e8 di prevenire la realizzazione di non conformit\u00e0 o irregolarit\u00e0 all\u2019interno della Societ\u00e0, ma anche di coinvolgere tutti gli stakeholders e il pubblico, in generale, in un\u2019attivit\u00e0 di contrasto dell\u2019illegalit\u00e0, attraverso una partecipazione attiva e responsabile.<\/p>\n<p>\u00c8 precisa volont\u00e0 della societ\u00e0 \u00a0Professional by Fama s.r.l. assicurare che le segnalazioni delle violazioni avvengano in un contesto di fiducia reciproca e nell\u2019assoluto rispetto della riservatezza del segnalante, garantendo l\u2019assenza di qualsiasi forma di ritorsione e favorendo e tutelando il comportamento positivo del personale o degli altri soggetti legittimati individuati dalla normativa vigente che, venuti a conoscenza dell\u2019illecito o illegittimit\u00e0 dell\u2019operato di un altro soggetto in ambito lavorativo, decidano di <strong>segnalare in modo riservato<\/strong> tali atti o fatti presso gli organi preposti.<\/p>\n<p>Un\u2019efficace sistema di whistleblowing rappresenta per la Societ\u00e0 uno strumento importante per il costante\u00a0<strong>rispetto dei canoni di trasparenza e d\u2019integrit\u00e0\u00a0<\/strong>nella propria azione e un utile campanello d\u2019allarme che consente di adottare le appropriate misure.<\/p>\n<p>&nbsp;<\/p>\n<p><strong>PERCH\u00c9 SEGNALARE<\/strong><\/p>\n<p>I dipendenti o altri soggetti sono nella posizione di conoscere non conformit\u00e0 o irregolarit\u00e0 che l\u2019azienda non riesce a identificare in modo tempestivo. \u00c8 quindi importante che la societ\u00e0 abbia la possibilit\u00e0 di verificare e possibilmente correggere queste anomalie. Segnalazioni responsabili, effettuate in buona fede e nell\u2019interesse del bene comune, possono permettere all\u2019azienda di intercettare per tempo, porre rimedio e prevenire comportamenti illegittimi ed azioni irregolari di corruzione, frode o altre non conformit\u00e0 che rappresentano violazioni al codice etico aziendale e sono di danno all\u2019azienda ed eventualmente a terzi.<\/p>\n<p>&nbsp;<\/p>\n<p><strong>SEGNALAZIONI<\/strong><\/p>\n<p>Cliccando sul pulsante in fondo alla pagina si accede alla piattaforma di segnalazione. Le segnalazioni sono ricevute da un team in outsourcing esterno all\u2019organizzazione, il quale si impegna a gestirle in modo confidenziale e a non rivelare l\u2019identit\u00e0 del segnalante senza il suo consenso, in conformit\u00e0 con le disposizioni normative vigenti. I dati personali eventualmente presenti sono trattati nel rispetto della normativa Privacy vigente.<\/p>\n<p>Le segnalazioni possono essere inoltrate alla procedura di allerta interna dal\u00a0personale dipendente\u00a0e da coloro che comunque operano sulla base di rapporti che ne determinano l\u2019inserimento o una relazione con l\u2019organizzazione aziendale, anche in forma diversa dal rapporto di lavoro subordinato, quali:<\/p>\n<ul>\n<li>lavoratori autonomi, lavoratori e collaboratori esterni, liberi professionisti e consulenti\u00a0che svolgono la propria attivit\u00e0 lavorativa presso la Societ\u00e0;<\/li>\n<li>volontari e tirocinanti retribuiti e non retribuiti;<\/li>\n<li>azionisti e persone con funzioni di amministrazione, direzione, controllo, vigilanza o rappresentanza;<\/li>\n<li>fornitori, clienti, professionisti della Societ\u00e0.<\/li>\n<\/ul>\n<p>&nbsp;<\/p>\n<p><strong>TUTELE E RESPONSABILIT\u00c0 DEI I SOGGETTI COINVOLTI<\/strong><\/p>\n<p>La segnalazione deve essere effettuata in buona fede circostanziata e dettagliata. In ogni caso, le informazioni saranno trattate secondo criteri di confidenzialit\u00e0. Il segnalante in buona fede, inoltre, \u00e8 tutelato da possibili ritorsioni o condotte discriminatorie o comunque sleali conseguenti la segnalazione\u201d, in un clima di rispetto della dignit\u00e0 del segnalante stesso<strong>, <\/strong>come da normativa vigente.<\/p>\n<p>Durante l\u2019attivit\u00e0 di verifica e di accertamento di possibili non conformit\u00e0, gli individui oggetto delle segnalazioni potrebbero essere coinvolti o notificati di questa attivit\u00e0, ma, in nessun caso, verr\u00e0 avviato un procedimento unicamente a causa della segnalazione in assenza di concreti riscontri riguardo al contenuto di essa.<\/p>\n<p>Segnalazioni manifestamente infondate, opportunistiche e\/o effettuate al solo scopo di danneggiare il segnalato o soggetti comunque interessati dalla segnalazione, non verranno prese in considerazione e saranno passibili di sanzioni disciplinari e\/o di procedimenti giudiziari. Inoltre, per espressa previsione normativa non sono invece ammesse segnalazioni riguardanti contestazioni, rivendicazioni e richieste meramente personali del segnalante, quali, ad esempio, vertenze di lavoro, discriminazioni tra colleghi, conflitti interpersonali tra il segnalante e un altro lavoratore o con i superiori gerarchici e cos\u00ec via. Si rammenta che ANAC pu\u00f2 applicare, inoltre, una sanzione da \u20ac 500 a \u20ac 2.500 al segnalante, se ne viene accertata la responsabilit\u00e0 civile per diffamazione o calunnia in casi di dolo o colpa grave, anche con sentenza di primo grado.<\/p>\n<p>La societ\u00e0 Professional by Fama s.r.l.\u00a0 assicura l\u2019adozione di adeguati standard di sicurezza informatica per garantire la sicurezza delle segnalazioni, anche al fine di presidiare il rischio di accessi e trattamenti non autorizzati. Il trattamento dei dati avviene nel rispetto delle disposizioni di cui al Regolamento Europeo 2016\/679 (\u201cGDPR\u201d) e s.m.i., a cura da del fornitore nominato Responsabile del Trattamento dei dati.<\/p>\n<p>Prima di procedere con la segnalazione, occorre prendere visione dell\u2019Informativa relativa al trattamento dei dati personali.<\/p>\n<p>&nbsp;<\/p>\n<p><span class=\"btn-container\"><a class=\"custom-link btn btn-lg border-width-0 btn-color-683666 btn-flat btn-icon-left\" title=\"Beat\" href=\"https:\/\/professionalbyfama.cpkeeper.online\/keeper\/available-configuration-links\" data-title=\"Beat\">INVIA SEGNALAZIONE<\/a><\/span><\/p>\n","protected":false},"excerpt":{"rendered":"<p>PROCEDURA WHISTLEBLOWING DELLA SOCIETA\u2019 PROFESSIONAL BY FAMA S.R.L. In accordo con il D.lgs. 24 del 10 marzo 2023 e con gli standard etici delineati nei documenti e nelle politiche di governance, la societ\u00e0 Professional by Fama s.r.l. incoraggia e fornisce la possibilit\u00e0 a dipendenti, partners, fornitori e stakeholders in generale di segnalare condotte illecite rilevanti [&hellip;]<\/p>\n","protected":false},"author":1248,"featured_media":0,"parent":0,"menu_order":0,"comment_status":"closed","ping_status":"closed","template":"","meta":{"_acf_changed":false,"footnotes":""},"class_list":["post-177817","page","type-page","status-publish","hentry"],"acf":[],"yoast_head":"<!-- This site is optimized with the Yoast SEO plugin v25.5 - https:\/\/yoast.com\/wordpress\/plugins\/seo\/ -->\n<title>Whistleblowing | Professional By Fama<\/title>\n<meta name=\"robots\" content=\"index, follow, max-snippet:-1, max-image-preview:large, max-video-preview:-1\" \/>\n<link rel=\"canonical\" href=\"https:\/\/www.professionalbyfama.com\/es\/whistleblowing\/\" \/>\n<meta property=\"og:locale\" content=\"es_ES\" \/>\n<meta property=\"og:type\" content=\"article\" \/>\n<meta property=\"og:title\" content=\"Whistleblowing | Professional By Fama\" \/>\n<meta property=\"og:description\" content=\"PROCEDURA WHISTLEBLOWING DELLA SOCIETA\u2019 PROFESSIONAL BY FAMA S.R.L. In accordo con il D.lgs. 24 del 10 marzo 2023 e con gli standard etici delineati nei documenti e nelle politiche di governance, la societ\u00e0 Professional by Fama s.r.l. incoraggia e fornisce la possibilit\u00e0 a dipendenti, partners, fornitori e stakeholders in generale di segnalare condotte illecite rilevanti [&hellip;]\" \/>\n<meta property=\"og:url\" content=\"https:\/\/www.professionalbyfama.com\/es\/whistleblowing\/\" \/>\n<meta property=\"og:site_name\" content=\"Professional By Fama\" \/>\n<meta property=\"article:publisher\" content=\"https:\/\/www.facebook.com\/ProfessionalByFamaItaly\/\" \/>\n<meta property=\"article:modified_time\" content=\"2025-04-08T09:35:32+00:00\" \/>\n<meta name=\"twitter:card\" content=\"summary_large_image\" \/>\n<meta name=\"twitter:site\" content=\"@by_fama\" \/>\n<meta name=\"twitter:label1\" content=\"Est. reading time\" \/>\n\t<meta name=\"twitter:data1\" content=\"5 minutes\" \/>\n<script type=\"application\/ld+json\" class=\"yoast-schema-graph\">{\"@context\":\"https:\/\/schema.org\",\"@graph\":[{\"@type\":\"WebPage\",\"@id\":\"https:\/\/www.professionalbyfama.com\/es\/whistleblowing\/\",\"url\":\"https:\/\/www.professionalbyfama.com\/es\/whistleblowing\/\",\"name\":\"Whistleblowing | Professional By Fama\",\"isPartOf\":{\"@id\":\"https:\/\/www.professionalbyfama.com\/#website\"},\"datePublished\":\"2025-04-07T10:46:38+00:00\",\"dateModified\":\"2025-04-08T09:35:32+00:00\",\"breadcrumb\":{\"@id\":\"https:\/\/www.professionalbyfama.com\/es\/whistleblowing\/#breadcrumb\"},\"inLanguage\":\"es-ES\",\"potentialAction\":[{\"@type\":\"ReadAction\",\"target\":[\"https:\/\/www.professionalbyfama.com\/es\/whistleblowing\/\"]}]},{\"@type\":\"BreadcrumbList\",\"@id\":\"https:\/\/www.professionalbyfama.com\/es\/whistleblowing\/#breadcrumb\",\"itemListElement\":[{\"@type\":\"ListItem\",\"position\":1,\"name\":\"Home\",\"item\":\"https:\/\/www.professionalbyfama.com\/es\/\"},{\"@type\":\"ListItem\",\"position\":2,\"name\":\"Whistleblowing\"}]},{\"@type\":\"WebSite\",\"@id\":\"https:\/\/www.professionalbyfama.com\/#website\",\"url\":\"https:\/\/www.professionalbyfama.com\/\",\"name\":\"Professional By Fama\",\"description\":\"\",\"publisher\":{\"@id\":\"https:\/\/www.professionalbyfama.com\/#organization\"},\"potentialAction\":[{\"@type\":\"SearchAction\",\"target\":{\"@type\":\"EntryPoint\",\"urlTemplate\":\"https:\/\/www.professionalbyfama.com\/?s={search_term_string}\"},\"query-input\":{\"@type\":\"PropertyValueSpecification\",\"valueRequired\":true,\"valueName\":\"search_term_string\"}}],\"inLanguage\":\"es-ES\"},{\"@type\":\"Organization\",\"@id\":\"https:\/\/www.professionalbyfama.com\/#organization\",\"name\":\"Professional By Fama\",\"url\":\"https:\/\/www.professionalbyfama.com\/\",\"logo\":{\"@type\":\"ImageObject\",\"inLanguage\":\"es-ES\",\"@id\":\"https:\/\/www.professionalbyfama.com\/#\/schema\/logo\/image\/\",\"url\":\"https:\/\/www.professionalbyfama.com\/wp-content\/uploads\/2020\/03\/logo.png\",\"contentUrl\":\"https:\/\/www.professionalbyfama.com\/wp-content\/uploads\/2020\/03\/logo.png\",\"width\":285,\"height\":88,\"caption\":\"Professional By Fama\"},\"image\":{\"@id\":\"https:\/\/www.professionalbyfama.com\/#\/schema\/logo\/image\/\"},\"sameAs\":[\"https:\/\/www.facebook.com\/ProfessionalByFamaItaly\/\",\"https:\/\/x.com\/by_fama\",\"https:\/\/www.instagram.com\/professionalbyfama\/\",\"https:\/\/it.linkedin.com\/company\/professional-by-fama\",\"https:\/\/www.youtube.com\/channel\/UC42gR3dWsu9TM5yjTVJlxdA\"]}]}<\/script>\n<!-- \/ Yoast SEO plugin. -->","yoast_head_json":{"title":"Whistleblowing | Professional By Fama","robots":{"index":"index","follow":"follow","max-snippet":"max-snippet:-1","max-image-preview":"max-image-preview:large","max-video-preview":"max-video-preview:-1"},"canonical":"https:\/\/www.professionalbyfama.com\/es\/whistleblowing\/","og_locale":"es_ES","og_type":"article","og_title":"Whistleblowing | Professional By Fama","og_description":"PROCEDURA WHISTLEBLOWING DELLA SOCIETA\u2019 PROFESSIONAL BY FAMA S.R.L. In accordo con il D.lgs. 24 del 10 marzo 2023 e con gli standard etici delineati nei documenti e nelle politiche di governance, la societ\u00e0 Professional by Fama s.r.l. incoraggia e fornisce la possibilit\u00e0 a dipendenti, partners, fornitori e stakeholders in generale di segnalare condotte illecite rilevanti [&hellip;]","og_url":"https:\/\/www.professionalbyfama.com\/es\/whistleblowing\/","og_site_name":"Professional By Fama","article_publisher":"https:\/\/www.facebook.com\/ProfessionalByFamaItaly\/","article_modified_time":"2025-04-08T09:35:32+00:00","twitter_card":"summary_large_image","twitter_site":"@by_fama","twitter_misc":{"Est. reading time":"5 minutes"},"schema":{"@context":"https:\/\/schema.org","@graph":[{"@type":"WebPage","@id":"https:\/\/www.professionalbyfama.com\/es\/whistleblowing\/","url":"https:\/\/www.professionalbyfama.com\/es\/whistleblowing\/","name":"Whistleblowing | Professional By Fama","isPartOf":{"@id":"https:\/\/www.professionalbyfama.com\/#website"},"datePublished":"2025-04-07T10:46:38+00:00","dateModified":"2025-04-08T09:35:32+00:00","breadcrumb":{"@id":"https:\/\/www.professionalbyfama.com\/es\/whistleblowing\/#breadcrumb"},"inLanguage":"es-ES","potentialAction":[{"@type":"ReadAction","target":["https:\/\/www.professionalbyfama.com\/es\/whistleblowing\/"]}]},{"@type":"BreadcrumbList","@id":"https:\/\/www.professionalbyfama.com\/es\/whistleblowing\/#breadcrumb","itemListElement":[{"@type":"ListItem","position":1,"name":"Home","item":"https:\/\/www.professionalbyfama.com\/es\/"},{"@type":"ListItem","position":2,"name":"Whistleblowing"}]},{"@type":"WebSite","@id":"https:\/\/www.professionalbyfama.com\/#website","url":"https:\/\/www.professionalbyfama.com\/","name":"Professional By Fama","description":"","publisher":{"@id":"https:\/\/www.professionalbyfama.com\/#organization"},"potentialAction":[{"@type":"SearchAction","target":{"@type":"EntryPoint","urlTemplate":"https:\/\/www.professionalbyfama.com\/?s={search_term_string}"},"query-input":{"@type":"PropertyValueSpecification","valueRequired":true,"valueName":"search_term_string"}}],"inLanguage":"es-ES"},{"@type":"Organization","@id":"https:\/\/www.professionalbyfama.com\/#organization","name":"Professional By Fama","url":"https:\/\/www.professionalbyfama.com\/","logo":{"@type":"ImageObject","inLanguage":"es-ES","@id":"https:\/\/www.professionalbyfama.com\/#\/schema\/logo\/image\/","url":"https:\/\/www.professionalbyfama.com\/wp-content\/uploads\/2020\/03\/logo.png","contentUrl":"https:\/\/www.professionalbyfama.com\/wp-content\/uploads\/2020\/03\/logo.png","width":285,"height":88,"caption":"Professional By Fama"},"image":{"@id":"https:\/\/www.professionalbyfama.com\/#\/schema\/logo\/image\/"},"sameAs":["https:\/\/www.facebook.com\/ProfessionalByFamaItaly\/","https:\/\/x.com\/by_fama","https:\/\/www.instagram.com\/professionalbyfama\/","https:\/\/it.linkedin.com\/company\/professional-by-fama","https:\/\/www.youtube.com\/channel\/UC42gR3dWsu9TM5yjTVJlxdA"]}]}},"_links":{"self":[{"href":"https:\/\/www.professionalbyfama.com\/es\/wp-json\/wp\/v2\/pages\/177817","targetHints":{"allow":["GET"]}}],"collection":[{"href":"https:\/\/www.professionalbyfama.com\/es\/wp-json\/wp\/v2\/pages"}],"about":[{"href":"https:\/\/www.professionalbyfama.com\/es\/wp-json\/wp\/v2\/types\/page"}],"author":[{"embeddable":true,"href":"https:\/\/www.professionalbyfama.com\/es\/wp-json\/wp\/v2\/users\/1248"}],"replies":[{"embeddable":true,"href":"https:\/\/www.professionalbyfama.com\/es\/wp-json\/wp\/v2\/comments?post=177817"}],"version-history":[{"count":1,"href":"https:\/\/www.professionalbyfama.com\/es\/wp-json\/wp\/v2\/pages\/177817\/revisions"}],"predecessor-version":[{"id":177818,"href":"https:\/\/www.professionalbyfama.com\/es\/wp-json\/wp\/v2\/pages\/177817\/revisions\/177818"}],"wp:attachment":[{"href":"https:\/\/www.professionalbyfama.com\/es\/wp-json\/wp\/v2\/media?parent=177817"}],"curies":[{"name":"wp","href":"https:\/\/api.w.org\/{rel}","templated":true}]}}