{"id":109187,"date":"2021-09-20T17:06:50","date_gmt":"2021-09-20T15:06:50","guid":{"rendered":"https:\/\/www.professionalbyfama.com\/?page_id=109187"},"modified":"2023-06-27T16:25:56","modified_gmt":"2023-06-27T14:25:56","slug":"blondher-lightening","status":"publish","type":"page","link":"https:\/\/www.professionalbyfama.com\/es\/color\/new-blondher-sistema-de-blanqueo\/blondher-lightening\/","title":{"rendered":"Blondher Lightening"},"content":{"rendered":"<p>[vc_row row_height_percent=&#8221;0&#8243; override_padding=&#8221;yes&#8221; h_padding=&#8221;2&#8243; top_padding=&#8221;0&#8243; bottom_padding=&#8221;0&#8243; overlay_alpha=&#8221;50&#8243; gutter_size=&#8221;3&#8243; column_width_percent=&#8221;100&#8243; shift_y=&#8221;0&#8243; z_index=&#8221;0&#8243;][vc_column column_width_percent=&#8221;100&#8243; gutter_size=&#8221;3&#8243; override_padding=&#8221;yes&#8221; column_padding=&#8221;3&#8243; back_color=&#8221;color-xsdn&#8221; overlay_alpha=&#8221;50&#8243; shift_x=&#8221;0&#8243; shift_y=&#8221;-4&#8243; shift_y_fixed=&#8221;yes&#8221; shift_y_down=&#8221;0&#8243; z_index=&#8221;0&#8243; medium_width=&#8221;0&#8243; mobile_width=&#8221;0&#8243; width=&#8221;1\/1&#8243;][vc_row_inner row_inner_height_percent=&#8221;0&#8243; overlay_alpha=&#8221;50&#8243; equal_height=&#8221;yes&#8221; gutter_size=&#8221;0&#8243; shift_y=&#8221;0&#8243;][vc_column_inner column_width_percent=&#8221;100&#8243; position_vertical=&#8221;middle&#8221; align_horizontal=&#8221;align_center&#8221; gutter_size=&#8221;3&#8243; override_padding=&#8221;yes&#8221; column_padding=&#8221;2&#8243; font_family=&#8221;font-669015&#8243; overlay_alpha=&#8221;50&#8243; border_color=&#8221;color-gyho&#8221; border_style=&#8221;solid&#8221; shift_x=&#8221;0&#8243; shift_y=&#8221;0&#8243; shift_y_down=&#8221;0&#8243; z_index=&#8221;0&#8243; medium_width=&#8221;2&#8243; align_mobile=&#8221;align_center_mobile&#8221; mobile_width=&#8221;0&#8243; width=&#8221;1\/1&#8243; css=&#8221;.vc_custom_1588088252772{border-right-width: 1px !important;}&#8221;][vc_single_image media=&#8221;109294&#8243; media_width_percent=&#8221;80&#8243; alignment=&#8221;center&#8221;][vc_custom_heading text_size=&#8221;fontsize-155944&#8243; text_weight=&#8221;200&#8243; text_space=&#8221;fontspace-781688&#8243; css_animation=&#8221;alpha-anim&#8221;]<b>Blondher Lightening<\/b>[\/vc_custom_heading][\/vc_column_inner][\/vc_row_inner][vc_empty_space empty_h=&#8221;2&#8243;][\/vc_column][\/vc_row][vc_row][vc_column width=&#8221;1\/2&#8243;][vc_single_image media=&#8221;109302&#8243; media_width_percent=&#8221;90&#8243; alignment=&#8221;center&#8221; css_animation=&#8221;alpha-anim&#8221;][\/vc_column][vc_column width=&#8221;1\/2&#8243;][vc_custom_heading]K-PRO[\/vc_custom_heading][vc_column_text text_lead=&#8221;yes&#8221; css_animation=&#8221;alpha-anim&#8221;]Un complejo a base de prote\u00ednas vegetales que, gracias a su composici\u00f3n qu\u00edmica, act\u00faan a dos niveles:<\/p>\n<ul>\n<li><strong>internos<\/strong>: penetran en la corteza, fortaleciendo la estructura del cabello<\/li>\n<li><strong>externos<\/strong>: crean una pel\u00edcula protectora en la superficie del cabello, sellando las cut\u00edculas.<\/li>\n<\/ul>\n<p>[\/vc_column_text][\/vc_column][\/vc_row][vc_row row_height_percent=&#8221;0&#8243; override_padding=&#8221;yes&#8221; h_padding=&#8221;2&#8243; top_padding=&#8221;5&#8243; bottom_padding=&#8221;5&#8243; overlay_alpha=&#8221;50&#8243; gutter_size=&#8221;3&#8243; column_width_percent=&#8221;100&#8243; shift_y=&#8221;0&#8243; z_index=&#8221;0&#8243; top_divider=&#8221;step&#8221;][vc_column column_width_percent=&#8221;100&#8243; align_horizontal=&#8221;align_center&#8221; gutter_size=&#8221;4&#8243; overlay_alpha=&#8221;100&#8243; shift_x=&#8221;0&#8243; shift_y=&#8221;0&#8243; shift_y_down=&#8221;0&#8243; z_index=&#8221;0&#8243; medium_width=&#8221;0&#8243; mobile_width=&#8221;0&#8243; zoom_width=&#8221;0&#8243; zoom_height=&#8221;0&#8243; width=&#8221;1\/1&#8243; mobile_width_full=&#8221;&#8221;][uncode_index el_id=&#8221;index-15687&#8243; isotope_mode=&#8221;fitRows&#8221; loop=&#8221;size:All|order_by:date|order:DESC|post_type:product|tax_query:241&#8243; gutter_size=&#8221;2&#8243; post_items=&#8221;title,media,text,link,author,date,category,extra&#8221; page_items=&#8221;title,media,text,category&#8221; product_items=&#8221;title,media|featured|onpost|original|hide-sale|enhanced-atc,price|inline,spacer|half&#8221; portfolio_items=&#8221;title,media,text,category&#8221; screen_lg=&#8221;900&#8243; screen_md=&#8221;600&#8243; screen_sm=&#8221;480&#8243; images_size=&#8221;three-four&#8221; single_shape=&#8221;round&#8221; radius=&#8221;xs&#8221; single_overlay_opacity=&#8221;20&#8243; single_image_anim=&#8221;no&#8221; single_h_align=&#8221;center&#8221; single_padding=&#8221;1&#8243; single_title_dimension=&#8221;fontsize-160000&#8243; single_border=&#8221;yes&#8221; single_css_animation=&#8221;bottom-t-top&#8221; single_animation_delay=&#8221;200&#8243; custom_order=&#8221;yes&#8221; no_double_tap=&#8221;yes&#8221; carousel_rtl=&#8221;&#8221; single_title_uppercase=&#8221;&#8221; filtering_menu=&#8221;inline&#8221; single_block_click=&#8221;&#8221; single_text_hover=&#8221;&#8221; single_no_background=&#8221;&#8221; single_title_serif=&#8221;&#8221; single_title_divider=&#8221;&#8221;][\/vc_column][\/vc_row][vc_row row_height_percent=&#8221;0&#8243; override_padding=&#8221;yes&#8221; h_padding=&#8221;2&#8243; top_padding=&#8221;5&#8243; bottom_padding=&#8221;5&#8243; overlay_alpha=&#8221;100&#8243; gutter_size=&#8221;100&#8243; column_width_percent=&#8221;100&#8243; shift_y=&#8221;0&#8243; z_index=&#8221;0&#8243; row_width=&#8221;1000&#8243; block_height=&#8221;0&#8243; back_alpha=&#8221;100&#8243; border_size=&#8221;1&#8243; style=&#8221;inherited&#8221;][vc_column column_width_use_pixel=&#8221;yes&#8221; position_vertical=&#8221;middle&#8221; align_horizontal=&#8221;align_center&#8221; gutter_size=&#8221;3&#8243; overlay_alpha=&#8221;100&#8243; shift_x=&#8221;0&#8243; shift_y=&#8221;0&#8243; shift_y_down=&#8221;0&#8243; z_index=&#8221;0&#8243; medium_width=&#8221;0&#8243; mobile_width=&#8221;0&#8243; zoom_width=&#8221;0&#8243; zoom_height=&#8221;0&#8243; width=&#8221;1\/1&#8243; max_width=&#8221;100&#8243; align_vertical=&#8221;top&#8221; back_alpha=&#8221;100&#8243;][vc_button border_width=&#8221;0&#8243; link=&#8221;url:https%3A%2F%2Fwww.professionalbyfama.com%2Fes%2Fcolor%2Fnew-blondher-sistema-de-blanqueo%2F|title:NEW%20BLONDHER%20SISTEMA%20DE%20BLANQUEO||&#8221;]Volver a BlondHer[\/vc_button][vc_empty_space empty_h=&#8221;0&#8243;][\/vc_column][\/vc_row]<\/p>\n","protected":false},"excerpt":{"rendered":"<p>[vc_row row_height_percent=&#8221;0&#8243; override_padding=&#8221;yes&#8221; h_padding=&#8221;2&#8243; top_padding=&#8221;0&#8243; bottom_padding=&#8221;0&#8243; overlay_alpha=&#8221;50&#8243; gutter_size=&#8221;3&#8243; column_width_percent=&#8221;100&#8243; shift_y=&#8221;0&#8243; z_index=&#8221;0&#8243;][vc_column column_width_percent=&#8221;100&#8243; gutter_size=&#8221;3&#8243; override_padding=&#8221;yes&#8221; column_padding=&#8221;3&#8243; back_color=&#8221;color-xsdn&#8221; overlay_alpha=&#8221;50&#8243; shift_x=&#8221;0&#8243; shift_y=&#8221;-4&#8243; shift_y_fixed=&#8221;yes&#8221; shift_y_down=&#8221;0&#8243; z_index=&#8221;0&#8243; medium_width=&#8221;0&#8243; mobile_width=&#8221;0&#8243; width=&#8221;1\/1&#8243;][vc_row_inner row_inner_height_percent=&#8221;0&#8243; overlay_alpha=&#8221;50&#8243; equal_height=&#8221;yes&#8221; gutter_size=&#8221;0&#8243; shift_y=&#8221;0&#8243;][vc_column_inner column_width_percent=&#8221;100&#8243; position_vertical=&#8221;middle&#8221; align_horizontal=&#8221;align_center&#8221; gutter_size=&#8221;3&#8243; override_padding=&#8221;yes&#8221; column_padding=&#8221;2&#8243; font_family=&#8221;font-669015&#8243; overlay_alpha=&#8221;50&#8243; border_color=&#8221;color-gyho&#8221; border_style=&#8221;solid&#8221; shift_x=&#8221;0&#8243; shift_y=&#8221;0&#8243; shift_y_down=&#8221;0&#8243; z_index=&#8221;0&#8243; medium_width=&#8221;2&#8243; align_mobile=&#8221;align_center_mobile&#8221; mobile_width=&#8221;0&#8243; width=&#8221;1\/1&#8243; css=&#8221;.vc_custom_1588088252772{border-right-width: 1px !important;}&#8221;][vc_single_image media=&#8221;109294&#8243; media_width_percent=&#8221;80&#8243; alignment=&#8221;center&#8221;][vc_custom_heading text_size=&#8221;fontsize-155944&#8243; [&hellip;]<\/p>\n","protected":false},"author":2,"featured_media":0,"parent":86329,"menu_order":0,"comment_status":"closed","ping_status":"closed","template":"","meta":{"_acf_changed":false,"footnotes":""},"class_list":["post-109187","page","type-page","status-publish","hentry"],"acf":[],"yoast_head":"<!-- This site is optimized with the Yoast SEO plugin v25.5 - https:\/\/yoast.com\/wordpress\/plugins\/seo\/ -->\n<title>Cura della Struttura dei Capelli | Professional By Fama<\/title>\n<meta name=\"description\" content=\"Scopri la nostra selezione dei migliori prodotti per la cura della struttura dei capelli: fiale con fluido ristrutturante, maschere e lozioni riparatrici.\" \/>\n<meta name=\"robots\" content=\"index, follow, max-snippet:-1, max-image-preview:large, max-video-preview:-1\" \/>\n<link rel=\"canonical\" href=\"https:\/\/www.professionalbyfama.com\/es\/color\/new-blondher-sistema-de-blanqueo\/blondher-lightening\/\" \/>\n<meta property=\"og:locale\" content=\"es_ES\" \/>\n<meta property=\"og:type\" content=\"article\" \/>\n<meta property=\"og:title\" content=\"Cura della Struttura dei Capelli | Professional By Fama\" \/>\n<meta property=\"og:description\" content=\"Scopri la nostra selezione dei migliori prodotti per la cura della struttura dei capelli: fiale con fluido ristrutturante, maschere e lozioni riparatrici.\" \/>\n<meta property=\"og:url\" content=\"https:\/\/www.professionalbyfama.com\/es\/color\/new-blondher-sistema-de-blanqueo\/blondher-lightening\/\" \/>\n<meta property=\"og:site_name\" content=\"Professional By Fama\" \/>\n<meta property=\"article:publisher\" content=\"https:\/\/www.facebook.com\/ProfessionalByFamaItaly\/\" \/>\n<meta property=\"article:modified_time\" content=\"2023-06-27T14:25:56+00:00\" \/>\n<meta name=\"twitter:card\" content=\"summary_large_image\" \/>\n<meta name=\"twitter:site\" content=\"@by_fama\" \/>\n<meta name=\"twitter:label1\" content=\"Est. reading time\" \/>\n\t<meta name=\"twitter:data1\" content=\"2 minutes\" \/>\n<script type=\"application\/ld+json\" class=\"yoast-schema-graph\">{\"@context\":\"https:\/\/schema.org\",\"@graph\":[{\"@type\":\"WebPage\",\"@id\":\"https:\/\/www.professionalbyfama.com\/es\/color\/new-blondher-sistema-de-blanqueo\/blondher-lightening\/\",\"url\":\"https:\/\/www.professionalbyfama.com\/es\/color\/new-blondher-sistema-de-blanqueo\/blondher-lightening\/\",\"name\":\"Cura della Struttura dei Capelli | Professional By Fama\",\"isPartOf\":{\"@id\":\"https:\/\/www.professionalbyfama.com\/#website\"},\"datePublished\":\"2021-09-20T15:06:50+00:00\",\"dateModified\":\"2023-06-27T14:25:56+00:00\",\"description\":\"Scopri la nostra selezione dei migliori prodotti per la cura della struttura dei capelli: fiale con fluido ristrutturante, maschere e lozioni riparatrici.\",\"breadcrumb\":{\"@id\":\"https:\/\/www.professionalbyfama.com\/es\/color\/new-blondher-sistema-de-blanqueo\/blondher-lightening\/#breadcrumb\"},\"inLanguage\":\"es-ES\",\"potentialAction\":[{\"@type\":\"ReadAction\",\"target\":[\"https:\/\/www.professionalbyfama.com\/es\/color\/new-blondher-sistema-de-blanqueo\/blondher-lightening\/\"]}]},{\"@type\":\"BreadcrumbList\",\"@id\":\"https:\/\/www.professionalbyfama.com\/es\/color\/new-blondher-sistema-de-blanqueo\/blondher-lightening\/#breadcrumb\",\"itemListElement\":[{\"@type\":\"ListItem\",\"position\":1,\"name\":\"Home\",\"item\":\"https:\/\/www.professionalbyfama.com\/es\/\"},{\"@type\":\"ListItem\",\"position\":2,\"name\":\"Color\",\"item\":\"https:\/\/www.professionalbyfama.com\/es\/color\/\"},{\"@type\":\"ListItem\",\"position\":3,\"name\":\"NEW BLONDHER SISTEMA DE BLANQUEO\",\"item\":\"https:\/\/www.professionalbyfama.com\/es\/color\/new-blondher-sistema-de-blanqueo\/\"},{\"@type\":\"ListItem\",\"position\":4,\"name\":\"Blondher Lightening\"}]},{\"@type\":\"WebSite\",\"@id\":\"https:\/\/www.professionalbyfama.com\/#website\",\"url\":\"https:\/\/www.professionalbyfama.com\/\",\"name\":\"Professional By Fama\",\"description\":\"\",\"publisher\":{\"@id\":\"https:\/\/www.professionalbyfama.com\/#organization\"},\"potentialAction\":[{\"@type\":\"SearchAction\",\"target\":{\"@type\":\"EntryPoint\",\"urlTemplate\":\"https:\/\/www.professionalbyfama.com\/?s={search_term_string}\"},\"query-input\":{\"@type\":\"PropertyValueSpecification\",\"valueRequired\":true,\"valueName\":\"search_term_string\"}}],\"inLanguage\":\"es-ES\"},{\"@type\":\"Organization\",\"@id\":\"https:\/\/www.professionalbyfama.com\/#organization\",\"name\":\"Professional By Fama\",\"url\":\"https:\/\/www.professionalbyfama.com\/\",\"logo\":{\"@type\":\"ImageObject\",\"inLanguage\":\"es-ES\",\"@id\":\"https:\/\/www.professionalbyfama.com\/#\/schema\/logo\/image\/\",\"url\":\"https:\/\/www.professionalbyfama.com\/wp-content\/uploads\/2020\/03\/logo.png\",\"contentUrl\":\"https:\/\/www.professionalbyfama.com\/wp-content\/uploads\/2020\/03\/logo.png\",\"width\":285,\"height\":88,\"caption\":\"Professional By Fama\"},\"image\":{\"@id\":\"https:\/\/www.professionalbyfama.com\/#\/schema\/logo\/image\/\"},\"sameAs\":[\"https:\/\/www.facebook.com\/ProfessionalByFamaItaly\/\",\"https:\/\/x.com\/by_fama\",\"https:\/\/www.instagram.com\/professionalbyfama\/\",\"https:\/\/it.linkedin.com\/company\/professional-by-fama\",\"https:\/\/www.youtube.com\/channel\/UC42gR3dWsu9TM5yjTVJlxdA\"]}]}<\/script>\n<!-- \/ Yoast SEO plugin. -->","yoast_head_json":{"title":"Cura della Struttura dei Capelli | Professional By Fama","description":"Scopri la nostra selezione dei migliori prodotti per la cura della struttura dei capelli: fiale con fluido ristrutturante, maschere e lozioni riparatrici.","robots":{"index":"index","follow":"follow","max-snippet":"max-snippet:-1","max-image-preview":"max-image-preview:large","max-video-preview":"max-video-preview:-1"},"canonical":"https:\/\/www.professionalbyfama.com\/es\/color\/new-blondher-sistema-de-blanqueo\/blondher-lightening\/","og_locale":"es_ES","og_type":"article","og_title":"Cura della Struttura dei Capelli | Professional By Fama","og_description":"Scopri la nostra selezione dei migliori prodotti per la cura della struttura dei capelli: fiale con fluido ristrutturante, maschere e lozioni riparatrici.","og_url":"https:\/\/www.professionalbyfama.com\/es\/color\/new-blondher-sistema-de-blanqueo\/blondher-lightening\/","og_site_name":"Professional By Fama","article_publisher":"https:\/\/www.facebook.com\/ProfessionalByFamaItaly\/","article_modified_time":"2023-06-27T14:25:56+00:00","twitter_card":"summary_large_image","twitter_site":"@by_fama","twitter_misc":{"Est. reading time":"2 minutes"},"schema":{"@context":"https:\/\/schema.org","@graph":[{"@type":"WebPage","@id":"https:\/\/www.professionalbyfama.com\/es\/color\/new-blondher-sistema-de-blanqueo\/blondher-lightening\/","url":"https:\/\/www.professionalbyfama.com\/es\/color\/new-blondher-sistema-de-blanqueo\/blondher-lightening\/","name":"Cura della Struttura dei Capelli | Professional By Fama","isPartOf":{"@id":"https:\/\/www.professionalbyfama.com\/#website"},"datePublished":"2021-09-20T15:06:50+00:00","dateModified":"2023-06-27T14:25:56+00:00","description":"Scopri la nostra selezione dei migliori prodotti per la cura della struttura dei capelli: fiale con fluido ristrutturante, maschere e lozioni riparatrici.","breadcrumb":{"@id":"https:\/\/www.professionalbyfama.com\/es\/color\/new-blondher-sistema-de-blanqueo\/blondher-lightening\/#breadcrumb"},"inLanguage":"es-ES","potentialAction":[{"@type":"ReadAction","target":["https:\/\/www.professionalbyfama.com\/es\/color\/new-blondher-sistema-de-blanqueo\/blondher-lightening\/"]}]},{"@type":"BreadcrumbList","@id":"https:\/\/www.professionalbyfama.com\/es\/color\/new-blondher-sistema-de-blanqueo\/blondher-lightening\/#breadcrumb","itemListElement":[{"@type":"ListItem","position":1,"name":"Home","item":"https:\/\/www.professionalbyfama.com\/es\/"},{"@type":"ListItem","position":2,"name":"Color","item":"https:\/\/www.professionalbyfama.com\/es\/color\/"},{"@type":"ListItem","position":3,"name":"NEW BLONDHER SISTEMA DE BLANQUEO","item":"https:\/\/www.professionalbyfama.com\/es\/color\/new-blondher-sistema-de-blanqueo\/"},{"@type":"ListItem","position":4,"name":"Blondher Lightening"}]},{"@type":"WebSite","@id":"https:\/\/www.professionalbyfama.com\/#website","url":"https:\/\/www.professionalbyfama.com\/","name":"Professional By Fama","description":"","publisher":{"@id":"https:\/\/www.professionalbyfama.com\/#organization"},"potentialAction":[{"@type":"SearchAction","target":{"@type":"EntryPoint","urlTemplate":"https:\/\/www.professionalbyfama.com\/?s={search_term_string}"},"query-input":{"@type":"PropertyValueSpecification","valueRequired":true,"valueName":"search_term_string"}}],"inLanguage":"es-ES"},{"@type":"Organization","@id":"https:\/\/www.professionalbyfama.com\/#organization","name":"Professional By Fama","url":"https:\/\/www.professionalbyfama.com\/","logo":{"@type":"ImageObject","inLanguage":"es-ES","@id":"https:\/\/www.professionalbyfama.com\/#\/schema\/logo\/image\/","url":"https:\/\/www.professionalbyfama.com\/wp-content\/uploads\/2020\/03\/logo.png","contentUrl":"https:\/\/www.professionalbyfama.com\/wp-content\/uploads\/2020\/03\/logo.png","width":285,"height":88,"caption":"Professional By Fama"},"image":{"@id":"https:\/\/www.professionalbyfama.com\/#\/schema\/logo\/image\/"},"sameAs":["https:\/\/www.facebook.com\/ProfessionalByFamaItaly\/","https:\/\/x.com\/by_fama","https:\/\/www.instagram.com\/professionalbyfama\/","https:\/\/it.linkedin.com\/company\/professional-by-fama","https:\/\/www.youtube.com\/channel\/UC42gR3dWsu9TM5yjTVJlxdA"]}]}},"_links":{"self":[{"href":"https:\/\/www.professionalbyfama.com\/es\/wp-json\/wp\/v2\/pages\/109187","targetHints":{"allow":["GET"]}}],"collection":[{"href":"https:\/\/www.professionalbyfama.com\/es\/wp-json\/wp\/v2\/pages"}],"about":[{"href":"https:\/\/www.professionalbyfama.com\/es\/wp-json\/wp\/v2\/types\/page"}],"author":[{"embeddable":true,"href":"https:\/\/www.professionalbyfama.com\/es\/wp-json\/wp\/v2\/users\/2"}],"replies":[{"embeddable":true,"href":"https:\/\/www.professionalbyfama.com\/es\/wp-json\/wp\/v2\/comments?post=109187"}],"version-history":[{"count":7,"href":"https:\/\/www.professionalbyfama.com\/es\/wp-json\/wp\/v2\/pages\/109187\/revisions"}],"predecessor-version":[{"id":149631,"href":"https:\/\/www.professionalbyfama.com\/es\/wp-json\/wp\/v2\/pages\/109187\/revisions\/149631"}],"up":[{"embeddable":true,"href":"https:\/\/www.professionalbyfama.com\/es\/wp-json\/wp\/v2\/pages\/86329"}],"wp:attachment":[{"href":"https:\/\/www.professionalbyfama.com\/es\/wp-json\/wp\/v2\/media?parent=109187"}],"curies":[{"name":"wp","href":"https:\/\/api.w.org\/{rel}","templated":true}]}}