{"id":182342,"date":"2025-05-30T09:31:29","date_gmt":"2025-05-30T07:31:29","guid":{"rendered":"https:\/\/www.professionalbyfama.com\/?post_type=product&#038;p=182342"},"modified":"2025-06-30T12:03:40","modified_gmt":"2025-06-30T10:03:40","slug":"galactic-shape","status":"publish","type":"product","link":"https:\/\/www.professionalbyfama.com\/en\/product\/galactic-shape\/","title":{"rendered":"Galactic shape"},"content":{"rendered":"","protected":false},"excerpt":{"rendered":"<h3>NON \u00c8 UNA CERA. NON \u00c8 UN GEL. \u00c8 UN\u2019ALTRA DIMENSIONE.<br \/>\nPASTA LEGGERA CON TENUTA FLESSIBILE A ZERO RESIDUI! NESSUN LIMITE.<\/h3>\n<p><img loading=\"lazy\" decoding=\"async\" class=\"alignnone size-full wp-image-174940\" style=\"max-width: 320px; height: 76px; object-position: left center; object-fit: contain;\" src=\"https:\/\/www.professionalbyfama.com\/wp-content\/uploads\/2025\/05\/2-bollini.jpg\" alt=\"\" width=\"1200\" height=\"242\" \/><\/p>\n<p><strong>BENEFICI<\/strong><\/p>\n<ul style=\"text-transform: uppercase; list-style-type: disc; margin-left: 20px;\">\n<li>Finish naturale e brillante.<\/li>\n<li>Equilibrio perfetto: un tocco di grip senza \u00a0 effetto rigido.<\/li>\n<li>Texture vellutata, piacevole al tatto, rilavorabile.<\/li>\n<li>Ideale per qualsiasi lunghezza e texture.<\/li>\n<li>Mantiene il capello morbido senza seccarlo.<\/li>\n<li>Modella la forma dei capelli e leviga le punte.<\/li>\n<\/ul>\n<p><strong>USO<br \/>\n<\/strong>Massaggia il prodotto tra le mani e applica sui capelli asciutti per definire lo styling. Ideale per tutti i tipi di capello.<\/p>\n<p><b>Indice di tenuta 3<br \/>\n<\/b><b>PH 6.5-7<br \/>\n<\/b>Flacone 50 ml<\/p>\n<p><a id=\"tabelladiriciclo\"><\/a><br \/>\n<img loading=\"lazy\" decoding=\"async\" class=\"alignnone size-full wp-image-156339\" style=\"width: 240px; height: auto;\" src=\"https:\/\/www.professionalbyfama.com\/wp-content\/uploads\/2025\/05\/GALACTIC-SHAPE-1.png\" alt=\"\" width=\"600\" height=\"317\" \/><\/p>\n","protected":false},"featured_media":182349,"comment_status":"closed","ping_status":"closed","template":"","meta":{"_acf_changed":false},"product_brand":[],"product_cat":[309],"product_tag":[],"class_list":{"0":"post-182342","1":"product","2":"type-product","3":"status-publish","4":"has-post-thumbnail","6":"product_cat-surfs-up","8":"first","9":"instock","10":"shipping-taxable","11":"product-type-simple"},"acf":[],"yoast_head":"<!-- This site is optimized with the Yoast SEO plugin v25.5 - https:\/\/yoast.com\/wordpress\/plugins\/seo\/ -->\n<title>Galactic shape | Professional By Fama<\/title>\n<meta name=\"robots\" content=\"index, follow, max-snippet:-1, max-image-preview:large, max-video-preview:-1\" \/>\n<link rel=\"canonical\" href=\"https:\/\/www.professionalbyfama.com\/prodotto\/galactic-shape\/\" \/>\n<meta property=\"og:locale\" content=\"en_US\" \/>\n<meta property=\"og:type\" content=\"article\" \/>\n<meta property=\"og:title\" content=\"Galactic shape | Professional By Fama\" \/>\n<meta property=\"og:description\" content=\"NON \u00c8 UNA CERA. NON \u00c8 UN GEL. \u00c8 UN\u2019ALTRA DIMENSIONE. PASTA LEGGERA CON TENUTA FLESSIBILE A ZERO RESIDUI! NESSUN LIMITE.   BENEFICI   Finish naturale e brillante.  Equilibrio perfetto: un tocco di grip senza \u00a0 effetto rigido.  Texture vellutata, piacevole al tatto, rilavorabile.  Ideale per qualsiasi lunghezza e texture.  Mantiene il capello morbido senza seccarlo.  Modella la forma dei capelli e leviga le punte.  USO Massaggia il prodotto tra le mani e applica sui capelli asciutti per definire lo styling. Ideale per tutti i tipi di capello.  Indice di tenuta 3 PH 6.5-7 Flacone 50 ml\" \/>\n<meta property=\"og:url\" content=\"https:\/\/www.professionalbyfama.com\/prodotto\/galactic-shape\/\" \/>\n<meta property=\"og:site_name\" content=\"Professional By Fama\" \/>\n<meta property=\"article:publisher\" content=\"https:\/\/www.facebook.com\/ProfessionalByFamaItaly\/\" \/>\n<meta property=\"article:modified_time\" content=\"2025-06-30T10:03:40+00:00\" \/>\n<meta property=\"og:image\" content=\"https:\/\/www.professionalbyfama.com\/wp-content\/uploads\/2025\/05\/GALACTIC-SHAPE.png\" \/>\n\t<meta property=\"og:image:width\" content=\"1200\" \/>\n\t<meta property=\"og:image:height\" content=\"1200\" \/>\n\t<meta property=\"og:image:type\" content=\"image\/png\" \/>\n<meta name=\"twitter:card\" content=\"summary_large_image\" \/>\n<meta name=\"twitter:site\" content=\"@by_fama\" \/>\n<meta name=\"twitter:label1\" content=\"Est. reading time\" \/>\n\t<meta name=\"twitter:data1\" content=\"1 minute\" \/>\n<script type=\"application\/ld+json\" class=\"yoast-schema-graph\">{\"@context\":\"https:\/\/schema.org\",\"@graph\":[{\"@type\":\"WebPage\",\"@id\":\"https:\/\/www.professionalbyfama.com\/prodotto\/galactic-shape\/\",\"url\":\"https:\/\/www.professionalbyfama.com\/prodotto\/galactic-shape\/\",\"name\":\"Galactic shape | Professional By Fama\",\"isPartOf\":{\"@id\":\"https:\/\/www.professionalbyfama.com\/#website\"},\"primaryImageOfPage\":{\"@id\":\"https:\/\/www.professionalbyfama.com\/prodotto\/galactic-shape\/#primaryimage\"},\"image\":{\"@id\":\"https:\/\/www.professionalbyfama.com\/prodotto\/galactic-shape\/#primaryimage\"},\"thumbnailUrl\":\"https:\/\/www.professionalbyfama.com\/wp-content\/uploads\/2025\/05\/GALACTIC-SHAPE.png\",\"datePublished\":\"2025-05-30T07:31:29+00:00\",\"dateModified\":\"2025-06-30T10:03:40+00:00\",\"breadcrumb\":{\"@id\":\"https:\/\/www.professionalbyfama.com\/prodotto\/galactic-shape\/#breadcrumb\"},\"inLanguage\":\"en-US\",\"potentialAction\":[{\"@type\":\"ReadAction\",\"target\":[\"https:\/\/www.professionalbyfama.com\/prodotto\/galactic-shape\/\"]}]},{\"@type\":\"ImageObject\",\"inLanguage\":\"en-US\",\"@id\":\"https:\/\/www.professionalbyfama.com\/prodotto\/galactic-shape\/#primaryimage\",\"url\":\"https:\/\/www.professionalbyfama.com\/wp-content\/uploads\/2025\/05\/GALACTIC-SHAPE.png\",\"contentUrl\":\"https:\/\/www.professionalbyfama.com\/wp-content\/uploads\/2025\/05\/GALACTIC-SHAPE.png\",\"width\":1200,\"height\":1200,\"caption\":\"Galactic shape\"},{\"@type\":\"BreadcrumbList\",\"@id\":\"https:\/\/www.professionalbyfama.com\/prodotto\/galactic-shape\/#breadcrumb\",\"itemListElement\":[{\"@type\":\"ListItem\",\"position\":1,\"name\":\"Home\",\"item\":\"https:\/\/www.professionalbyfama.com\/en\/\"},{\"@type\":\"ListItem\",\"position\":2,\"name\":\"Shop\",\"item\":\"https:\/\/www.professionalbyfama.com\/en\/shop\/\"},{\"@type\":\"ListItem\",\"position\":3,\"name\":\"Galactic shape\"}]},{\"@type\":\"WebSite\",\"@id\":\"https:\/\/www.professionalbyfama.com\/#website\",\"url\":\"https:\/\/www.professionalbyfama.com\/\",\"name\":\"Professional By Fama\",\"description\":\"Left Aligned\",\"publisher\":{\"@id\":\"https:\/\/www.professionalbyfama.com\/#organization\"},\"potentialAction\":[{\"@type\":\"SearchAction\",\"target\":{\"@type\":\"EntryPoint\",\"urlTemplate\":\"https:\/\/www.professionalbyfama.com\/?s={search_term_string}\"},\"query-input\":{\"@type\":\"PropertyValueSpecification\",\"valueRequired\":true,\"valueName\":\"search_term_string\"}}],\"inLanguage\":\"en-US\"},{\"@type\":\"Organization\",\"@id\":\"https:\/\/www.professionalbyfama.com\/#organization\",\"name\":\"Professional By Fama\",\"url\":\"https:\/\/www.professionalbyfama.com\/\",\"logo\":{\"@type\":\"ImageObject\",\"inLanguage\":\"en-US\",\"@id\":\"https:\/\/www.professionalbyfama.com\/#\/schema\/logo\/image\/\",\"url\":\"https:\/\/www.professionalbyfama.com\/wp-content\/uploads\/2020\/03\/logo.png\",\"contentUrl\":\"https:\/\/www.professionalbyfama.com\/wp-content\/uploads\/2020\/03\/logo.png\",\"width\":285,\"height\":88,\"caption\":\"Professional By Fama\"},\"image\":{\"@id\":\"https:\/\/www.professionalbyfama.com\/#\/schema\/logo\/image\/\"},\"sameAs\":[\"https:\/\/www.facebook.com\/ProfessionalByFamaItaly\/\",\"https:\/\/x.com\/by_fama\",\"https:\/\/www.instagram.com\/professionalbyfama\/\",\"https:\/\/it.linkedin.com\/company\/professional-by-fama\",\"https:\/\/www.youtube.com\/channel\/UC42gR3dWsu9TM5yjTVJlxdA\"]}]}<\/script>\n<!-- \/ Yoast SEO plugin. -->","yoast_head_json":{"title":"Galactic shape | Professional By Fama","robots":{"index":"index","follow":"follow","max-snippet":"max-snippet:-1","max-image-preview":"max-image-preview:large","max-video-preview":"max-video-preview:-1"},"canonical":"https:\/\/www.professionalbyfama.com\/prodotto\/galactic-shape\/","og_locale":"en_US","og_type":"article","og_title":"Galactic shape | Professional By Fama","og_description":"NON \u00c8 UNA CERA. NON \u00c8 UN GEL. \u00c8 UN\u2019ALTRA DIMENSIONE. PASTA LEGGERA CON TENUTA FLESSIBILE A ZERO RESIDUI! NESSUN LIMITE.   BENEFICI   Finish naturale e brillante.  Equilibrio perfetto: un tocco di grip senza \u00a0 effetto rigido.  Texture vellutata, piacevole al tatto, rilavorabile.  Ideale per qualsiasi lunghezza e texture.  Mantiene il capello morbido senza seccarlo.  Modella la forma dei capelli e leviga le punte.  USO Massaggia il prodotto tra le mani e applica sui capelli asciutti per definire lo styling. Ideale per tutti i tipi di capello.  Indice di tenuta 3 PH 6.5-7 Flacone 50 ml","og_url":"https:\/\/www.professionalbyfama.com\/prodotto\/galactic-shape\/","og_site_name":"Professional By Fama","article_publisher":"https:\/\/www.facebook.com\/ProfessionalByFamaItaly\/","article_modified_time":"2025-06-30T10:03:40+00:00","og_image":[{"width":1200,"height":1200,"url":"https:\/\/www.professionalbyfama.com\/wp-content\/uploads\/2025\/05\/GALACTIC-SHAPE.png","type":"image\/png"}],"twitter_card":"summary_large_image","twitter_site":"@by_fama","twitter_misc":{"Est. reading time":"1 minute"},"schema":{"@context":"https:\/\/schema.org","@graph":[{"@type":"WebPage","@id":"https:\/\/www.professionalbyfama.com\/prodotto\/galactic-shape\/","url":"https:\/\/www.professionalbyfama.com\/prodotto\/galactic-shape\/","name":"Galactic shape | Professional By Fama","isPartOf":{"@id":"https:\/\/www.professionalbyfama.com\/#website"},"primaryImageOfPage":{"@id":"https:\/\/www.professionalbyfama.com\/prodotto\/galactic-shape\/#primaryimage"},"image":{"@id":"https:\/\/www.professionalbyfama.com\/prodotto\/galactic-shape\/#primaryimage"},"thumbnailUrl":"https:\/\/www.professionalbyfama.com\/wp-content\/uploads\/2025\/05\/GALACTIC-SHAPE.png","datePublished":"2025-05-30T07:31:29+00:00","dateModified":"2025-06-30T10:03:40+00:00","breadcrumb":{"@id":"https:\/\/www.professionalbyfama.com\/prodotto\/galactic-shape\/#breadcrumb"},"inLanguage":"en-US","potentialAction":[{"@type":"ReadAction","target":["https:\/\/www.professionalbyfama.com\/prodotto\/galactic-shape\/"]}]},{"@type":"ImageObject","inLanguage":"en-US","@id":"https:\/\/www.professionalbyfama.com\/prodotto\/galactic-shape\/#primaryimage","url":"https:\/\/www.professionalbyfama.com\/wp-content\/uploads\/2025\/05\/GALACTIC-SHAPE.png","contentUrl":"https:\/\/www.professionalbyfama.com\/wp-content\/uploads\/2025\/05\/GALACTIC-SHAPE.png","width":1200,"height":1200,"caption":"Galactic shape"},{"@type":"BreadcrumbList","@id":"https:\/\/www.professionalbyfama.com\/prodotto\/galactic-shape\/#breadcrumb","itemListElement":[{"@type":"ListItem","position":1,"name":"Home","item":"https:\/\/www.professionalbyfama.com\/en\/"},{"@type":"ListItem","position":2,"name":"Shop","item":"https:\/\/www.professionalbyfama.com\/en\/shop\/"},{"@type":"ListItem","position":3,"name":"Galactic shape"}]},{"@type":"WebSite","@id":"https:\/\/www.professionalbyfama.com\/#website","url":"https:\/\/www.professionalbyfama.com\/","name":"Professional By Fama","description":"Left Aligned","publisher":{"@id":"https:\/\/www.professionalbyfama.com\/#organization"},"potentialAction":[{"@type":"SearchAction","target":{"@type":"EntryPoint","urlTemplate":"https:\/\/www.professionalbyfama.com\/?s={search_term_string}"},"query-input":{"@type":"PropertyValueSpecification","valueRequired":true,"valueName":"search_term_string"}}],"inLanguage":"en-US"},{"@type":"Organization","@id":"https:\/\/www.professionalbyfama.com\/#organization","name":"Professional By Fama","url":"https:\/\/www.professionalbyfama.com\/","logo":{"@type":"ImageObject","inLanguage":"en-US","@id":"https:\/\/www.professionalbyfama.com\/#\/schema\/logo\/image\/","url":"https:\/\/www.professionalbyfama.com\/wp-content\/uploads\/2020\/03\/logo.png","contentUrl":"https:\/\/www.professionalbyfama.com\/wp-content\/uploads\/2020\/03\/logo.png","width":285,"height":88,"caption":"Professional By Fama"},"image":{"@id":"https:\/\/www.professionalbyfama.com\/#\/schema\/logo\/image\/"},"sameAs":["https:\/\/www.facebook.com\/ProfessionalByFamaItaly\/","https:\/\/x.com\/by_fama","https:\/\/www.instagram.com\/professionalbyfama\/","https:\/\/it.linkedin.com\/company\/professional-by-fama","https:\/\/www.youtube.com\/channel\/UC42gR3dWsu9TM5yjTVJlxdA"]}]}},"_links":{"self":[{"href":"https:\/\/www.professionalbyfama.com\/en\/wp-json\/wp\/v2\/product\/182342","targetHints":{"allow":["GET"]}}],"collection":[{"href":"https:\/\/www.professionalbyfama.com\/en\/wp-json\/wp\/v2\/product"}],"about":[{"href":"https:\/\/www.professionalbyfama.com\/en\/wp-json\/wp\/v2\/types\/product"}],"replies":[{"embeddable":true,"href":"https:\/\/www.professionalbyfama.com\/en\/wp-json\/wp\/v2\/comments?post=182342"}],"wp:featuredmedia":[{"embeddable":true,"href":"https:\/\/www.professionalbyfama.com\/en\/wp-json\/wp\/v2\/media\/182349"}],"wp:attachment":[{"href":"https:\/\/www.professionalbyfama.com\/en\/wp-json\/wp\/v2\/media?parent=182342"}],"wp:term":[{"taxonomy":"product_brand","embeddable":true,"href":"https:\/\/www.professionalbyfama.com\/en\/wp-json\/wp\/v2\/product_brand?post=182342"},{"taxonomy":"product_cat","embeddable":true,"href":"https:\/\/www.professionalbyfama.com\/en\/wp-json\/wp\/v2\/product_cat?post=182342"},{"taxonomy":"product_tag","embeddable":true,"href":"https:\/\/www.professionalbyfama.com\/en\/wp-json\/wp\/v2\/product_tag?post=182342"}],"curies":[{"name":"wp","href":"https:\/\/api.w.org\/{rel}","templated":true}]}}